{"id":1158,"date":"2019-12-17T12:03:22","date_gmt":"2019-12-17T11:03:22","guid":{"rendered":"http:\/\/langlegal.be\/?page_id=1158"},"modified":"2019-12-17T12:03:22","modified_gmt":"2019-12-17T11:03:22","slug":"none","status":"publish","type":"page","link":"https:\/\/langlegal.be\/index.php\/none\/","title":{"rendered":"none"},"content":{"rendered":"","protected":false},"excerpt":{"rendered":"","protected":false},"author":1,"featured_media":0,"parent":0,"menu_order":0,"comment_status":"closed","ping_status":"closed","template":"","meta":{"_acf_changed":false,"footnotes":""},"class_list":["post-1158","page","type-page","status-publish","hentry"],"acf":[],"rise-blocks_excerpt":"","yoast_head":"<!-- This site is optimized with the Yoast SEO plugin v26.1.1 - https:\/\/yoast.com\/wordpress\/plugins\/seo\/ -->\n<title>none | LANG LEGAL<\/title>\n<meta name=\"robots\" content=\"index, follow, max-snippet:-1, max-image-preview:large, max-video-preview:-1\" \/>\n<link rel=\"canonical\" href=\"https:\/\/langlegal.be\/index.php\/none\/\" \/>\n<meta property=\"og:locale\" content=\"fr_FR\" \/>\n<meta property=\"og:type\" content=\"article\" \/>\n<meta property=\"og:title\" content=\"none | LANG LEGAL\" \/>\n<meta property=\"og:url\" content=\"https:\/\/langlegal.be\/index.php\/none\/\" \/>\n<meta property=\"og:site_name\" content=\"LANG LEGAL\" \/>\n<meta name=\"twitter:card\" content=\"summary_large_image\" \/>\n<script type=\"application\/ld+json\" class=\"yoast-schema-graph\">{\"@context\":\"https:\/\/schema.org\",\"@graph\":[{\"@type\":\"WebPage\",\"@id\":\"https:\/\/langlegal.be\/index.php\/none\/\",\"url\":\"https:\/\/langlegal.be\/index.php\/none\/\",\"name\":\"none | LANG LEGAL\",\"isPartOf\":{\"@id\":\"https:\/\/langlegal.be\/#website\"},\"datePublished\":\"2019-12-17T11:03:22+00:00\",\"breadcrumb\":{\"@id\":\"https:\/\/langlegal.be\/index.php\/none\/#breadcrumb\"},\"inLanguage\":\"fr-FR\",\"potentialAction\":[{\"@type\":\"ReadAction\",\"target\":[\"https:\/\/langlegal.be\/index.php\/none\/\"]}]},{\"@type\":\"BreadcrumbList\",\"@id\":\"https:\/\/langlegal.be\/index.php\/none\/#breadcrumb\",\"itemListElement\":[{\"@type\":\"ListItem\",\"position\":1,\"name\":\"Accueil\",\"item\":\"http:\/\/langlegal.be\/\"},{\"@type\":\"ListItem\",\"position\":2,\"name\":\"none\"}]},{\"@type\":\"WebSite\",\"@id\":\"https:\/\/langlegal.be\/#website\",\"url\":\"https:\/\/langlegal.be\/\",\"name\":\"LANG LEGAL | Cabinet de droit fiscal\",\"description\":\"Cabinet de droit fiscal\",\"potentialAction\":[{\"@type\":\"SearchAction\",\"target\":{\"@type\":\"EntryPoint\",\"urlTemplate\":\"https:\/\/langlegal.be\/?s={search_term_string}\"},\"query-input\":{\"@type\":\"PropertyValueSpecification\",\"valueRequired\":true,\"valueName\":\"search_term_string\"}}],\"inLanguage\":\"fr-FR\"}]}<\/script>\n<!-- \/ Yoast SEO plugin. -->","yoast_head_json":{"title":"none | LANG LEGAL","robots":{"index":"index","follow":"follow","max-snippet":"max-snippet:-1","max-image-preview":"max-image-preview:large","max-video-preview":"max-video-preview:-1"},"canonical":"https:\/\/langlegal.be\/index.php\/none\/","og_locale":"fr_FR","og_type":"article","og_title":"none | LANG LEGAL","og_url":"https:\/\/langlegal.be\/index.php\/none\/","og_site_name":"LANG LEGAL","twitter_card":"summary_large_image","schema":{"@context":"https:\/\/schema.org","@graph":[{"@type":"WebPage","@id":"https:\/\/langlegal.be\/index.php\/none\/","url":"https:\/\/langlegal.be\/index.php\/none\/","name":"none | LANG LEGAL","isPartOf":{"@id":"https:\/\/langlegal.be\/#website"},"datePublished":"2019-12-17T11:03:22+00:00","breadcrumb":{"@id":"https:\/\/langlegal.be\/index.php\/none\/#breadcrumb"},"inLanguage":"fr-FR","potentialAction":[{"@type":"ReadAction","target":["https:\/\/langlegal.be\/index.php\/none\/"]}]},{"@type":"BreadcrumbList","@id":"https:\/\/langlegal.be\/index.php\/none\/#breadcrumb","itemListElement":[{"@type":"ListItem","position":1,"name":"Accueil","item":"http:\/\/langlegal.be\/"},{"@type":"ListItem","position":2,"name":"none"}]},{"@type":"WebSite","@id":"https:\/\/langlegal.be\/#website","url":"https:\/\/langlegal.be\/","name":"LANG LEGAL | Cabinet de droit fiscal","description":"Cabinet de droit fiscal","potentialAction":[{"@type":"SearchAction","target":{"@type":"EntryPoint","urlTemplate":"https:\/\/langlegal.be\/?s={search_term_string}"},"query-input":{"@type":"PropertyValueSpecification","valueRequired":true,"valueName":"search_term_string"}}],"inLanguage":"fr-FR"}]}},"jetpack_sharing_enabled":true,"jetpack_shortlink":"https:\/\/wp.me\/P8S14n-iG","jetpack-related-posts":[{"id":9,"url":"https:\/\/langlegal.be\/index.php\/publications\/","url_meta":{"origin":1158,"position":0},"title":"Publications","author":"Lang Legal","date":"23 juin 2017","format":false,"excerpt":"Publications : 2025\/12 - E.-G. Lang, \"La non-d\u00e9ductibilit\u00e9 des pertes fiscales en cas de redressement : ce dispositif qui devrait \u00eatre limit\u00e9 au seul calcul des accroissements ?\", R.G.F.C.P., 2025\/10, pp. 37-44. 2023\/01 - E.-G. Lang, \"L\u2019exon\u00e9ration du pr\u00e9compte immobilier pour improductivit\u00e9 en R\u00e9gion bruxelloise : retour sur sa lente\u2026","rel":"","context":"Article similaire","block_context":{"text":"Article similaire","link":""},"img":{"alt_text":"Eric-G\u00e9rald Lang - avocat - lawyer - droit fiscal - tax law - gratuit - free - publications","src":"https:\/\/i0.wp.com\/langlegal.be\/wp-content\/uploads\/2017\/06\/Eric-G%C3%A9rald-Lang-avocat-lawyer-droit-fiscal-tax-law-gratuit-free-publications.jpg?fit=1024%2C768&ssl=1&resize=350%2C200","width":350,"height":200,"srcset":"https:\/\/i0.wp.com\/langlegal.be\/wp-content\/uploads\/2017\/06\/Eric-G%C3%A9rald-Lang-avocat-lawyer-droit-fiscal-tax-law-gratuit-free-publications.jpg?fit=1024%2C768&ssl=1&resize=350%2C200 1x, https:\/\/i0.wp.com\/langlegal.be\/wp-content\/uploads\/2017\/06\/Eric-G%C3%A9rald-Lang-avocat-lawyer-droit-fiscal-tax-law-gratuit-free-publications.jpg?fit=1024%2C768&ssl=1&resize=525%2C300 1.5x, https:\/\/i0.wp.com\/langlegal.be\/wp-content\/uploads\/2017\/06\/Eric-G%C3%A9rald-Lang-avocat-lawyer-droit-fiscal-tax-law-gratuit-free-publications.jpg?fit=1024%2C768&ssl=1&resize=700%2C400 2x"},"classes":[]}],"_links":{"self":[{"href":"https:\/\/langlegal.be\/index.php\/wp-json\/wp\/v2\/pages\/1158","targetHints":{"allow":["GET"]}}],"collection":[{"href":"https:\/\/langlegal.be\/index.php\/wp-json\/wp\/v2\/pages"}],"about":[{"href":"https:\/\/langlegal.be\/index.php\/wp-json\/wp\/v2\/types\/page"}],"author":[{"embeddable":true,"href":"https:\/\/langlegal.be\/index.php\/wp-json\/wp\/v2\/users\/1"}],"replies":[{"embeddable":true,"href":"https:\/\/langlegal.be\/index.php\/wp-json\/wp\/v2\/comments?post=1158"}],"version-history":[{"count":1,"href":"https:\/\/langlegal.be\/index.php\/wp-json\/wp\/v2\/pages\/1158\/revisions"}],"predecessor-version":[{"id":1160,"href":"https:\/\/langlegal.be\/index.php\/wp-json\/wp\/v2\/pages\/1158\/revisions\/1160"}],"wp:attachment":[{"href":"https:\/\/langlegal.be\/index.php\/wp-json\/wp\/v2\/media?parent=1158"}],"curies":[{"name":"wp","href":"https:\/\/api.w.org\/{rel}","templated":true}]}}