{"id":12,"date":"2017-06-23T14:16:45","date_gmt":"2017-06-23T13:16:45","guid":{"rendered":"http:\/\/langlegal.be\/?page_id=12"},"modified":"2025-03-30T14:36:23","modified_gmt":"2025-03-30T12:36:23","slug":"matieres","status":"publish","type":"page","link":"https:\/\/langlegal.be\/index.php\/matieres\/","title":{"rendered":"Expertise"},"content":{"rendered":"\n<p>Fort d&rsquo;une expertise de plus de <span style=\"color: #78161a;\"><strong>15 ans<\/strong><\/span> dans le domaine, LANG LEGAL est exclusivement centr\u00e9 sur la pratique du <span style=\"color: #78161a;\"><strong>droit fiscal<\/strong><\/span>, particuli\u00e8rement la <span style=\"color: #78161a;\"><strong>fiscalit\u00e9 des affaires<\/strong><\/span>.<\/p>\n\n\n\n<p>Ayant pratiqu\u00e9 tant les imp\u00f4ts directs qu&rsquo;indirects, notre objectif est d&rsquo;appr\u00e9hender chaque transaction dans la <span style=\"color: #78161a;\"><strong>globalit\u00e9<\/strong><\/span> de ses cons\u00e9quences fiscales actuelles et futures.<\/p>\n\n\n\n<p>Outre cette pratique transversale, nous avons d\u00e9velopp\u00e9 une <span style=\"color: #78161a;\"><strong>exp\u00e9rience plus particuli\u00e8re<\/strong><\/span> dans les domaines suivants :<\/p>\n\n\n\n<ul class=\"wp-block-list\">\n<li><span style=\"color: #78161a;\"><strong>Imp\u00f4t des soci\u00e9t\u00e9s<\/strong><\/span> : structures d&rsquo;acquisition, due diligence fiscale, transfer pricing, restructurations, fusions et autres scissions, mais aussi les avantages li\u00e9s \u00e0 la R&amp;D, exemptions RDT, et autres ;<\/li>\n\n\n\n<li><span style=\"color: #78161a;\"><strong>Fiscalit\u00e9 immobili\u00e8re<\/strong><\/span> : acquisitions d\u00e9membr\u00e9es, structures de leasing, cessions de soci\u00e9t\u00e9s immobili\u00e8res, tant \u00e0 l&rsquo;imp\u00f4t des soci\u00e9t\u00e9s qu&rsquo;en TVA et droits d&rsquo;enregistrement ;<\/li>\n\n\n\n<li><span style=\"color: #78161a;\"><strong>TVA<\/strong><\/span> : implications TVA des op\u00e9rations, groupements autonomes de personnes, unit\u00e9 TVA, champ d&rsquo;application des exemptions, droits \u00e0 d\u00e9duction, r\u00e9gime des b\u00e2timents neufs ;<\/li>\n\n\n\n<li><span style=\"color: #78161a;\"><strong>Tax shelter audiovisuel \/ start-up<\/strong><\/span> : r\u00e9gime g\u00e9n\u00e9ral, conditions de d\u00e9penses, sous-traitances, discussions avec la Cellule Tax Shelter \/ conditions d&rsquo;\u00e9ligibilit\u00e9, seuils d&rsquo;investissement, timing, etc. ;<\/li>\n\n\n\n<li><span style=\"color: #78161a;\"><strong>Fiscalit\u00e9 internationale<\/strong><\/span> : existence\/implication d&rsquo;un \u00e9tablissement stable, pouvoirs d&rsquo;imposition, structuration internationale, fiscalit\u00e9 europ\u00e9enne, flux de revenus, salary splits, etc ;<\/li>\n\n\n\n<li><span style=\"color: #78161a;\"><strong>Ruling<\/strong><\/span> : contacts formels et informels, prefiling, demande de d\u00e9cisions anticip\u00e9es, en ces mati\u00e8res et toutes autres.<\/li>\n<\/ul>\n\n\n\n<p>Enfin, notre cabinet peut vous assister dans d&rsquo;autres domaines annexes, tels que la <span style=\"color: #78161a;\">fiscalit\u00e9 des personnes physiques<\/span> et des r\u00e9mun\u00e9rations, les <span style=\"color: #78161a;\">planifications patrimoniales<\/span> ou encore les <span style=\"color: #78161a;\">r\u00e9gularisations fiscales<\/span>.<\/p>\n\n\n\n<p>Notre cabinet vous assiste et vous repr\u00e9sente tant dans la phase de <span style=\"color: #78161a;\">structuration<\/span> et de <span style=\"color: #78161a;\">conseil<\/span>, que dans le cadre de <span style=\"color: #78161a;\">discussions<\/span> avec l&rsquo;administration, de <span style=\"color: #78161a;\">proc\u00e9dures administratives<\/span> ou <span style=\"color: #78161a;\">contentieuses<\/span>.<\/p>\n\n\n\n<p>Notre approche de base vise \u00e0 allier la rigueur de l&rsquo;analyse \u00e0 la recherche d&rsquo;un <span style=\"color: #78161a;\">\u00e9quilibre optimal<\/span>, en privil\u00e9giant le <span style=\"color: #78161a;\">dialogue<\/span> et, dans toute la mesure possible, la <span style=\"color: #78161a;\">conciliation<\/span> avec les autorit\u00e9s fiscales.<\/p>\n\n\n\n<p>Cette optique est \u00e9galement celle de privil\u00e9gier la <span style=\"color: #78161a;\">s\u00e9curit\u00e9 juridique<\/span> et, lorsque c&rsquo;est envisageable, l&rsquo;obtention d&rsquo;un <span style=\"color: #78161a;\">ruling<\/span> aupr\u00e8s du <span style=\"color: #78161a;\">Service des D\u00e9cisions Anticip\u00e9es<\/span> (SDA) avec les agents duquel une <span style=\"color: #78161a;\">relation de confiance<\/span> solide a \u00e9t\u00e9 construite au fil des dossiers.<\/p>\n","protected":false},"excerpt":{"rendered":"<p>Fort d&rsquo;une expertise de plus de 15 ans dans le domaine, LANG LEGAL est exclusivement centr\u00e9 sur la pratique du droit fiscal, particuli\u00e8rement la fiscalit\u00e9 des affaires. Ayant pratiqu\u00e9 tant les imp\u00f4ts directs qu&rsquo;indirects, notre objectif est d&rsquo;appr\u00e9hender chaque transaction dans la globalit\u00e9 de ses cons\u00e9quences fiscales actuelles et futures. Outre cette pratique transversale, nous [&hellip;]<\/p>\n","protected":false},"author":1,"featured_media":286,"parent":0,"menu_order":0,"comment_status":"closed","ping_status":"closed","template":"","meta":{"_acf_changed":false,"footnotes":""},"class_list":["post-12","page","type-page","status-publish","has-post-thumbnail","hentry"],"acf":[],"rise-blocks_excerpt":"Fort d&rsquo;une expertise de plus de 15 ans dans le domaine, LANG LEGAL est exclusivement centr\u00e9 sur la pratique du droit fiscal, particuli\u00e8rement la fiscalit\u00e9 des affaires. Ayant pratiqu\u00e9 tant les imp\u00f4ts directs qu&rsquo;indirects, notre objectif est d&rsquo;appr\u00e9hender chaque transaction dans la globalit\u00e9 de ses cons\u00e9quences fiscales actuelles et futures. Outre cette pratique transversale, nous avons d\u00e9velopp\u00e9 une exp\u00e9rience plus..","yoast_head":"<!-- This site is optimized with the Yoast SEO plugin v26.1.1 - https:\/\/yoast.com\/wordpress\/plugins\/seo\/ -->\n<title>Expertise | LANG LEGAL<\/title>\n<meta name=\"robots\" content=\"index, follow, max-snippet:-1, max-image-preview:large, max-video-preview:-1\" \/>\n<link rel=\"canonical\" href=\"https:\/\/langlegal.be\/index.php\/matieres\/\" \/>\n<meta property=\"og:locale\" content=\"fr_FR\" \/>\n<meta property=\"og:type\" content=\"article\" \/>\n<meta property=\"og:title\" content=\"Expertise | LANG LEGAL\" \/>\n<meta property=\"og:description\" content=\"Fort d&rsquo;une expertise de plus de 15 ans dans le domaine, LANG LEGAL est exclusivement centr\u00e9 sur la pratique du droit fiscal, particuli\u00e8rement la fiscalit\u00e9 des affaires. Ayant pratiqu\u00e9 tant les imp\u00f4ts directs qu&rsquo;indirects, notre objectif est d&rsquo;appr\u00e9hender chaque transaction dans la globalit\u00e9 de ses cons\u00e9quences fiscales actuelles et futures. Outre cette pratique transversale, nous [&hellip;]\" \/>\n<meta property=\"og:url\" content=\"https:\/\/langlegal.be\/index.php\/matieres\/\" \/>\n<meta property=\"og:site_name\" content=\"LANG LEGAL\" \/>\n<meta property=\"article:modified_time\" content=\"2025-03-30T12:36:23+00:00\" \/>\n<meta property=\"og:image\" content=\"https:\/\/i0.wp.com\/langlegal.be\/wp-content\/uploads\/2017\/07\/Eric-G%C3%A9rald-Lang-droit-fiscal-tva-vat-Belgian-tax-law.jpg?fit=4032%2C1831&ssl=1\" \/>\n\t<meta property=\"og:image:width\" content=\"4032\" \/>\n\t<meta property=\"og:image:height\" content=\"1831\" \/>\n\t<meta property=\"og:image:type\" content=\"image\/jpeg\" \/>\n<meta name=\"twitter:card\" content=\"summary_large_image\" \/>\n<meta name=\"twitter:label1\" content=\"Dur\u00e9e de lecture estim\u00e9e\" \/>\n\t<meta name=\"twitter:data1\" content=\"2 minutes\" \/>\n<script type=\"application\/ld+json\" class=\"yoast-schema-graph\">{\"@context\":\"https:\/\/schema.org\",\"@graph\":[{\"@type\":\"WebPage\",\"@id\":\"https:\/\/langlegal.be\/index.php\/matieres\/\",\"url\":\"https:\/\/langlegal.be\/index.php\/matieres\/\",\"name\":\"Expertise | LANG LEGAL\",\"isPartOf\":{\"@id\":\"https:\/\/langlegal.be\/#website\"},\"primaryImageOfPage\":{\"@id\":\"https:\/\/langlegal.be\/index.php\/matieres\/#primaryimage\"},\"image\":{\"@id\":\"https:\/\/langlegal.be\/index.php\/matieres\/#primaryimage\"},\"thumbnailUrl\":\"https:\/\/i0.wp.com\/langlegal.be\/wp-content\/uploads\/2017\/07\/Eric-G%C3%A9rald-Lang-droit-fiscal-tva-vat-Belgian-tax-law.jpg?fit=4032%2C1831&ssl=1\",\"datePublished\":\"2017-06-23T13:16:45+00:00\",\"dateModified\":\"2025-03-30T12:36:23+00:00\",\"breadcrumb\":{\"@id\":\"https:\/\/langlegal.be\/index.php\/matieres\/#breadcrumb\"},\"inLanguage\":\"fr-FR\",\"potentialAction\":[{\"@type\":\"ReadAction\",\"target\":[\"https:\/\/langlegal.be\/index.php\/matieres\/\"]}]},{\"@type\":\"ImageObject\",\"inLanguage\":\"fr-FR\",\"@id\":\"https:\/\/langlegal.be\/index.php\/matieres\/#primaryimage\",\"url\":\"https:\/\/i0.wp.com\/langlegal.be\/wp-content\/uploads\/2017\/07\/Eric-G%C3%A9rald-Lang-droit-fiscal-tva-vat-Belgian-tax-law.jpg?fit=4032%2C1831&ssl=1\",\"contentUrl\":\"https:\/\/i0.wp.com\/langlegal.be\/wp-content\/uploads\/2017\/07\/Eric-G%C3%A9rald-Lang-droit-fiscal-tva-vat-Belgian-tax-law.jpg?fit=4032%2C1831&ssl=1\",\"width\":4032,\"height\":1831,\"caption\":\"Eric-G\u00e9rald Lang - droit fiscal - tva - vat - Belgian tax law\"},{\"@type\":\"BreadcrumbList\",\"@id\":\"https:\/\/langlegal.be\/index.php\/matieres\/#breadcrumb\",\"itemListElement\":[{\"@type\":\"ListItem\",\"position\":1,\"name\":\"Accueil\",\"item\":\"http:\/\/langlegal.be\/\"},{\"@type\":\"ListItem\",\"position\":2,\"name\":\"Expertise\"}]},{\"@type\":\"WebSite\",\"@id\":\"https:\/\/langlegal.be\/#website\",\"url\":\"https:\/\/langlegal.be\/\",\"name\":\"LANG LEGAL | Cabinet de droit fiscal\",\"description\":\"Cabinet de droit fiscal\",\"potentialAction\":[{\"@type\":\"SearchAction\",\"target\":{\"@type\":\"EntryPoint\",\"urlTemplate\":\"https:\/\/langlegal.be\/?s={search_term_string}\"},\"query-input\":{\"@type\":\"PropertyValueSpecification\",\"valueRequired\":true,\"valueName\":\"search_term_string\"}}],\"inLanguage\":\"fr-FR\"}]}<\/script>\n<!-- \/ Yoast SEO plugin. -->","yoast_head_json":{"title":"Expertise | LANG LEGAL","robots":{"index":"index","follow":"follow","max-snippet":"max-snippet:-1","max-image-preview":"max-image-preview:large","max-video-preview":"max-video-preview:-1"},"canonical":"https:\/\/langlegal.be\/index.php\/matieres\/","og_locale":"fr_FR","og_type":"article","og_title":"Expertise | LANG LEGAL","og_description":"Fort d&rsquo;une expertise de plus de 15 ans dans le domaine, LANG LEGAL est exclusivement centr\u00e9 sur la pratique du droit fiscal, particuli\u00e8rement la fiscalit\u00e9 des affaires. Ayant pratiqu\u00e9 tant les imp\u00f4ts directs qu&rsquo;indirects, notre objectif est d&rsquo;appr\u00e9hender chaque transaction dans la globalit\u00e9 de ses cons\u00e9quences fiscales actuelles et futures. Outre cette pratique transversale, nous [&hellip;]","og_url":"https:\/\/langlegal.be\/index.php\/matieres\/","og_site_name":"LANG LEGAL","article_modified_time":"2025-03-30T12:36:23+00:00","og_image":[{"width":4032,"height":1831,"url":"https:\/\/i0.wp.com\/langlegal.be\/wp-content\/uploads\/2017\/07\/Eric-G%C3%A9rald-Lang-droit-fiscal-tva-vat-Belgian-tax-law.jpg?fit=4032%2C1831&ssl=1","type":"image\/jpeg"}],"twitter_card":"summary_large_image","twitter_misc":{"Dur\u00e9e de lecture estim\u00e9e":"2 minutes"},"schema":{"@context":"https:\/\/schema.org","@graph":[{"@type":"WebPage","@id":"https:\/\/langlegal.be\/index.php\/matieres\/","url":"https:\/\/langlegal.be\/index.php\/matieres\/","name":"Expertise | LANG LEGAL","isPartOf":{"@id":"https:\/\/langlegal.be\/#website"},"primaryImageOfPage":{"@id":"https:\/\/langlegal.be\/index.php\/matieres\/#primaryimage"},"image":{"@id":"https:\/\/langlegal.be\/index.php\/matieres\/#primaryimage"},"thumbnailUrl":"https:\/\/i0.wp.com\/langlegal.be\/wp-content\/uploads\/2017\/07\/Eric-G%C3%A9rald-Lang-droit-fiscal-tva-vat-Belgian-tax-law.jpg?fit=4032%2C1831&ssl=1","datePublished":"2017-06-23T13:16:45+00:00","dateModified":"2025-03-30T12:36:23+00:00","breadcrumb":{"@id":"https:\/\/langlegal.be\/index.php\/matieres\/#breadcrumb"},"inLanguage":"fr-FR","potentialAction":[{"@type":"ReadAction","target":["https:\/\/langlegal.be\/index.php\/matieres\/"]}]},{"@type":"ImageObject","inLanguage":"fr-FR","@id":"https:\/\/langlegal.be\/index.php\/matieres\/#primaryimage","url":"https:\/\/i0.wp.com\/langlegal.be\/wp-content\/uploads\/2017\/07\/Eric-G%C3%A9rald-Lang-droit-fiscal-tva-vat-Belgian-tax-law.jpg?fit=4032%2C1831&ssl=1","contentUrl":"https:\/\/i0.wp.com\/langlegal.be\/wp-content\/uploads\/2017\/07\/Eric-G%C3%A9rald-Lang-droit-fiscal-tva-vat-Belgian-tax-law.jpg?fit=4032%2C1831&ssl=1","width":4032,"height":1831,"caption":"Eric-G\u00e9rald Lang - droit fiscal - tva - vat - Belgian tax law"},{"@type":"BreadcrumbList","@id":"https:\/\/langlegal.be\/index.php\/matieres\/#breadcrumb","itemListElement":[{"@type":"ListItem","position":1,"name":"Accueil","item":"http:\/\/langlegal.be\/"},{"@type":"ListItem","position":2,"name":"Expertise"}]},{"@type":"WebSite","@id":"https:\/\/langlegal.be\/#website","url":"https:\/\/langlegal.be\/","name":"LANG LEGAL | Cabinet de droit fiscal","description":"Cabinet de droit fiscal","potentialAction":[{"@type":"SearchAction","target":{"@type":"EntryPoint","urlTemplate":"https:\/\/langlegal.be\/?s={search_term_string}"},"query-input":{"@type":"PropertyValueSpecification","valueRequired":true,"valueName":"search_term_string"}}],"inLanguage":"fr-FR"}]}},"jetpack_sharing_enabled":true,"jetpack_shortlink":"https:\/\/wp.me\/P8S14n-c","jetpack-related-posts":[{"id":90,"url":"https:\/\/langlegal.be\/index.php\/avocat\/","url_meta":{"origin":12,"position":0},"title":"Avocat","author":"Lang Legal","date":"23 juin 2017","format":false,"excerpt":"Eric-G\u00e9rald Lang pratique le droit fiscal depuis plus de 15 ans. Depuis ces ann\u00e9es, il assiste tant des particuliers que des PME ou des grandes entreprises de divers secteurs et sur des questions fiscales de toute nature. Son expertise couvre plus particuli\u00e8rement l'ensemble de la fiscalit\u00e9 touchant au domaine des\u2026","rel":"","context":"Article similaire","block_context":{"text":"Article similaire","link":""},"img":{"alt_text":"","src":"https:\/\/i0.wp.com\/langlegal.be\/wp-content\/uploads\/2018\/03\/EGL1-d-rectif.-nb-1.jpg?resize=350%2C200&ssl=1","width":350,"height":200,"srcset":"https:\/\/i0.wp.com\/langlegal.be\/wp-content\/uploads\/2018\/03\/EGL1-d-rectif.-nb-1.jpg?resize=350%2C200&ssl=1 1x, https:\/\/i0.wp.com\/langlegal.be\/wp-content\/uploads\/2018\/03\/EGL1-d-rectif.-nb-1.jpg?resize=525%2C300&ssl=1 1.5x, https:\/\/i0.wp.com\/langlegal.be\/wp-content\/uploads\/2018\/03\/EGL1-d-rectif.-nb-1.jpg?resize=700%2C400&ssl=1 2x"},"classes":[]},{"id":371,"url":"https:\/\/langlegal.be\/index.php\/expertise-2\/","url_meta":{"origin":12,"position":1},"title":"Ind\u00e9pendance","author":"Lang Legal","date":"12 juillet 2017","format":false,"excerpt":"Le cabinet LANG LEGAL traduit une volont\u00e9 d' ind\u00e9pendance, avec une taille et des frais limit\u00e9s, pour demeurer proche de ses clients. Cette libert\u00e9 lui permet de leur fournir un service direct et sur mesure en fiscalit\u00e9, avec leurs sp\u00e9cialistes habituels ou ceux de son r\u00e9seau pour d'autres mati\u00e8res.","rel":"","context":"Article similaire","block_context":{"text":"Article similaire","link":""},"img":{"alt_text":"Eric-G\u00e9rald Lang - avocat - lawyer - cabinet de droit fiscal belge - Belgian tax law firm","src":"https:\/\/i0.wp.com\/langlegal.be\/wp-content\/uploads\/2017\/07\/Eric-G%C3%A9rald-Lang-avocat-lawyer-cabinet-de-droit-fiscal-belge-Belgian-tax-law-firm-1.jpeg?fit=1200%2C800&ssl=1&resize=350%2C200","width":350,"height":200,"srcset":"https:\/\/i0.wp.com\/langlegal.be\/wp-content\/uploads\/2017\/07\/Eric-G%C3%A9rald-Lang-avocat-lawyer-cabinet-de-droit-fiscal-belge-Belgian-tax-law-firm-1.jpeg?fit=1200%2C800&ssl=1&resize=350%2C200 1x, https:\/\/i0.wp.com\/langlegal.be\/wp-content\/uploads\/2017\/07\/Eric-G%C3%A9rald-Lang-avocat-lawyer-cabinet-de-droit-fiscal-belge-Belgian-tax-law-firm-1.jpeg?fit=1200%2C800&ssl=1&resize=525%2C300 1.5x, https:\/\/i0.wp.com\/langlegal.be\/wp-content\/uploads\/2017\/07\/Eric-G%C3%A9rald-Lang-avocat-lawyer-cabinet-de-droit-fiscal-belge-Belgian-tax-law-firm-1.jpeg?fit=1200%2C800&ssl=1&resize=700%2C400 2x, https:\/\/i0.wp.com\/langlegal.be\/wp-content\/uploads\/2017\/07\/Eric-G%C3%A9rald-Lang-avocat-lawyer-cabinet-de-droit-fiscal-belge-Belgian-tax-law-firm-1.jpeg?fit=1200%2C800&ssl=1&resize=1050%2C600 3x"},"classes":[]},{"id":13,"url":"https:\/\/langlegal.be\/","url_meta":{"origin":12,"position":2},"title":"Bienvenue chez Lang Legal","author":"Lang Legal","date":"23 juin 2017","format":false,"excerpt":"LANG LEGAL est un cabinet d'avocat fond\u00e9 en 2017 \u00e0 Bruxelles, et d\u00e9di\u00e9 \u00e0 la pratique du droit fiscal. Son objectif est de fournir une assistance personnelle et rigoureuse \u00e0 chaque client, dans un cadre moderne, sobre et efficace.","rel":"","context":"Article similaire","block_context":{"text":"Article similaire","link":""},"img":{"alt_text":"Eric-G\u00e9rald Lang - avocat - lawyer - droit fiscal - tax law","src":"https:\/\/i0.wp.com\/langlegal.be\/wp-content\/uploads\/2017\/06\/Eric-G%C3%A9rald-Lang-avocat-lawyer-droit-fiscal-tax-law.jpg?fit=1200%2C800&ssl=1&resize=350%2C200","width":350,"height":200,"srcset":"https:\/\/i0.wp.com\/langlegal.be\/wp-content\/uploads\/2017\/06\/Eric-G%C3%A9rald-Lang-avocat-lawyer-droit-fiscal-tax-law.jpg?fit=1200%2C800&ssl=1&resize=350%2C200 1x, https:\/\/i0.wp.com\/langlegal.be\/wp-content\/uploads\/2017\/06\/Eric-G%C3%A9rald-Lang-avocat-lawyer-droit-fiscal-tax-law.jpg?fit=1200%2C800&ssl=1&resize=525%2C300 1.5x, https:\/\/i0.wp.com\/langlegal.be\/wp-content\/uploads\/2017\/06\/Eric-G%C3%A9rald-Lang-avocat-lawyer-droit-fiscal-tax-law.jpg?fit=1200%2C800&ssl=1&resize=700%2C400 2x, https:\/\/i0.wp.com\/langlegal.be\/wp-content\/uploads\/2017\/06\/Eric-G%C3%A9rald-Lang-avocat-lawyer-droit-fiscal-tax-law.jpg?fit=1200%2C800&ssl=1&resize=1050%2C600 3x"},"classes":[]},{"id":9,"url":"https:\/\/langlegal.be\/index.php\/publications\/","url_meta":{"origin":12,"position":3},"title":"Publications","author":"Lang Legal","date":"23 juin 2017","format":false,"excerpt":"Publications : 2025\/12 - E.-G. Lang, \"La non-d\u00e9ductibilit\u00e9 des pertes fiscales en cas de redressement : ce dispositif qui devrait \u00eatre limit\u00e9 au seul calcul des accroissements ?\", R.G.F.C.P., 2025\/10, pp. 37-44. 2023\/01 - E.-G. Lang, \"L\u2019exon\u00e9ration du pr\u00e9compte immobilier pour improductivit\u00e9 en R\u00e9gion bruxelloise : retour sur sa lente\u2026","rel":"","context":"Article similaire","block_context":{"text":"Article similaire","link":""},"img":{"alt_text":"Eric-G\u00e9rald Lang - avocat - lawyer - droit fiscal - tax law - gratuit - free - publications","src":"https:\/\/i0.wp.com\/langlegal.be\/wp-content\/uploads\/2017\/06\/Eric-G%C3%A9rald-Lang-avocat-lawyer-droit-fiscal-tax-law-gratuit-free-publications.jpg?fit=1024%2C768&ssl=1&resize=350%2C200","width":350,"height":200,"srcset":"https:\/\/i0.wp.com\/langlegal.be\/wp-content\/uploads\/2017\/06\/Eric-G%C3%A9rald-Lang-avocat-lawyer-droit-fiscal-tax-law-gratuit-free-publications.jpg?fit=1024%2C768&ssl=1&resize=350%2C200 1x, https:\/\/i0.wp.com\/langlegal.be\/wp-content\/uploads\/2017\/06\/Eric-G%C3%A9rald-Lang-avocat-lawyer-droit-fiscal-tax-law-gratuit-free-publications.jpg?fit=1024%2C768&ssl=1&resize=525%2C300 1.5x, https:\/\/i0.wp.com\/langlegal.be\/wp-content\/uploads\/2017\/06\/Eric-G%C3%A9rald-Lang-avocat-lawyer-droit-fiscal-tax-law-gratuit-free-publications.jpg?fit=1024%2C768&ssl=1&resize=700%2C400 2x"},"classes":[]},{"id":151,"url":"https:\/\/langlegal.be\/index.php\/formulaire\/","url_meta":{"origin":12,"position":4},"title":"Contact","author":"Lang Legal","date":"24 juin 2017","format":false,"excerpt":"LANG LEGAL\u00a0| Eric-G\u00e9rald Lang | avocatCabinet de droit fiscal BCE | TVA BE 0816.373.972 chauss\u00e9e de Waterloo 1135 (rez) [Vert Chasseur]1180 BruxellesBelgique t. +32 (0) ) 2 227 51 07 | m. +32 (0) 477 569 867 | info@langlegal.be | eric-gerald.lang@langlegal.be FORMULAIRE : Vous pouvez \u00e9galement prendre contact\u00a0via le formulaire\u2026","rel":"","context":"Article similaire","block_context":{"text":"Article similaire","link":""},"img":{"alt_text":"Eric-G\u00e9rald Lang - avocat - lawyer - droit fiscal - tax law - tax shelter - tva - VAT - fiscaliste - contact","src":"https:\/\/i0.wp.com\/langlegal.be\/wp-content\/uploads\/2017\/06\/Eric-G%C3%A9rald-Lang-avocat-lawyer-droit-fiscal-tax-law-tax-shelter-tva-VAT-fiscaliste-contact.jpg?fit=1024%2C682&ssl=1&resize=350%2C200","width":350,"height":200,"srcset":"https:\/\/i0.wp.com\/langlegal.be\/wp-content\/uploads\/2017\/06\/Eric-G%C3%A9rald-Lang-avocat-lawyer-droit-fiscal-tax-law-tax-shelter-tva-VAT-fiscaliste-contact.jpg?fit=1024%2C682&ssl=1&resize=350%2C200 1x, https:\/\/i0.wp.com\/langlegal.be\/wp-content\/uploads\/2017\/06\/Eric-G%C3%A9rald-Lang-avocat-lawyer-droit-fiscal-tax-law-tax-shelter-tva-VAT-fiscaliste-contact.jpg?fit=1024%2C682&ssl=1&resize=525%2C300 1.5x, https:\/\/i0.wp.com\/langlegal.be\/wp-content\/uploads\/2017\/06\/Eric-G%C3%A9rald-Lang-avocat-lawyer-droit-fiscal-tax-law-tax-shelter-tva-VAT-fiscaliste-contact.jpg?fit=1024%2C682&ssl=1&resize=700%2C400 2x"},"classes":[]},{"id":10,"url":"https:\/\/langlegal.be\/index.php\/apropos\/","url_meta":{"origin":12,"position":5},"title":"\u00c0 propos","author":"Lang Legal","date":"23 juin 2017","format":false,"excerpt":"LANG LEGAL\u00a0| Eric-G\u00e9rald Lang | avocatCabinet de droit fiscal BCE | TVA BE 0816.373.972 chauss\u00e9e de Waterloo 1135 (rez) 1180 BruxellesBelgique t. +32 (0) 227 51 07 | m. +32 (0) 2 477 569 867 info@langlegal.be | eric-gerald.lang@langlegal.be","rel":"","context":"Article similaire","block_context":{"text":"Article similaire","link":""},"img":{"alt_text":"Eric-G\u00e9rald Lang - avocat - lawyer - droit fiscal - tax law - tax shelter - tva - VAT - fiscaliste - contact","src":"https:\/\/i0.wp.com\/langlegal.be\/wp-content\/uploads\/2017\/06\/Eric-G%C3%A9rald-Lang-avocat-lawyer-droit-fiscal-tax-law-tax-shelter-tva-VAT-fiscaliste-contact.jpg?fit=1024%2C682&ssl=1&resize=350%2C200","width":350,"height":200,"srcset":"https:\/\/i0.wp.com\/langlegal.be\/wp-content\/uploads\/2017\/06\/Eric-G%C3%A9rald-Lang-avocat-lawyer-droit-fiscal-tax-law-tax-shelter-tva-VAT-fiscaliste-contact.jpg?fit=1024%2C682&ssl=1&resize=350%2C200 1x, https:\/\/i0.wp.com\/langlegal.be\/wp-content\/uploads\/2017\/06\/Eric-G%C3%A9rald-Lang-avocat-lawyer-droit-fiscal-tax-law-tax-shelter-tva-VAT-fiscaliste-contact.jpg?fit=1024%2C682&ssl=1&resize=525%2C300 1.5x, https:\/\/i0.wp.com\/langlegal.be\/wp-content\/uploads\/2017\/06\/Eric-G%C3%A9rald-Lang-avocat-lawyer-droit-fiscal-tax-law-tax-shelter-tva-VAT-fiscaliste-contact.jpg?fit=1024%2C682&ssl=1&resize=700%2C400 2x"},"classes":[]}],"_links":{"self":[{"href":"https:\/\/langlegal.be\/index.php\/wp-json\/wp\/v2\/pages\/12","targetHints":{"allow":["GET"]}}],"collection":[{"href":"https:\/\/langlegal.be\/index.php\/wp-json\/wp\/v2\/pages"}],"about":[{"href":"https:\/\/langlegal.be\/index.php\/wp-json\/wp\/v2\/types\/page"}],"author":[{"embeddable":true,"href":"https:\/\/langlegal.be\/index.php\/wp-json\/wp\/v2\/users\/1"}],"replies":[{"embeddable":true,"href":"https:\/\/langlegal.be\/index.php\/wp-json\/wp\/v2\/comments?post=12"}],"version-history":[{"count":18,"href":"https:\/\/langlegal.be\/index.php\/wp-json\/wp\/v2\/pages\/12\/revisions"}],"predecessor-version":[{"id":1457,"href":"https:\/\/langlegal.be\/index.php\/wp-json\/wp\/v2\/pages\/12\/revisions\/1457"}],"wp:featuredmedia":[{"embeddable":true,"href":"https:\/\/langlegal.be\/index.php\/wp-json\/wp\/v2\/media\/286"}],"wp:attachment":[{"href":"https:\/\/langlegal.be\/index.php\/wp-json\/wp\/v2\/media?parent=12"}],"curies":[{"name":"wp","href":"https:\/\/api.w.org\/{rel}","templated":true}]}}