{"id":127,"date":"2017-06-24T16:52:57","date_gmt":"2017-06-24T15:52:57","guid":{"rendered":"http:\/\/langlegal.be\/?page_id=127"},"modified":"2026-02-11T10:44:29","modified_gmt":"2026-02-11T09:44:29","slug":"honoraires","status":"publish","type":"page","link":"https:\/\/langlegal.be\/index.php\/honoraires\/","title":{"rendered":"Honoraires"},"content":{"rendered":"\n<p>Notre cabinet entend conserver une <span style=\"color: #78161a;\">taille limit\u00e9e<\/span> afin d&rsquo;offrir des solutions <span style=\"color: #78161a;\">flexibles<\/span> et selon les besoins du client ; \u00e0 cette fin, diff\u00e9rentes formules sont envisageables :<\/p>\n\n\n\n<ul class=\"wp-block-list\">\n<li><span style=\"color: #78161a;\"><strong>Taux horaire<\/strong><\/span> : il s&rsquo;agit de la formule tarifaire de base, o\u00f9 les honoraires sont factur\u00e9s \u00e0 un taux horaire \u00e0 convenir en fonction des services demand\u00e9s, des capacit\u00e9s du client et de la nature du dossier ;<\/li>\n\n\n\n<li><span style=\"color: #78161a;\"><span style=\"color: #78161a4;\"><strong>Forfait<\/strong><\/span><\/span> : le montant des honoraires pour les services demand\u00e9s est estim\u00e9 ou fix\u00e9 sur base d&rsquo;un montant \u00e0 convenir ;<\/li>\n\n\n\n<li><span style=\"color: #78161a;\"><strong>Honoraires de r\u00e9sultat<\/strong><\/span> : une partie du montant des honoraires est factur\u00e9e en fonction d&rsquo;un r\u00e9sultat d\u00e9termin\u00e9 ;<\/li>\n\n\n\n<li><span style=\"color: #78161a;\"><strong>Abonnement<\/strong><\/span>&nbsp;: un abonnement p\u00e9riodique est factur\u00e9 pour certains services, qui n&rsquo;est pas directement li\u00e9 au volume des services effectivement utilis\u00e9s.<\/li>\n<\/ul>\n\n\n\n<p>Une<span style=\"color: #78161a;\">provision<\/span> peut \u00e9galement \u00eatre demand\u00e9e pr\u00e9alablement \u00e0 la r\u00e9alisation des prestations. L&rsquo;ensemble des services sont soumis \u00e0 nos <span style=\"color: #78161a;\"><strong><a data-wplink-edit=\"true\" href=\"http:\/\/langlegal.be\/wp-content\/uploads\/2022\/09\/CONDITIONS-GENERALES-FR-v.-220922.pdf\">conditions <\/a><a href=\"http:\/\/langlegal.be\/wp-content\/uploads\/2026\/02\/CONDITIONS-GENERALES-FR-v.-260201.pdf\">g\u00e9n\u00e9rales<\/a><\/strong><\/span>, qui sont accept\u00e9es par le client par leur utilisation.<\/p>\n\n\n\n<p>Le <span style=\"color: #78161a;\">premier contact<\/span> est toujours <span style=\"color: #78161a;\">sans frais<\/span>.<\/p>\n","protected":false},"excerpt":{"rendered":"<p>Notre cabinet entend conserver une taille limit\u00e9e afin d&rsquo;offrir des solutions flexibles et selon les besoins du client ; \u00e0 cette fin, diff\u00e9rentes formules sont envisageables : Uneprovision peut \u00e9galement \u00eatre demand\u00e9e pr\u00e9alablement \u00e0 la r\u00e9alisation des prestations. L&rsquo;ensemble des services sont soumis \u00e0 nos conditions g\u00e9n\u00e9rales, qui sont accept\u00e9es par le client par leur [&hellip;]<\/p>\n","protected":false},"author":1,"featured_media":131,"parent":0,"menu_order":0,"comment_status":"closed","ping_status":"closed","template":"","meta":{"_acf_changed":false,"footnotes":""},"class_list":["post-127","page","type-page","status-publish","has-post-thumbnail","hentry"],"acf":[],"rise-blocks_excerpt":"Notre cabinet entend conserver une taille limit\u00e9e afin d&rsquo;offrir des solutions flexibles et selon les besoins du client ; \u00e0 cette fin, diff\u00e9rentes formules sont envisageables : Uneprovision peut \u00e9galement \u00eatre demand\u00e9e pr\u00e9alablement \u00e0 la r\u00e9alisation des prestations. L&rsquo;ensemble des services sont soumis \u00e0 nos conditions g\u00e9n\u00e9rales, qui sont accept\u00e9es par le client par leur utilisation. Le premier contact est..","yoast_head":"<!-- This site is optimized with the Yoast SEO plugin v26.1.1 - https:\/\/yoast.com\/wordpress\/plugins\/seo\/ -->\n<title>Honoraires | LANG LEGAL<\/title>\n<meta name=\"robots\" content=\"index, follow, max-snippet:-1, max-image-preview:large, max-video-preview:-1\" \/>\n<link rel=\"canonical\" href=\"https:\/\/langlegal.be\/index.php\/honoraires\/\" \/>\n<meta property=\"og:locale\" content=\"fr_FR\" \/>\n<meta property=\"og:type\" content=\"article\" \/>\n<meta property=\"og:title\" content=\"Honoraires | LANG LEGAL\" \/>\n<meta property=\"og:description\" content=\"Notre cabinet entend conserver une taille limit\u00e9e afin d&rsquo;offrir des solutions flexibles et selon les besoins du client ; \u00e0 cette fin, diff\u00e9rentes formules sont envisageables : Uneprovision peut \u00e9galement \u00eatre demand\u00e9e pr\u00e9alablement \u00e0 la r\u00e9alisation des prestations. L&rsquo;ensemble des services sont soumis \u00e0 nos conditions g\u00e9n\u00e9rales, qui sont accept\u00e9es par le client par leur [&hellip;]\" \/>\n<meta property=\"og:url\" content=\"https:\/\/langlegal.be\/index.php\/honoraires\/\" \/>\n<meta property=\"og:site_name\" content=\"LANG LEGAL\" \/>\n<meta property=\"article:modified_time\" content=\"2026-02-11T09:44:29+00:00\" \/>\n<meta property=\"og:image\" content=\"http:\/\/langlegal.be\/wp-content\/uploads\/2017\/06\/Eric-G\u00e9rald-Lang-avocat-lawyer-droit-fiscal-tax-law-gratuit-free-honoraires.jpg\" \/>\n\t<meta property=\"og:image:width\" content=\"1280\" \/>\n\t<meta property=\"og:image:height\" content=\"437\" \/>\n\t<meta property=\"og:image:type\" content=\"image\/jpeg\" \/>\n<meta name=\"twitter:card\" content=\"summary_large_image\" \/>\n<meta name=\"twitter:label1\" content=\"Dur\u00e9e de lecture estim\u00e9e\" \/>\n\t<meta name=\"twitter:data1\" content=\"1 minute\" \/>\n<script type=\"application\/ld+json\" class=\"yoast-schema-graph\">{\"@context\":\"https:\/\/schema.org\",\"@graph\":[{\"@type\":\"WebPage\",\"@id\":\"https:\/\/langlegal.be\/index.php\/honoraires\/\",\"url\":\"https:\/\/langlegal.be\/index.php\/honoraires\/\",\"name\":\"Honoraires | LANG LEGAL\",\"isPartOf\":{\"@id\":\"https:\/\/langlegal.be\/#website\"},\"primaryImageOfPage\":{\"@id\":\"https:\/\/langlegal.be\/index.php\/honoraires\/#primaryimage\"},\"image\":{\"@id\":\"https:\/\/langlegal.be\/index.php\/honoraires\/#primaryimage\"},\"thumbnailUrl\":\"https:\/\/i0.wp.com\/langlegal.be\/wp-content\/uploads\/2017\/06\/Eric-G%C3%A9rald-Lang-avocat-lawyer-droit-fiscal-tax-law-gratuit-free-honoraires.jpg?fit=1280%2C437&ssl=1\",\"datePublished\":\"2017-06-24T15:52:57+00:00\",\"dateModified\":\"2026-02-11T09:44:29+00:00\",\"breadcrumb\":{\"@id\":\"https:\/\/langlegal.be\/index.php\/honoraires\/#breadcrumb\"},\"inLanguage\":\"fr-FR\",\"potentialAction\":[{\"@type\":\"ReadAction\",\"target\":[\"https:\/\/langlegal.be\/index.php\/honoraires\/\"]}]},{\"@type\":\"ImageObject\",\"inLanguage\":\"fr-FR\",\"@id\":\"https:\/\/langlegal.be\/index.php\/honoraires\/#primaryimage\",\"url\":\"https:\/\/i0.wp.com\/langlegal.be\/wp-content\/uploads\/2017\/06\/Eric-G%C3%A9rald-Lang-avocat-lawyer-droit-fiscal-tax-law-gratuit-free-honoraires.jpg?fit=1280%2C437&ssl=1\",\"contentUrl\":\"https:\/\/i0.wp.com\/langlegal.be\/wp-content\/uploads\/2017\/06\/Eric-G%C3%A9rald-Lang-avocat-lawyer-droit-fiscal-tax-law-gratuit-free-honoraires.jpg?fit=1280%2C437&ssl=1\",\"width\":1280,\"height\":437,\"caption\":\"Honoraires\"},{\"@type\":\"BreadcrumbList\",\"@id\":\"https:\/\/langlegal.be\/index.php\/honoraires\/#breadcrumb\",\"itemListElement\":[{\"@type\":\"ListItem\",\"position\":1,\"name\":\"Accueil\",\"item\":\"http:\/\/langlegal.be\/\"},{\"@type\":\"ListItem\",\"position\":2,\"name\":\"Honoraires\"}]},{\"@type\":\"WebSite\",\"@id\":\"https:\/\/langlegal.be\/#website\",\"url\":\"https:\/\/langlegal.be\/\",\"name\":\"LANG LEGAL | Cabinet de droit fiscal\",\"description\":\"Cabinet de droit fiscal\",\"potentialAction\":[{\"@type\":\"SearchAction\",\"target\":{\"@type\":\"EntryPoint\",\"urlTemplate\":\"https:\/\/langlegal.be\/?s={search_term_string}\"},\"query-input\":{\"@type\":\"PropertyValueSpecification\",\"valueRequired\":true,\"valueName\":\"search_term_string\"}}],\"inLanguage\":\"fr-FR\"}]}<\/script>\n<!-- \/ Yoast SEO plugin. -->","yoast_head_json":{"title":"Honoraires | LANG LEGAL","robots":{"index":"index","follow":"follow","max-snippet":"max-snippet:-1","max-image-preview":"max-image-preview:large","max-video-preview":"max-video-preview:-1"},"canonical":"https:\/\/langlegal.be\/index.php\/honoraires\/","og_locale":"fr_FR","og_type":"article","og_title":"Honoraires | LANG LEGAL","og_description":"Notre cabinet entend conserver une taille limit\u00e9e afin d&rsquo;offrir des solutions flexibles et selon les besoins du client ; \u00e0 cette fin, diff\u00e9rentes formules sont envisageables : Uneprovision peut \u00e9galement \u00eatre demand\u00e9e pr\u00e9alablement \u00e0 la r\u00e9alisation des prestations. L&rsquo;ensemble des services sont soumis \u00e0 nos conditions g\u00e9n\u00e9rales, qui sont accept\u00e9es par le client par leur [&hellip;]","og_url":"https:\/\/langlegal.be\/index.php\/honoraires\/","og_site_name":"LANG LEGAL","article_modified_time":"2026-02-11T09:44:29+00:00","og_image":[{"width":1280,"height":437,"url":"http:\/\/langlegal.be\/wp-content\/uploads\/2017\/06\/Eric-G\u00e9rald-Lang-avocat-lawyer-droit-fiscal-tax-law-gratuit-free-honoraires.jpg","type":"image\/jpeg"}],"twitter_card":"summary_large_image","twitter_misc":{"Dur\u00e9e de lecture estim\u00e9e":"1 minute"},"schema":{"@context":"https:\/\/schema.org","@graph":[{"@type":"WebPage","@id":"https:\/\/langlegal.be\/index.php\/honoraires\/","url":"https:\/\/langlegal.be\/index.php\/honoraires\/","name":"Honoraires | LANG LEGAL","isPartOf":{"@id":"https:\/\/langlegal.be\/#website"},"primaryImageOfPage":{"@id":"https:\/\/langlegal.be\/index.php\/honoraires\/#primaryimage"},"image":{"@id":"https:\/\/langlegal.be\/index.php\/honoraires\/#primaryimage"},"thumbnailUrl":"https:\/\/i0.wp.com\/langlegal.be\/wp-content\/uploads\/2017\/06\/Eric-G%C3%A9rald-Lang-avocat-lawyer-droit-fiscal-tax-law-gratuit-free-honoraires.jpg?fit=1280%2C437&ssl=1","datePublished":"2017-06-24T15:52:57+00:00","dateModified":"2026-02-11T09:44:29+00:00","breadcrumb":{"@id":"https:\/\/langlegal.be\/index.php\/honoraires\/#breadcrumb"},"inLanguage":"fr-FR","potentialAction":[{"@type":"ReadAction","target":["https:\/\/langlegal.be\/index.php\/honoraires\/"]}]},{"@type":"ImageObject","inLanguage":"fr-FR","@id":"https:\/\/langlegal.be\/index.php\/honoraires\/#primaryimage","url":"https:\/\/i0.wp.com\/langlegal.be\/wp-content\/uploads\/2017\/06\/Eric-G%C3%A9rald-Lang-avocat-lawyer-droit-fiscal-tax-law-gratuit-free-honoraires.jpg?fit=1280%2C437&ssl=1","contentUrl":"https:\/\/i0.wp.com\/langlegal.be\/wp-content\/uploads\/2017\/06\/Eric-G%C3%A9rald-Lang-avocat-lawyer-droit-fiscal-tax-law-gratuit-free-honoraires.jpg?fit=1280%2C437&ssl=1","width":1280,"height":437,"caption":"Honoraires"},{"@type":"BreadcrumbList","@id":"https:\/\/langlegal.be\/index.php\/honoraires\/#breadcrumb","itemListElement":[{"@type":"ListItem","position":1,"name":"Accueil","item":"http:\/\/langlegal.be\/"},{"@type":"ListItem","position":2,"name":"Honoraires"}]},{"@type":"WebSite","@id":"https:\/\/langlegal.be\/#website","url":"https:\/\/langlegal.be\/","name":"LANG LEGAL | Cabinet de droit fiscal","description":"Cabinet de droit fiscal","potentialAction":[{"@type":"SearchAction","target":{"@type":"EntryPoint","urlTemplate":"https:\/\/langlegal.be\/?s={search_term_string}"},"query-input":{"@type":"PropertyValueSpecification","valueRequired":true,"valueName":"search_term_string"}}],"inLanguage":"fr-FR"}]}},"jetpack_sharing_enabled":true,"jetpack_shortlink":"https:\/\/wp.me\/P8S14n-23","jetpack-related-posts":[{"id":371,"url":"https:\/\/langlegal.be\/index.php\/expertise-2\/","url_meta":{"origin":127,"position":0},"title":"Ind\u00e9pendance","author":"Lang Legal","date":"12 juillet 2017","format":false,"excerpt":"Le cabinet LANG LEGAL traduit une volont\u00e9 d' ind\u00e9pendance, avec une taille et des frais limit\u00e9s, pour demeurer proche de ses clients. Cette libert\u00e9 lui permet de leur fournir un service direct et sur mesure en fiscalit\u00e9, avec leurs sp\u00e9cialistes habituels ou ceux de son r\u00e9seau pour d'autres mati\u00e8res.","rel":"","context":"Article similaire","block_context":{"text":"Article similaire","link":""},"img":{"alt_text":"Eric-G\u00e9rald Lang - avocat - lawyer - cabinet de droit fiscal belge - Belgian tax law firm","src":"https:\/\/i0.wp.com\/langlegal.be\/wp-content\/uploads\/2017\/07\/Eric-G%C3%A9rald-Lang-avocat-lawyer-cabinet-de-droit-fiscal-belge-Belgian-tax-law-firm-1.jpeg?fit=1200%2C800&ssl=1&resize=350%2C200","width":350,"height":200,"srcset":"https:\/\/i0.wp.com\/langlegal.be\/wp-content\/uploads\/2017\/07\/Eric-G%C3%A9rald-Lang-avocat-lawyer-cabinet-de-droit-fiscal-belge-Belgian-tax-law-firm-1.jpeg?fit=1200%2C800&ssl=1&resize=350%2C200 1x, https:\/\/i0.wp.com\/langlegal.be\/wp-content\/uploads\/2017\/07\/Eric-G%C3%A9rald-Lang-avocat-lawyer-cabinet-de-droit-fiscal-belge-Belgian-tax-law-firm-1.jpeg?fit=1200%2C800&ssl=1&resize=525%2C300 1.5x, https:\/\/i0.wp.com\/langlegal.be\/wp-content\/uploads\/2017\/07\/Eric-G%C3%A9rald-Lang-avocat-lawyer-cabinet-de-droit-fiscal-belge-Belgian-tax-law-firm-1.jpeg?fit=1200%2C800&ssl=1&resize=700%2C400 2x, https:\/\/i0.wp.com\/langlegal.be\/wp-content\/uploads\/2017\/07\/Eric-G%C3%A9rald-Lang-avocat-lawyer-cabinet-de-droit-fiscal-belge-Belgian-tax-law-firm-1.jpeg?fit=1200%2C800&ssl=1&resize=1050%2C600 3x"},"classes":[]},{"id":13,"url":"https:\/\/langlegal.be\/","url_meta":{"origin":127,"position":1},"title":"Bienvenue chez Lang Legal","author":"Lang Legal","date":"23 juin 2017","format":false,"excerpt":"LANG LEGAL est un cabinet d'avocat fond\u00e9 en 2017 \u00e0 Bruxelles, et d\u00e9di\u00e9 \u00e0 la pratique du droit fiscal. Son objectif est de fournir une assistance personnelle et rigoureuse \u00e0 chaque client, dans un cadre moderne, sobre et efficace.","rel":"","context":"Article similaire","block_context":{"text":"Article similaire","link":""},"img":{"alt_text":"Eric-G\u00e9rald Lang - avocat - lawyer - droit fiscal - tax law","src":"https:\/\/i0.wp.com\/langlegal.be\/wp-content\/uploads\/2017\/06\/Eric-G%C3%A9rald-Lang-avocat-lawyer-droit-fiscal-tax-law.jpg?fit=1200%2C800&ssl=1&resize=350%2C200","width":350,"height":200,"srcset":"https:\/\/i0.wp.com\/langlegal.be\/wp-content\/uploads\/2017\/06\/Eric-G%C3%A9rald-Lang-avocat-lawyer-droit-fiscal-tax-law.jpg?fit=1200%2C800&ssl=1&resize=350%2C200 1x, https:\/\/i0.wp.com\/langlegal.be\/wp-content\/uploads\/2017\/06\/Eric-G%C3%A9rald-Lang-avocat-lawyer-droit-fiscal-tax-law.jpg?fit=1200%2C800&ssl=1&resize=525%2C300 1.5x, https:\/\/i0.wp.com\/langlegal.be\/wp-content\/uploads\/2017\/06\/Eric-G%C3%A9rald-Lang-avocat-lawyer-droit-fiscal-tax-law.jpg?fit=1200%2C800&ssl=1&resize=700%2C400 2x, https:\/\/i0.wp.com\/langlegal.be\/wp-content\/uploads\/2017\/06\/Eric-G%C3%A9rald-Lang-avocat-lawyer-droit-fiscal-tax-law.jpg?fit=1200%2C800&ssl=1&resize=1050%2C600 3x"},"classes":[]},{"id":12,"url":"https:\/\/langlegal.be\/index.php\/matieres\/","url_meta":{"origin":127,"position":2},"title":"Expertise","author":"Lang Legal","date":"23 juin 2017","format":false,"excerpt":"Fort d'une expertise de plus de 15 ans dans le domaine, LANG LEGAL est exclusivement centr\u00e9 sur la pratique du droit fiscal, particuli\u00e8rement la fiscalit\u00e9 des affaires. Ayant pratiqu\u00e9 tant les imp\u00f4ts directs qu'indirects, notre objectif est d'appr\u00e9hender chaque transaction dans la globalit\u00e9 de ses cons\u00e9quences fiscales actuelles et futures.\u2026","rel":"","context":"Article similaire","block_context":{"text":"Article similaire","link":""},"img":{"alt_text":"Eric-G\u00e9rald Lang - droit fiscal - tva - vat - Belgian tax law","src":"https:\/\/i0.wp.com\/langlegal.be\/wp-content\/uploads\/2017\/07\/Eric-G%C3%A9rald-Lang-droit-fiscal-tva-vat-Belgian-tax-law.jpg?fit=1200%2C545&ssl=1&resize=350%2C200","width":350,"height":200,"srcset":"https:\/\/i0.wp.com\/langlegal.be\/wp-content\/uploads\/2017\/07\/Eric-G%C3%A9rald-Lang-droit-fiscal-tva-vat-Belgian-tax-law.jpg?fit=1200%2C545&ssl=1&resize=350%2C200 1x, https:\/\/i0.wp.com\/langlegal.be\/wp-content\/uploads\/2017\/07\/Eric-G%C3%A9rald-Lang-droit-fiscal-tva-vat-Belgian-tax-law.jpg?fit=1200%2C545&ssl=1&resize=525%2C300 1.5x, https:\/\/i0.wp.com\/langlegal.be\/wp-content\/uploads\/2017\/07\/Eric-G%C3%A9rald-Lang-droit-fiscal-tva-vat-Belgian-tax-law.jpg?fit=1200%2C545&ssl=1&resize=700%2C400 2x, https:\/\/i0.wp.com\/langlegal.be\/wp-content\/uploads\/2017\/07\/Eric-G%C3%A9rald-Lang-droit-fiscal-tva-vat-Belgian-tax-law.jpg?fit=1200%2C545&ssl=1&resize=1050%2C600 3x"},"classes":[]},{"id":9,"url":"https:\/\/langlegal.be\/index.php\/publications\/","url_meta":{"origin":127,"position":3},"title":"Publications","author":"Lang Legal","date":"23 juin 2017","format":false,"excerpt":"Publications : 2025\/12 - E.-G. Lang, \"La non-d\u00e9ductibilit\u00e9 des pertes fiscales en cas de redressement : ce dispositif qui devrait \u00eatre limit\u00e9 au seul calcul des accroissements ?\", R.G.F.C.P., 2025\/10, pp. 37-44. 2023\/01 - E.-G. Lang, \"L\u2019exon\u00e9ration du pr\u00e9compte immobilier pour improductivit\u00e9 en R\u00e9gion bruxelloise : retour sur sa lente\u2026","rel":"","context":"Article similaire","block_context":{"text":"Article similaire","link":""},"img":{"alt_text":"Eric-G\u00e9rald Lang - avocat - lawyer - droit fiscal - tax law - gratuit - free - publications","src":"https:\/\/i0.wp.com\/langlegal.be\/wp-content\/uploads\/2017\/06\/Eric-G%C3%A9rald-Lang-avocat-lawyer-droit-fiscal-tax-law-gratuit-free-publications.jpg?fit=1024%2C768&ssl=1&resize=350%2C200","width":350,"height":200,"srcset":"https:\/\/i0.wp.com\/langlegal.be\/wp-content\/uploads\/2017\/06\/Eric-G%C3%A9rald-Lang-avocat-lawyer-droit-fiscal-tax-law-gratuit-free-publications.jpg?fit=1024%2C768&ssl=1&resize=350%2C200 1x, https:\/\/i0.wp.com\/langlegal.be\/wp-content\/uploads\/2017\/06\/Eric-G%C3%A9rald-Lang-avocat-lawyer-droit-fiscal-tax-law-gratuit-free-publications.jpg?fit=1024%2C768&ssl=1&resize=525%2C300 1.5x, https:\/\/i0.wp.com\/langlegal.be\/wp-content\/uploads\/2017\/06\/Eric-G%C3%A9rald-Lang-avocat-lawyer-droit-fiscal-tax-law-gratuit-free-publications.jpg?fit=1024%2C768&ssl=1&resize=700%2C400 2x"},"classes":[]},{"id":90,"url":"https:\/\/langlegal.be\/index.php\/avocat\/","url_meta":{"origin":127,"position":4},"title":"Avocat","author":"Lang Legal","date":"23 juin 2017","format":false,"excerpt":"Eric-G\u00e9rald Lang pratique le droit fiscal depuis plus de 15 ans. Depuis ces ann\u00e9es, il assiste tant des particuliers que des PME ou des grandes entreprises de divers secteurs et sur des questions fiscales de toute nature. Son expertise couvre plus particuli\u00e8rement l'ensemble de la fiscalit\u00e9 touchant au domaine des\u2026","rel":"","context":"Article similaire","block_context":{"text":"Article similaire","link":""},"img":{"alt_text":"","src":"https:\/\/i0.wp.com\/langlegal.be\/wp-content\/uploads\/2018\/03\/EGL1-d-rectif.-nb-1.jpg?resize=350%2C200&ssl=1","width":350,"height":200,"srcset":"https:\/\/i0.wp.com\/langlegal.be\/wp-content\/uploads\/2018\/03\/EGL1-d-rectif.-nb-1.jpg?resize=350%2C200&ssl=1 1x, https:\/\/i0.wp.com\/langlegal.be\/wp-content\/uploads\/2018\/03\/EGL1-d-rectif.-nb-1.jpg?resize=525%2C300&ssl=1 1.5x, https:\/\/i0.wp.com\/langlegal.be\/wp-content\/uploads\/2018\/03\/EGL1-d-rectif.-nb-1.jpg?resize=700%2C400&ssl=1 2x"},"classes":[]},{"id":10,"url":"https:\/\/langlegal.be\/index.php\/apropos\/","url_meta":{"origin":127,"position":5},"title":"\u00c0 propos","author":"Lang Legal","date":"23 juin 2017","format":false,"excerpt":"LANG LEGAL\u00a0| Eric-G\u00e9rald Lang | avocatCabinet de droit fiscal BCE | TVA BE 0816.373.972 chauss\u00e9e de Waterloo 1135 (rez) 1180 BruxellesBelgique t. +32 (0) 227 51 07 | m. +32 (0) 2 477 569 867 info@langlegal.be | eric-gerald.lang@langlegal.be","rel":"","context":"Article similaire","block_context":{"text":"Article similaire","link":""},"img":{"alt_text":"Eric-G\u00e9rald Lang - avocat - lawyer - droit fiscal - tax law - tax shelter - tva - VAT - fiscaliste - contact","src":"https:\/\/i0.wp.com\/langlegal.be\/wp-content\/uploads\/2017\/06\/Eric-G%C3%A9rald-Lang-avocat-lawyer-droit-fiscal-tax-law-tax-shelter-tva-VAT-fiscaliste-contact.jpg?fit=1024%2C682&ssl=1&resize=350%2C200","width":350,"height":200,"srcset":"https:\/\/i0.wp.com\/langlegal.be\/wp-content\/uploads\/2017\/06\/Eric-G%C3%A9rald-Lang-avocat-lawyer-droit-fiscal-tax-law-tax-shelter-tva-VAT-fiscaliste-contact.jpg?fit=1024%2C682&ssl=1&resize=350%2C200 1x, https:\/\/i0.wp.com\/langlegal.be\/wp-content\/uploads\/2017\/06\/Eric-G%C3%A9rald-Lang-avocat-lawyer-droit-fiscal-tax-law-tax-shelter-tva-VAT-fiscaliste-contact.jpg?fit=1024%2C682&ssl=1&resize=525%2C300 1.5x, https:\/\/i0.wp.com\/langlegal.be\/wp-content\/uploads\/2017\/06\/Eric-G%C3%A9rald-Lang-avocat-lawyer-droit-fiscal-tax-law-tax-shelter-tva-VAT-fiscaliste-contact.jpg?fit=1024%2C682&ssl=1&resize=700%2C400 2x"},"classes":[]}],"_links":{"self":[{"href":"https:\/\/langlegal.be\/index.php\/wp-json\/wp\/v2\/pages\/127","targetHints":{"allow":["GET"]}}],"collection":[{"href":"https:\/\/langlegal.be\/index.php\/wp-json\/wp\/v2\/pages"}],"about":[{"href":"https:\/\/langlegal.be\/index.php\/wp-json\/wp\/v2\/types\/page"}],"author":[{"embeddable":true,"href":"https:\/\/langlegal.be\/index.php\/wp-json\/wp\/v2\/users\/1"}],"replies":[{"embeddable":true,"href":"https:\/\/langlegal.be\/index.php\/wp-json\/wp\/v2\/comments?post=127"}],"version-history":[{"count":21,"href":"https:\/\/langlegal.be\/index.php\/wp-json\/wp\/v2\/pages\/127\/revisions"}],"predecessor-version":[{"id":1609,"href":"https:\/\/langlegal.be\/index.php\/wp-json\/wp\/v2\/pages\/127\/revisions\/1609"}],"wp:featuredmedia":[{"embeddable":true,"href":"https:\/\/langlegal.be\/index.php\/wp-json\/wp\/v2\/media\/131"}],"wp:attachment":[{"href":"https:\/\/langlegal.be\/index.php\/wp-json\/wp\/v2\/media?parent=127"}],"curies":[{"name":"wp","href":"https:\/\/api.w.org\/{rel}","templated":true}]}}