{"id":13,"date":"2017-06-23T14:16:45","date_gmt":"2017-06-23T13:16:45","guid":{"rendered":"http:\/\/langlegal.be\/?page_id=13"},"modified":"2024-03-20T12:51:38","modified_gmt":"2024-03-20T11:51:38","slug":"bienvenue-chez-lang-legal","status":"publish","type":"page","link":"https:\/\/langlegal.be\/","title":{"rendered":"Bienvenue chez Lang Legal"},"content":{"rendered":"LANG LEGAL est un cabinet d&rsquo;avocat fond\u00e9 en 2017 \u00e0 Bruxelles, et d\u00e9di\u00e9 \u00e0 la pratique du droit fiscal. Son objectif est de fournir une assistance personnelle et rigoureuse \u00e0 chaque client, dans un cadre moderne, sobre et efficace.","protected":false},"excerpt":{"rendered":"<p>LANG LEGAL est un cabinet d&rsquo;avocat fond\u00e9 en 2017 \u00e0 Bruxelles, et d\u00e9di\u00e9 \u00e0 la pratique du droit fiscal. Son objectif est de fournir une assistance personnelle et rigoureuse \u00e0 chaque client, dans un cadre moderne, sobre et efficace.<\/p>\n","protected":false},"author":1,"featured_media":135,"parent":0,"menu_order":0,"comment_status":"closed","ping_status":"closed","template":"","meta":{"_acf_changed":false,"footnotes":""},"class_list":["post-13","page","type-page","status-publish","has-post-thumbnail","hentry"],"acf":[],"rise-blocks_excerpt":"LANG LEGAL est un cabinet d&rsquo;avocat fond\u00e9 en 2017 \u00e0 Bruxelles, et d\u00e9di\u00e9 \u00e0 la pratique du droit fiscal. Son objectif est de fournir une assistance personnelle et rigoureuse \u00e0 chaque client, dans un cadre moderne, sobre et efficace.","yoast_head":"<!-- This site is optimized with the Yoast SEO plugin v26.1.1 - https:\/\/yoast.com\/wordpress\/plugins\/seo\/ -->\n<title>Lang Legal, cabinet de droit fiscal | Bruxelles<\/title>\n<meta name=\"robots\" content=\"index, follow, max-snippet:-1, max-image-preview:large, max-video-preview:-1\" \/>\n<link rel=\"canonical\" href=\"https:\/\/langlegal.be\/\" \/>\n<meta property=\"og:locale\" content=\"fr_FR\" \/>\n<meta property=\"og:type\" content=\"article\" \/>\n<meta property=\"og:title\" content=\"Lang Legal, cabinet de droit fiscal | Bruxelles\" \/>\n<meta property=\"og:description\" content=\"LANG LEGAL est un cabinet d&rsquo;avocat fond\u00e9 en 2017 \u00e0 Bruxelles, et d\u00e9di\u00e9 \u00e0 la pratique du droit fiscal. Son objectif est de fournir une assistance personnelle et rigoureuse \u00e0 chaque client, dans un cadre moderne, sobre et efficace.\" \/>\n<meta property=\"og:url\" content=\"https:\/\/langlegal.be\/\" \/>\n<meta property=\"og:site_name\" content=\"LANG LEGAL\" \/>\n<meta property=\"article:modified_time\" content=\"2024-03-20T11:51:38+00:00\" \/>\n<meta property=\"og:image\" content=\"https:\/\/i0.wp.com\/langlegal.be\/wp-content\/uploads\/2017\/06\/Eric-G%C3%A9rald-Lang-avocat-lawyer-droit-fiscal-tax-law.jpg?fit=1680%2C1120&ssl=1\" \/>\n\t<meta property=\"og:image:width\" content=\"1680\" \/>\n\t<meta property=\"og:image:height\" content=\"1120\" \/>\n\t<meta property=\"og:image:type\" content=\"image\/jpeg\" \/>\n<meta name=\"twitter:card\" content=\"summary_large_image\" \/>\n<meta name=\"twitter:label1\" content=\"Dur\u00e9e de lecture estim\u00e9e\" \/>\n\t<meta name=\"twitter:data1\" content=\"1 minute\" \/>\n<script type=\"application\/ld+json\" class=\"yoast-schema-graph\">{\"@context\":\"https:\/\/schema.org\",\"@graph\":[{\"@type\":\"WebPage\",\"@id\":\"https:\/\/langlegal.be\/\",\"url\":\"https:\/\/langlegal.be\/\",\"name\":\"Lang Legal, cabinet de droit fiscal | Bruxelles\",\"isPartOf\":{\"@id\":\"https:\/\/langlegal.be\/#website\"},\"primaryImageOfPage\":{\"@id\":\"https:\/\/langlegal.be\/#primaryimage\"},\"image\":{\"@id\":\"https:\/\/langlegal.be\/#primaryimage\"},\"thumbnailUrl\":\"https:\/\/i0.wp.com\/langlegal.be\/wp-content\/uploads\/2017\/06\/Eric-G%C3%A9rald-Lang-avocat-lawyer-droit-fiscal-tax-law.jpg?fit=1680%2C1120&ssl=1\",\"datePublished\":\"2017-06-23T13:16:45+00:00\",\"dateModified\":\"2024-03-20T11:51:38+00:00\",\"breadcrumb\":{\"@id\":\"https:\/\/langlegal.be\/#breadcrumb\"},\"inLanguage\":\"fr-FR\",\"potentialAction\":[{\"@type\":\"ReadAction\",\"target\":[\"https:\/\/langlegal.be\/\"]}]},{\"@type\":\"ImageObject\",\"inLanguage\":\"fr-FR\",\"@id\":\"https:\/\/langlegal.be\/#primaryimage\",\"url\":\"https:\/\/i0.wp.com\/langlegal.be\/wp-content\/uploads\/2017\/06\/Eric-G%C3%A9rald-Lang-avocat-lawyer-droit-fiscal-tax-law.jpg?fit=1680%2C1120&ssl=1\",\"contentUrl\":\"https:\/\/i0.wp.com\/langlegal.be\/wp-content\/uploads\/2017\/06\/Eric-G%C3%A9rald-Lang-avocat-lawyer-droit-fiscal-tax-law.jpg?fit=1680%2C1120&ssl=1\",\"width\":1680,\"height\":1120,\"caption\":\"Eric-G\u00e9rald Lang - avocat - lawyer - droit fiscal - tax law\"},{\"@type\":\"BreadcrumbList\",\"@id\":\"https:\/\/langlegal.be\/#breadcrumb\",\"itemListElement\":[{\"@type\":\"ListItem\",\"position\":1,\"name\":\"Accueil\",\"item\":\"http:\/\/langlegal.be\/\"},{\"@type\":\"ListItem\",\"position\":2,\"name\":\"Bienvenue chez Lang Legal\"}]},{\"@type\":\"WebSite\",\"@id\":\"https:\/\/langlegal.be\/#website\",\"url\":\"https:\/\/langlegal.be\/\",\"name\":\"LANG LEGAL | Cabinet de droit fiscal\",\"description\":\"Cabinet de droit fiscal\",\"potentialAction\":[{\"@type\":\"SearchAction\",\"target\":{\"@type\":\"EntryPoint\",\"urlTemplate\":\"https:\/\/langlegal.be\/?s={search_term_string}\"},\"query-input\":{\"@type\":\"PropertyValueSpecification\",\"valueRequired\":true,\"valueName\":\"search_term_string\"}}],\"inLanguage\":\"fr-FR\"}]}<\/script>\n<!-- \/ Yoast SEO plugin. -->","yoast_head_json":{"title":"Lang Legal, cabinet de droit fiscal | Bruxelles","robots":{"index":"index","follow":"follow","max-snippet":"max-snippet:-1","max-image-preview":"max-image-preview:large","max-video-preview":"max-video-preview:-1"},"canonical":"https:\/\/langlegal.be\/","og_locale":"fr_FR","og_type":"article","og_title":"Lang Legal, cabinet de droit fiscal | Bruxelles","og_description":"LANG LEGAL est un cabinet d&rsquo;avocat fond\u00e9 en 2017 \u00e0 Bruxelles, et d\u00e9di\u00e9 \u00e0 la pratique du droit fiscal. Son objectif est de fournir une assistance personnelle et rigoureuse \u00e0 chaque client, dans un cadre moderne, sobre et efficace.","og_url":"https:\/\/langlegal.be\/","og_site_name":"LANG LEGAL","article_modified_time":"2024-03-20T11:51:38+00:00","og_image":[{"width":1680,"height":1120,"url":"https:\/\/i0.wp.com\/langlegal.be\/wp-content\/uploads\/2017\/06\/Eric-G%C3%A9rald-Lang-avocat-lawyer-droit-fiscal-tax-law.jpg?fit=1680%2C1120&ssl=1","type":"image\/jpeg"}],"twitter_card":"summary_large_image","twitter_misc":{"Dur\u00e9e de lecture estim\u00e9e":"1 minute"},"schema":{"@context":"https:\/\/schema.org","@graph":[{"@type":"WebPage","@id":"https:\/\/langlegal.be\/","url":"https:\/\/langlegal.be\/","name":"Lang Legal, cabinet de droit fiscal | Bruxelles","isPartOf":{"@id":"https:\/\/langlegal.be\/#website"},"primaryImageOfPage":{"@id":"https:\/\/langlegal.be\/#primaryimage"},"image":{"@id":"https:\/\/langlegal.be\/#primaryimage"},"thumbnailUrl":"https:\/\/i0.wp.com\/langlegal.be\/wp-content\/uploads\/2017\/06\/Eric-G%C3%A9rald-Lang-avocat-lawyer-droit-fiscal-tax-law.jpg?fit=1680%2C1120&ssl=1","datePublished":"2017-06-23T13:16:45+00:00","dateModified":"2024-03-20T11:51:38+00:00","breadcrumb":{"@id":"https:\/\/langlegal.be\/#breadcrumb"},"inLanguage":"fr-FR","potentialAction":[{"@type":"ReadAction","target":["https:\/\/langlegal.be\/"]}]},{"@type":"ImageObject","inLanguage":"fr-FR","@id":"https:\/\/langlegal.be\/#primaryimage","url":"https:\/\/i0.wp.com\/langlegal.be\/wp-content\/uploads\/2017\/06\/Eric-G%C3%A9rald-Lang-avocat-lawyer-droit-fiscal-tax-law.jpg?fit=1680%2C1120&ssl=1","contentUrl":"https:\/\/i0.wp.com\/langlegal.be\/wp-content\/uploads\/2017\/06\/Eric-G%C3%A9rald-Lang-avocat-lawyer-droit-fiscal-tax-law.jpg?fit=1680%2C1120&ssl=1","width":1680,"height":1120,"caption":"Eric-G\u00e9rald Lang - avocat - lawyer - droit fiscal - tax law"},{"@type":"BreadcrumbList","@id":"https:\/\/langlegal.be\/#breadcrumb","itemListElement":[{"@type":"ListItem","position":1,"name":"Accueil","item":"http:\/\/langlegal.be\/"},{"@type":"ListItem","position":2,"name":"Bienvenue chez Lang Legal"}]},{"@type":"WebSite","@id":"https:\/\/langlegal.be\/#website","url":"https:\/\/langlegal.be\/","name":"LANG LEGAL | Cabinet de droit fiscal","description":"Cabinet de droit fiscal","potentialAction":[{"@type":"SearchAction","target":{"@type":"EntryPoint","urlTemplate":"https:\/\/langlegal.be\/?s={search_term_string}"},"query-input":{"@type":"PropertyValueSpecification","valueRequired":true,"valueName":"search_term_string"}}],"inLanguage":"fr-FR"}]}},"jetpack_sharing_enabled":true,"jetpack_shortlink":"https:\/\/wp.me\/P8S14n-d","jetpack-related-posts":[{"id":10,"url":"https:\/\/langlegal.be\/index.php\/apropos\/","url_meta":{"origin":13,"position":0},"title":"\u00c0 propos","author":"Lang Legal","date":"23 juin 2017","format":false,"excerpt":"LANG LEGAL\u00a0| Eric-G\u00e9rald Lang | avocatCabinet de droit fiscal BCE | TVA BE 0816.373.972 chauss\u00e9e de Waterloo 1135 (rez) 1180 BruxellesBelgique t. +32 (0) 227 51 07 | m. +32 (0) 2 477 569 867 info@langlegal.be | eric-gerald.lang@langlegal.be","rel":"","context":"Article similaire","block_context":{"text":"Article similaire","link":""},"img":{"alt_text":"Eric-G\u00e9rald Lang - avocat - lawyer - droit fiscal - tax law - tax shelter - tva - VAT - fiscaliste - contact","src":"https:\/\/i0.wp.com\/langlegal.be\/wp-content\/uploads\/2017\/06\/Eric-G%C3%A9rald-Lang-avocat-lawyer-droit-fiscal-tax-law-tax-shelter-tva-VAT-fiscaliste-contact.jpg?fit=1024%2C682&ssl=1&resize=350%2C200","width":350,"height":200,"srcset":"https:\/\/i0.wp.com\/langlegal.be\/wp-content\/uploads\/2017\/06\/Eric-G%C3%A9rald-Lang-avocat-lawyer-droit-fiscal-tax-law-tax-shelter-tva-VAT-fiscaliste-contact.jpg?fit=1024%2C682&ssl=1&resize=350%2C200 1x, https:\/\/i0.wp.com\/langlegal.be\/wp-content\/uploads\/2017\/06\/Eric-G%C3%A9rald-Lang-avocat-lawyer-droit-fiscal-tax-law-tax-shelter-tva-VAT-fiscaliste-contact.jpg?fit=1024%2C682&ssl=1&resize=525%2C300 1.5x, https:\/\/i0.wp.com\/langlegal.be\/wp-content\/uploads\/2017\/06\/Eric-G%C3%A9rald-Lang-avocat-lawyer-droit-fiscal-tax-law-tax-shelter-tva-VAT-fiscaliste-contact.jpg?fit=1024%2C682&ssl=1&resize=700%2C400 2x"},"classes":[]},{"id":151,"url":"https:\/\/langlegal.be\/index.php\/formulaire\/","url_meta":{"origin":13,"position":1},"title":"Contact","author":"Lang Legal","date":"24 juin 2017","format":false,"excerpt":"LANG LEGAL\u00a0| Eric-G\u00e9rald Lang | avocatCabinet de droit fiscal BCE | TVA BE 0816.373.972 chauss\u00e9e de Waterloo 1135 (rez) [Vert Chasseur]1180 BruxellesBelgique t. +32 (0) ) 2 227 51 07 | m. +32 (0) 477 569 867 | info@langlegal.be | eric-gerald.lang@langlegal.be FORMULAIRE : Vous pouvez \u00e9galement prendre contact\u00a0via le formulaire\u2026","rel":"","context":"Article similaire","block_context":{"text":"Article similaire","link":""},"img":{"alt_text":"Eric-G\u00e9rald Lang - avocat - lawyer - droit fiscal - tax law - tax shelter - tva - VAT - fiscaliste - contact","src":"https:\/\/i0.wp.com\/langlegal.be\/wp-content\/uploads\/2017\/06\/Eric-G%C3%A9rald-Lang-avocat-lawyer-droit-fiscal-tax-law-tax-shelter-tva-VAT-fiscaliste-contact.jpg?fit=1024%2C682&ssl=1&resize=350%2C200","width":350,"height":200,"srcset":"https:\/\/i0.wp.com\/langlegal.be\/wp-content\/uploads\/2017\/06\/Eric-G%C3%A9rald-Lang-avocat-lawyer-droit-fiscal-tax-law-tax-shelter-tva-VAT-fiscaliste-contact.jpg?fit=1024%2C682&ssl=1&resize=350%2C200 1x, https:\/\/i0.wp.com\/langlegal.be\/wp-content\/uploads\/2017\/06\/Eric-G%C3%A9rald-Lang-avocat-lawyer-droit-fiscal-tax-law-tax-shelter-tva-VAT-fiscaliste-contact.jpg?fit=1024%2C682&ssl=1&resize=525%2C300 1.5x, https:\/\/i0.wp.com\/langlegal.be\/wp-content\/uploads\/2017\/06\/Eric-G%C3%A9rald-Lang-avocat-lawyer-droit-fiscal-tax-law-tax-shelter-tva-VAT-fiscaliste-contact.jpg?fit=1024%2C682&ssl=1&resize=700%2C400 2x"},"classes":[]},{"id":371,"url":"https:\/\/langlegal.be\/index.php\/expertise-2\/","url_meta":{"origin":13,"position":2},"title":"Ind\u00e9pendance","author":"Lang Legal","date":"12 juillet 2017","format":false,"excerpt":"Le cabinet LANG LEGAL traduit une volont\u00e9 d' ind\u00e9pendance, avec une taille et des frais limit\u00e9s, pour demeurer proche de ses clients. Cette libert\u00e9 lui permet de leur fournir un service direct et sur mesure en fiscalit\u00e9, avec leurs sp\u00e9cialistes habituels ou ceux de son r\u00e9seau pour d'autres mati\u00e8res.","rel":"","context":"Article similaire","block_context":{"text":"Article similaire","link":""},"img":{"alt_text":"Eric-G\u00e9rald Lang - avocat - lawyer - cabinet de droit fiscal belge - Belgian tax law firm","src":"https:\/\/i0.wp.com\/langlegal.be\/wp-content\/uploads\/2017\/07\/Eric-G%C3%A9rald-Lang-avocat-lawyer-cabinet-de-droit-fiscal-belge-Belgian-tax-law-firm-1.jpeg?fit=1200%2C800&ssl=1&resize=350%2C200","width":350,"height":200,"srcset":"https:\/\/i0.wp.com\/langlegal.be\/wp-content\/uploads\/2017\/07\/Eric-G%C3%A9rald-Lang-avocat-lawyer-cabinet-de-droit-fiscal-belge-Belgian-tax-law-firm-1.jpeg?fit=1200%2C800&ssl=1&resize=350%2C200 1x, https:\/\/i0.wp.com\/langlegal.be\/wp-content\/uploads\/2017\/07\/Eric-G%C3%A9rald-Lang-avocat-lawyer-cabinet-de-droit-fiscal-belge-Belgian-tax-law-firm-1.jpeg?fit=1200%2C800&ssl=1&resize=525%2C300 1.5x, https:\/\/i0.wp.com\/langlegal.be\/wp-content\/uploads\/2017\/07\/Eric-G%C3%A9rald-Lang-avocat-lawyer-cabinet-de-droit-fiscal-belge-Belgian-tax-law-firm-1.jpeg?fit=1200%2C800&ssl=1&resize=700%2C400 2x, https:\/\/i0.wp.com\/langlegal.be\/wp-content\/uploads\/2017\/07\/Eric-G%C3%A9rald-Lang-avocat-lawyer-cabinet-de-droit-fiscal-belge-Belgian-tax-law-firm-1.jpeg?fit=1200%2C800&ssl=1&resize=1050%2C600 3x"},"classes":[]},{"id":90,"url":"https:\/\/langlegal.be\/index.php\/avocat\/","url_meta":{"origin":13,"position":3},"title":"Avocat","author":"Lang Legal","date":"23 juin 2017","format":false,"excerpt":"Eric-G\u00e9rald Lang pratique le droit fiscal depuis plus de 15 ans. Depuis ces ann\u00e9es, il assiste tant des particuliers que des PME ou des grandes entreprises de divers secteurs et sur des questions fiscales de toute nature. Son expertise couvre plus particuli\u00e8rement l'ensemble de la fiscalit\u00e9 touchant au domaine des\u2026","rel":"","context":"Article similaire","block_context":{"text":"Article similaire","link":""},"img":{"alt_text":"","src":"https:\/\/i0.wp.com\/langlegal.be\/wp-content\/uploads\/2018\/03\/EGL1-d-rectif.-nb-1.jpg?resize=350%2C200&ssl=1","width":350,"height":200,"srcset":"https:\/\/i0.wp.com\/langlegal.be\/wp-content\/uploads\/2018\/03\/EGL1-d-rectif.-nb-1.jpg?resize=350%2C200&ssl=1 1x, https:\/\/i0.wp.com\/langlegal.be\/wp-content\/uploads\/2018\/03\/EGL1-d-rectif.-nb-1.jpg?resize=525%2C300&ssl=1 1.5x, https:\/\/i0.wp.com\/langlegal.be\/wp-content\/uploads\/2018\/03\/EGL1-d-rectif.-nb-1.jpg?resize=700%2C400&ssl=1 2x"},"classes":[]},{"id":448,"url":"https:\/\/langlegal.be\/index.php\/disclaimer\/","url_meta":{"origin":13,"position":4},"title":"Disclaimer","author":"Lang Legal","date":"17 juillet 2017","format":false,"excerpt":"","rel":"","context":"Article similaire","block_context":{"text":"Article similaire","link":""},"img":{"alt_text":"","src":"","width":0,"height":0},"classes":[]},{"id":1158,"url":"https:\/\/langlegal.be\/index.php\/none\/","url_meta":{"origin":13,"position":5},"title":"none","author":"Lang Legal","date":"17 d\u00e9cembre 2019","format":false,"excerpt":"","rel":"","context":"Article similaire","block_context":{"text":"Article similaire","link":""},"img":{"alt_text":"","src":"","width":0,"height":0},"classes":[]}],"_links":{"self":[{"href":"https:\/\/langlegal.be\/index.php\/wp-json\/wp\/v2\/pages\/13","targetHints":{"allow":["GET"]}}],"collection":[{"href":"https:\/\/langlegal.be\/index.php\/wp-json\/wp\/v2\/pages"}],"about":[{"href":"https:\/\/langlegal.be\/index.php\/wp-json\/wp\/v2\/types\/page"}],"author":[{"embeddable":true,"href":"https:\/\/langlegal.be\/index.php\/wp-json\/wp\/v2\/users\/1"}],"replies":[{"embeddable":true,"href":"https:\/\/langlegal.be\/index.php\/wp-json\/wp\/v2\/comments?post=13"}],"version-history":[{"count":38,"href":"https:\/\/langlegal.be\/index.php\/wp-json\/wp\/v2\/pages\/13\/revisions"}],"predecessor-version":[{"id":1445,"href":"https:\/\/langlegal.be\/index.php\/wp-json\/wp\/v2\/pages\/13\/revisions\/1445"}],"wp:featuredmedia":[{"embeddable":true,"href":"https:\/\/langlegal.be\/index.php\/wp-json\/wp\/v2\/media\/135"}],"wp:attachment":[{"href":"https:\/\/langlegal.be\/index.php\/wp-json\/wp\/v2\/media?parent=13"}],"curies":[{"name":"wp","href":"https:\/\/api.w.org\/{rel}","templated":true}]}}