{"id":204,"date":"2017-06-27T10:47:25","date_gmt":"2017-06-27T08:47:25","guid":{"rendered":"http:\/\/langlegal.be\/?page_id=204"},"modified":"2026-01-27T13:17:01","modified_gmt":"2026-01-27T12:17:01","slug":"form","status":"publish","type":"page","link":"https:\/\/langlegal.be\/index.php\/en\/form\/","title":{"rendered":"Contact"},"content":{"rendered":"\n<p><span style=\"color: #78161a;\"><strong>LANG LEGAL<\/strong><\/span>&nbsp;| Eric-G\u00e9rald Lang | lawyer<br><span style=\"color: #808080;\">Tax Law Firm<\/span><\/p>\n\n\n\n<p>CBE | VAT BE 0816.373.972<\/p>\n\n\n\n<p>chauss\u00e9e de Waterloo 1135 (rez) [Vert Chasseur]<br>1180 Brussels<br>Belgium<\/p>\n\n\n\n<p><strong><span style=\"color: #78161a;\">t. <\/span><\/strong><span style=\"color: #78161a;\"><span style=\"color: #000000;\"><a href=\"tel:+3222275107\">+32 (0<span style=\"color: #78161a;\"><span style=\"color: #000000;\"><a href=\"tel:+3222275107\">) <span style=\"color: #78161a;\"><span style=\"color: #000000;\"><\/span><\/span>2 227 51 07<\/a><\/span><\/span><\/a> |<\/span> <\/span><strong><span style=\"color: #78161a;\">m.<\/span><\/strong> <a href=\"tel:+32477569867\">+32 (0) 477 569 867<\/a><\/p>\n\n\n\n<p><a href=\"http:\/\/www.linkedin.com\/in\/eric-g\u00e9rald-lang\" target=\"_blank\" rel=\"noopener\"><img data-recalc-dims=\"1\" loading=\"lazy\" decoding=\"async\" data-attachment-id=\"649\" data-permalink=\"https:\/\/langlegal.be\/index.php\/en\/contact\/linkedin-2\/\" data-orig-file=\"https:\/\/i0.wp.com\/langlegal.be\/wp-content\/uploads\/2017\/06\/linkedin-1.gif?fit=20%2C20&amp;ssl=1\" data-orig-size=\"20,20\" data-comments-opened=\"1\" data-image-meta=\"{&quot;aperture&quot;:&quot;0&quot;,&quot;credit&quot;:&quot;&quot;,&quot;camera&quot;:&quot;&quot;,&quot;caption&quot;:&quot;&quot;,&quot;created_timestamp&quot;:&quot;0&quot;,&quot;copyright&quot;:&quot;&quot;,&quot;focal_length&quot;:&quot;0&quot;,&quot;iso&quot;:&quot;0&quot;,&quot;shutter_speed&quot;:&quot;0&quot;,&quot;title&quot;:&quot;&quot;,&quot;orientation&quot;:&quot;0&quot;}\" data-image-title=\"Eric-G\u00e9rald Lang &amp;#8211; Lang Legal &amp;#8211; Belgian tax law firm &amp;#8211; vat\" data-image-description=\"\" data-image-caption=\"\" data-medium-file=\"https:\/\/i0.wp.com\/langlegal.be\/wp-content\/uploads\/2017\/06\/linkedin-1.gif?fit=20%2C20&amp;ssl=1\" data-large-file=\"https:\/\/i0.wp.com\/langlegal.be\/wp-content\/uploads\/2017\/06\/linkedin-1.gif?fit=20%2C20&amp;ssl=1\" class=\"alignnone wp-image-649 size-full\" src=\"https:\/\/i0.wp.com\/langlegal.be\/wp-content\/uploads\/2017\/06\/linkedin-1.gif?resize=20%2C20\" alt=\"Eric-G\u00e9rald Lang - Lang Legal - Belgian tax law firm - vat\" width=\"20\" height=\"20\"><\/a> | <a href=\"mailto:info@langlegal.be\">info@langlegal.be<\/a> | <a href=\"mailto:eric-gerald.lang@langlegal.be\">eric-gerald.lang@langlegal.be<\/a><\/p>\n\n\n\n<hr class=\"wp-block-separator has-alpha-channel-opacity\"\/>\n\n\n\n<p><strong><span style=\"color: #78161a;\">FILL IN THE FORM:<\/span><\/strong><\/p>\n\n\n\n<p>Please also feel free to contact us with the form below:<\/p>\n\n\n<div class=\"wpforms-container wpforms-container-full\" id=\"wpforms-255\"><form id=\"wpforms-form-255\" class=\"wpforms-validate wpforms-form\" data-formid=\"255\" method=\"post\" enctype=\"multipart\/form-data\" action=\"\/index.php\/wp-json\/wp\/v2\/pages\/204\" data-token=\"8968c404b95ed8e88ed050f92ff741d2\" data-token-time=\"1777054767\"><noscript class=\"wpforms-error-noscript\">Veuillez activer JavaScript dans votre navigateur pour remplir ce formulaire.<\/noscript><div class=\"wpforms-field-container\"><div id=\"wpforms-255-field_1-container\" class=\"wpforms-field wpforms-field-email\" data-field-id=\"1\"><label class=\"wpforms-field-label\" for=\"wpforms-255-field_1\">email:<\/label><input type=\"email\" id=\"wpforms-255-field_1\" class=\"wpforms-field-medium\" name=\"wpforms[fields][1]\" spellcheck=\"false\" ><\/div><div id=\"wpforms-255-field_3-container\" class=\"wpforms-field wpforms-field-textarea\" data-field-id=\"3\"><label class=\"wpforms-field-label\" for=\"wpforms-255-field_3\">Message:<\/label><textarea id=\"wpforms-255-field_3\" class=\"wpforms-field-medium\" name=\"wpforms[fields][3]\" ><\/textarea><\/div><\/div><!-- .wpforms-field-container --><div class=\"wpforms-field wpforms-field-hp\"><label for=\"wpforms-255-field-hp\" class=\"wpforms-field-label\">Website<\/label><input type=\"text\" name=\"wpforms[hp]\" id=\"wpforms-255-field-hp\" class=\"wpforms-field-medium\"><\/div><div class=\"wpforms-submit-container\" ><input type=\"hidden\" name=\"wpforms[id]\" value=\"255\"><input type=\"hidden\" name=\"page_title\" value=\"\"><input type=\"hidden\" name=\"page_url\" value=\"https:\/\/langlegal.be\/index.php\/wp-json\/wp\/v2\/pages\/204\"><input type=\"hidden\" name=\"url_referer\" value=\"\"><button type=\"submit\" name=\"wpforms[submit]\" id=\"wpforms-submit-255\" class=\"wpforms-submit\" data-alt-text=\"Sending...\" data-submit-text=\"Send\" aria-live=\"assertive\" value=\"wpforms-submit\">Send<\/button><\/div><\/form><\/div>  <!-- .wpforms-container -->\n\n\n\n<p>If you raise a tax matter, we will also first follow it up <strong><span style=\"color: #78161a;\">free of charges<\/span><\/strong> and of any <strong><span style=\"color: #78161a;\">commitment<\/span><\/strong> from both sides.<\/p>\n","protected":false},"excerpt":{"rendered":"<p>LANG LEGAL&nbsp;| Eric-G\u00e9rald Lang | lawyerTax Law Firm CBE | VAT BE 0816.373.972 chauss\u00e9e de Waterloo 1135 (rez) [Vert Chasseur]1180 BrusselsBelgium t. +32 (0) 2 227 51 07 | m. +32 (0) 477 569 867 | info@langlegal.be | eric-gerald.lang@langlegal.be FILL IN THE FORM: Please also feel free to contact us with the form below: If [&hellip;]<\/p>\n","protected":false},"author":1,"featured_media":743,"parent":0,"menu_order":0,"comment_status":"closed","ping_status":"closed","template":"","meta":{"_acf_changed":false,"footnotes":""},"class_list":["post-204","page","type-page","status-publish","has-post-thumbnail","hentry"],"acf":[],"rise-blocks_excerpt":"LANG LEGAL&nbsp;| Eric-G\u00e9rald Lang | lawyerTax Law Firm CBE | VAT BE 0816.373.972 chauss\u00e9e de Waterloo 1135 (rez) [Vert Chasseur]1180 BrusselsBelgium t. +32 (0) 2 227 51 07 | m. +32 (0) 477 569 867 | info@langlegal.be | eric-gerald.lang@langlegal.be FILL IN THE FORM: Please also feel free to contact us with the form below: If you raise a tax matter,..","yoast_head":"<!-- This site is optimized with the Yoast SEO plugin v26.1.1 - https:\/\/yoast.com\/wordpress\/plugins\/seo\/ -->\n<title>Contact | LANG LEGAL<\/title>\n<meta name=\"robots\" content=\"index, follow, max-snippet:-1, max-image-preview:large, max-video-preview:-1\" \/>\n<link rel=\"canonical\" href=\"https:\/\/langlegal.be\/index.php\/en\/form\/\" \/>\n<meta property=\"og:locale\" content=\"fr_FR\" \/>\n<meta property=\"og:type\" content=\"article\" \/>\n<meta property=\"og:title\" content=\"Contact | LANG LEGAL\" \/>\n<meta property=\"og:description\" content=\"LANG LEGAL&nbsp;| Eric-G\u00e9rald Lang | lawyerTax Law Firm CBE | VAT BE 0816.373.972 chauss\u00e9e de Waterloo 1135 (rez) [Vert Chasseur]1180 BrusselsBelgium t. +32 (0) 2 227 51 07 | m. +32 (0) 477 569 867 | info@langlegal.be | eric-gerald.lang@langlegal.be FILL IN THE FORM: Please also feel free to contact us with the form below: If [&hellip;]\" \/>\n<meta property=\"og:url\" content=\"https:\/\/langlegal.be\/index.php\/en\/form\/\" \/>\n<meta property=\"og:site_name\" content=\"LANG LEGAL\" \/>\n<meta property=\"article:modified_time\" content=\"2026-01-27T12:17:01+00:00\" \/>\n<meta property=\"og:image\" content=\"http:\/\/langlegal.be\/wp-content\/uploads\/2017\/06\/smartphone-notebook-technology-calendar.jpg\" \/>\n\t<meta property=\"og:image:width\" content=\"800\" \/>\n\t<meta property=\"og:image:height\" content=\"533\" \/>\n\t<meta property=\"og:image:type\" content=\"image\/jpeg\" \/>\n<meta name=\"twitter:card\" content=\"summary_large_image\" \/>\n<meta name=\"twitter:label1\" content=\"Dur\u00e9e de lecture estim\u00e9e\" \/>\n\t<meta name=\"twitter:data1\" content=\"1 minute\" \/>\n<script type=\"application\/ld+json\" class=\"yoast-schema-graph\">{\"@context\":\"https:\/\/schema.org\",\"@graph\":[{\"@type\":\"WebPage\",\"@id\":\"https:\/\/langlegal.be\/index.php\/en\/form\/\",\"url\":\"https:\/\/langlegal.be\/index.php\/en\/form\/\",\"name\":\"Contact | LANG LEGAL\",\"isPartOf\":{\"@id\":\"https:\/\/langlegal.be\/#website\"},\"primaryImageOfPage\":{\"@id\":\"https:\/\/langlegal.be\/index.php\/en\/form\/#primaryimage\"},\"image\":{\"@id\":\"https:\/\/langlegal.be\/index.php\/en\/form\/#primaryimage\"},\"thumbnailUrl\":\"https:\/\/i0.wp.com\/langlegal.be\/wp-content\/uploads\/2017\/06\/smartphone-notebook-technology-calendar.jpg?fit=800%2C533&ssl=1\",\"datePublished\":\"2017-06-27T08:47:25+00:00\",\"dateModified\":\"2026-01-27T12:17:01+00:00\",\"breadcrumb\":{\"@id\":\"https:\/\/langlegal.be\/index.php\/en\/form\/#breadcrumb\"},\"inLanguage\":\"fr-FR\",\"potentialAction\":[{\"@type\":\"ReadAction\",\"target\":[\"https:\/\/langlegal.be\/index.php\/en\/form\/\"]}]},{\"@type\":\"ImageObject\",\"inLanguage\":\"fr-FR\",\"@id\":\"https:\/\/langlegal.be\/index.php\/en\/form\/#primaryimage\",\"url\":\"https:\/\/i0.wp.com\/langlegal.be\/wp-content\/uploads\/2017\/06\/smartphone-notebook-technology-calendar.jpg?fit=800%2C533&ssl=1\",\"contentUrl\":\"https:\/\/i0.wp.com\/langlegal.be\/wp-content\/uploads\/2017\/06\/smartphone-notebook-technology-calendar.jpg?fit=800%2C533&ssl=1\",\"width\":800,\"height\":533},{\"@type\":\"BreadcrumbList\",\"@id\":\"https:\/\/langlegal.be\/index.php\/en\/form\/#breadcrumb\",\"itemListElement\":[{\"@type\":\"ListItem\",\"position\":1,\"name\":\"Accueil\",\"item\":\"http:\/\/langlegal.be\/\"},{\"@type\":\"ListItem\",\"position\":2,\"name\":\"Contact\"}]},{\"@type\":\"WebSite\",\"@id\":\"https:\/\/langlegal.be\/#website\",\"url\":\"https:\/\/langlegal.be\/\",\"name\":\"LANG LEGAL | Cabinet de droit fiscal\",\"description\":\"Cabinet de droit fiscal\",\"potentialAction\":[{\"@type\":\"SearchAction\",\"target\":{\"@type\":\"EntryPoint\",\"urlTemplate\":\"https:\/\/langlegal.be\/?s={search_term_string}\"},\"query-input\":{\"@type\":\"PropertyValueSpecification\",\"valueRequired\":true,\"valueName\":\"search_term_string\"}}],\"inLanguage\":\"fr-FR\"}]}<\/script>\n<!-- \/ Yoast SEO plugin. -->","yoast_head_json":{"title":"Contact | LANG LEGAL","robots":{"index":"index","follow":"follow","max-snippet":"max-snippet:-1","max-image-preview":"max-image-preview:large","max-video-preview":"max-video-preview:-1"},"canonical":"https:\/\/langlegal.be\/index.php\/en\/form\/","og_locale":"fr_FR","og_type":"article","og_title":"Contact | LANG LEGAL","og_description":"LANG LEGAL&nbsp;| Eric-G\u00e9rald Lang | lawyerTax Law Firm CBE | VAT BE 0816.373.972 chauss\u00e9e de Waterloo 1135 (rez) [Vert Chasseur]1180 BrusselsBelgium t. +32 (0) 2 227 51 07 | m. +32 (0) 477 569 867 | info@langlegal.be | eric-gerald.lang@langlegal.be FILL IN THE FORM: Please also feel free to contact us with the form below: If [&hellip;]","og_url":"https:\/\/langlegal.be\/index.php\/en\/form\/","og_site_name":"LANG LEGAL","article_modified_time":"2026-01-27T12:17:01+00:00","og_image":[{"width":800,"height":533,"url":"http:\/\/langlegal.be\/wp-content\/uploads\/2017\/06\/smartphone-notebook-technology-calendar.jpg","type":"image\/jpeg"}],"twitter_card":"summary_large_image","twitter_misc":{"Dur\u00e9e de lecture estim\u00e9e":"1 minute"},"schema":{"@context":"https:\/\/schema.org","@graph":[{"@type":"WebPage","@id":"https:\/\/langlegal.be\/index.php\/en\/form\/","url":"https:\/\/langlegal.be\/index.php\/en\/form\/","name":"Contact | LANG LEGAL","isPartOf":{"@id":"https:\/\/langlegal.be\/#website"},"primaryImageOfPage":{"@id":"https:\/\/langlegal.be\/index.php\/en\/form\/#primaryimage"},"image":{"@id":"https:\/\/langlegal.be\/index.php\/en\/form\/#primaryimage"},"thumbnailUrl":"https:\/\/i0.wp.com\/langlegal.be\/wp-content\/uploads\/2017\/06\/smartphone-notebook-technology-calendar.jpg?fit=800%2C533&ssl=1","datePublished":"2017-06-27T08:47:25+00:00","dateModified":"2026-01-27T12:17:01+00:00","breadcrumb":{"@id":"https:\/\/langlegal.be\/index.php\/en\/form\/#breadcrumb"},"inLanguage":"fr-FR","potentialAction":[{"@type":"ReadAction","target":["https:\/\/langlegal.be\/index.php\/en\/form\/"]}]},{"@type":"ImageObject","inLanguage":"fr-FR","@id":"https:\/\/langlegal.be\/index.php\/en\/form\/#primaryimage","url":"https:\/\/i0.wp.com\/langlegal.be\/wp-content\/uploads\/2017\/06\/smartphone-notebook-technology-calendar.jpg?fit=800%2C533&ssl=1","contentUrl":"https:\/\/i0.wp.com\/langlegal.be\/wp-content\/uploads\/2017\/06\/smartphone-notebook-technology-calendar.jpg?fit=800%2C533&ssl=1","width":800,"height":533},{"@type":"BreadcrumbList","@id":"https:\/\/langlegal.be\/index.php\/en\/form\/#breadcrumb","itemListElement":[{"@type":"ListItem","position":1,"name":"Accueil","item":"http:\/\/langlegal.be\/"},{"@type":"ListItem","position":2,"name":"Contact"}]},{"@type":"WebSite","@id":"https:\/\/langlegal.be\/#website","url":"https:\/\/langlegal.be\/","name":"LANG LEGAL | Cabinet de droit fiscal","description":"Cabinet de droit fiscal","potentialAction":[{"@type":"SearchAction","target":{"@type":"EntryPoint","urlTemplate":"https:\/\/langlegal.be\/?s={search_term_string}"},"query-input":{"@type":"PropertyValueSpecification","valueRequired":true,"valueName":"search_term_string"}}],"inLanguage":"fr-FR"}]}},"jetpack_sharing_enabled":true,"jetpack_shortlink":"https:\/\/wp.me\/P8S14n-3i","jetpack-related-posts":[{"id":213,"url":"https:\/\/langlegal.be\/index.php\/en\/contact\/","url_meta":{"origin":204,"position":0},"title":"About","author":"Lang Legal","date":"27 juin 2017","format":false,"excerpt":"LANG LEGAL\u00a0| Eric-G\u00e9rald Lang | lawyerTax Law Firm CBE | VAT BE 0816.373.972 chauss\u00e9e de Waterloo 11351180 BrusselsBelgium t. +32 (0) 2 227 51 07 | m. +32 (0) 477 569 867 info@langlegal.be | eric-gerald.lang@langlegal.be","rel":"","context":"Article similaire","block_context":{"text":"Article similaire","link":""},"img":{"alt_text":"Eric-G\u00e9rald Lang - avocat - lawyer - droit fiscal - tax law - tax shelter - tva - VAT - fiscaliste - contact","src":"https:\/\/i0.wp.com\/langlegal.be\/wp-content\/uploads\/2017\/06\/Eric-G%C3%A9rald-Lang-avocat-lawyer-droit-fiscal-tax-law-tax-shelter-tva-VAT-fiscaliste-contact.jpg?fit=1024%2C682&ssl=1&resize=350%2C200","width":350,"height":200,"srcset":"https:\/\/i0.wp.com\/langlegal.be\/wp-content\/uploads\/2017\/06\/Eric-G%C3%A9rald-Lang-avocat-lawyer-droit-fiscal-tax-law-tax-shelter-tva-VAT-fiscaliste-contact.jpg?fit=1024%2C682&ssl=1&resize=350%2C200 1x, https:\/\/i0.wp.com\/langlegal.be\/wp-content\/uploads\/2017\/06\/Eric-G%C3%A9rald-Lang-avocat-lawyer-droit-fiscal-tax-law-tax-shelter-tva-VAT-fiscaliste-contact.jpg?fit=1024%2C682&ssl=1&resize=525%2C300 1.5x, https:\/\/i0.wp.com\/langlegal.be\/wp-content\/uploads\/2017\/06\/Eric-G%C3%A9rald-Lang-avocat-lawyer-droit-fiscal-tax-law-tax-shelter-tva-VAT-fiscaliste-contact.jpg?fit=1024%2C682&ssl=1&resize=700%2C400 2x"},"classes":[]},{"id":526,"url":"https:\/\/langlegal.be\/index.php\/en\/publications-2\/","url_meta":{"origin":204,"position":1},"title":"Publications","author":"Lang Legal","date":"19 juillet 2017","format":false,"excerpt":"Publications : 2025\/12 - E.-G. Lang, \"La non-d\u00e9ductibilit\u00e9 des pertes fiscales en cas de redressement : ce dispositif qui devrait \u00eatre limit\u00e9 au seul calcul des accroissements ?\", R.G.F.C.P., 2025\/10, pp. 37-44. 2023\/01 - E.-G. Lang, \"L\u2019exon\u00e9ration du pr\u00e9compte immobilier pour improductivit\u00e9 en R\u00e9gion bruxelloise : retour sur sa lente\u2026","rel":"","context":"Article similaire","block_context":{"text":"Article similaire","link":""},"img":{"alt_text":"Eric-G\u00e9rald Lang - avocat - lawyer - droit fiscal - tax law - gratuit - free - publications","src":"https:\/\/i0.wp.com\/langlegal.be\/wp-content\/uploads\/2017\/06\/Eric-G%C3%A9rald-Lang-avocat-lawyer-droit-fiscal-tax-law-gratuit-free-publications.jpg?fit=1024%2C768&ssl=1&resize=350%2C200","width":350,"height":200,"srcset":"https:\/\/i0.wp.com\/langlegal.be\/wp-content\/uploads\/2017\/06\/Eric-G%C3%A9rald-Lang-avocat-lawyer-droit-fiscal-tax-law-gratuit-free-publications.jpg?fit=1024%2C768&ssl=1&resize=350%2C200 1x, https:\/\/i0.wp.com\/langlegal.be\/wp-content\/uploads\/2017\/06\/Eric-G%C3%A9rald-Lang-avocat-lawyer-droit-fiscal-tax-law-gratuit-free-publications.jpg?fit=1024%2C768&ssl=1&resize=525%2C300 1.5x, https:\/\/i0.wp.com\/langlegal.be\/wp-content\/uploads\/2017\/06\/Eric-G%C3%A9rald-Lang-avocat-lawyer-droit-fiscal-tax-law-gratuit-free-publications.jpg?fit=1024%2C768&ssl=1&resize=700%2C400 2x"},"classes":[]},{"id":180,"url":"https:\/\/langlegal.be\/index.php\/en\/","url_meta":{"origin":204,"position":2},"title":"Lang Legal : Belgian tax law firm","author":"Lang Legal","date":"26 juin 2017","format":false,"excerpt":"Welcome to Lang Legal, a newly Belgian law firm in Brussels dedicated to tax. \u00a0Its launching originates with the will to deliver a strong and specialized assistance to its clients, through an easy, modern and efficient structure. \u00a0Both new technologies and Today's environment enable such an alternative.","rel":"","context":"Article similaire","block_context":{"text":"Article similaire","link":""},"img":{"alt_text":"Eric-G\u00e9rald Lang - avocat - lawyer - droit fiscal - tax law - Belgique - Belgium - Bruxelles - Brussels","src":"https:\/\/i0.wp.com\/langlegal.be\/wp-content\/uploads\/2017\/07\/Eric-G%C3%A9rald-Lang-avocat-lawyer-droit-fiscal-tax-law.jpg?fit=1200%2C800&ssl=1&resize=350%2C200","width":350,"height":200,"srcset":"https:\/\/i0.wp.com\/langlegal.be\/wp-content\/uploads\/2017\/07\/Eric-G%C3%A9rald-Lang-avocat-lawyer-droit-fiscal-tax-law.jpg?fit=1200%2C800&ssl=1&resize=350%2C200 1x, https:\/\/i0.wp.com\/langlegal.be\/wp-content\/uploads\/2017\/07\/Eric-G%C3%A9rald-Lang-avocat-lawyer-droit-fiscal-tax-law.jpg?fit=1200%2C800&ssl=1&resize=525%2C300 1.5x, https:\/\/i0.wp.com\/langlegal.be\/wp-content\/uploads\/2017\/07\/Eric-G%C3%A9rald-Lang-avocat-lawyer-droit-fiscal-tax-law.jpg?fit=1200%2C800&ssl=1&resize=700%2C400 2x, https:\/\/i0.wp.com\/langlegal.be\/wp-content\/uploads\/2017\/07\/Eric-G%C3%A9rald-Lang-avocat-lawyer-droit-fiscal-tax-law.jpg?fit=1200%2C800&ssl=1&resize=1050%2C600 3x"},"classes":[]},{"id":400,"url":"https:\/\/langlegal.be\/index.php\/en\/independency\/","url_meta":{"origin":204,"position":3},"title":"Independency","author":"Lang Legal","date":"14 juillet 2017","format":false,"excerpt":"LANG LEGAL aims at being resolutely independent, while keeping small-sized, to stay flexible and close to its clients. This total independence allows the firm to provide tailor-made solutions to its clients, eventually in partnership with their own advisers or advisers from its professional network.","rel":"","context":"Article similaire","block_context":{"text":"Article similaire","link":""},"img":{"alt_text":"Eric-G\u00e9rald Lang - avocat - lawyer - cabinet de droit fiscal belge - Belgian tax law firm","src":"https:\/\/i0.wp.com\/langlegal.be\/wp-content\/uploads\/2017\/07\/Eric-G%C3%A9rald-Lang-avocat-lawyer-cabinet-de-droit-fiscal-belge-Belgian-tax-law-firm-1.jpeg?fit=1200%2C800&ssl=1&resize=350%2C200","width":350,"height":200,"srcset":"https:\/\/i0.wp.com\/langlegal.be\/wp-content\/uploads\/2017\/07\/Eric-G%C3%A9rald-Lang-avocat-lawyer-cabinet-de-droit-fiscal-belge-Belgian-tax-law-firm-1.jpeg?fit=1200%2C800&ssl=1&resize=350%2C200 1x, https:\/\/i0.wp.com\/langlegal.be\/wp-content\/uploads\/2017\/07\/Eric-G%C3%A9rald-Lang-avocat-lawyer-cabinet-de-droit-fiscal-belge-Belgian-tax-law-firm-1.jpeg?fit=1200%2C800&ssl=1&resize=525%2C300 1.5x, https:\/\/i0.wp.com\/langlegal.be\/wp-content\/uploads\/2017\/07\/Eric-G%C3%A9rald-Lang-avocat-lawyer-cabinet-de-droit-fiscal-belge-Belgian-tax-law-firm-1.jpeg?fit=1200%2C800&ssl=1&resize=700%2C400 2x, https:\/\/i0.wp.com\/langlegal.be\/wp-content\/uploads\/2017\/07\/Eric-G%C3%A9rald-Lang-avocat-lawyer-cabinet-de-droit-fiscal-belge-Belgian-tax-law-firm-1.jpeg?fit=1200%2C800&ssl=1&resize=1050%2C600 3x"},"classes":[]},{"id":184,"url":"https:\/\/langlegal.be\/index.php\/en\/lawyer\/","url_meta":{"origin":204,"position":4},"title":"Lawyer","author":"Lang Legal","date":"26 juin 2017","format":false,"excerpt":"Eric-G\u00e9rald Lang has been practicing tax law since more than 15 years. Over these years, he has been assisting both individuals as SMEs and large group companies in various sectors and on all kind of tax aspects. His expertise covers more specifically key tax matters pertaining to business, which notably\u2026","rel":"","context":"Article similaire","block_context":{"text":"Article similaire","link":""},"img":{"alt_text":"","src":"https:\/\/i0.wp.com\/langlegal.be\/wp-content\/uploads\/2018\/03\/EGL1-d-rectif.-nb-1.jpg?resize=350%2C200&ssl=1","width":350,"height":200,"srcset":"https:\/\/i0.wp.com\/langlegal.be\/wp-content\/uploads\/2018\/03\/EGL1-d-rectif.-nb-1.jpg?resize=350%2C200&ssl=1 1x, https:\/\/i0.wp.com\/langlegal.be\/wp-content\/uploads\/2018\/03\/EGL1-d-rectif.-nb-1.jpg?resize=525%2C300&ssl=1 1.5x, https:\/\/i0.wp.com\/langlegal.be\/wp-content\/uploads\/2018\/03\/EGL1-d-rectif.-nb-1.jpg?resize=700%2C400&ssl=1 2x"},"classes":[]},{"id":736,"url":"https:\/\/langlegal.be\/index.php\/en\/news\/","url_meta":{"origin":204,"position":5},"title":"News","author":"Lang Legal","date":"17 octobre 2017","format":false,"excerpt":"","rel":"","context":"Article similaire","block_context":{"text":"Article similaire","link":""},"img":{"alt_text":"","src":"","width":0,"height":0},"classes":[]}],"_links":{"self":[{"href":"https:\/\/langlegal.be\/index.php\/wp-json\/wp\/v2\/pages\/204","targetHints":{"allow":["GET"]}}],"collection":[{"href":"https:\/\/langlegal.be\/index.php\/wp-json\/wp\/v2\/pages"}],"about":[{"href":"https:\/\/langlegal.be\/index.php\/wp-json\/wp\/v2\/types\/page"}],"author":[{"embeddable":true,"href":"https:\/\/langlegal.be\/index.php\/wp-json\/wp\/v2\/users\/1"}],"replies":[{"embeddable":true,"href":"https:\/\/langlegal.be\/index.php\/wp-json\/wp\/v2\/comments?post=204"}],"version-history":[{"count":18,"href":"https:\/\/langlegal.be\/index.php\/wp-json\/wp\/v2\/pages\/204\/revisions"}],"predecessor-version":[{"id":1587,"href":"https:\/\/langlegal.be\/index.php\/wp-json\/wp\/v2\/pages\/204\/revisions\/1587"}],"wp:featuredmedia":[{"embeddable":true,"href":"https:\/\/langlegal.be\/index.php\/wp-json\/wp\/v2\/media\/743"}],"wp:attachment":[{"href":"https:\/\/langlegal.be\/index.php\/wp-json\/wp\/v2\/media?parent=204"}],"curies":[{"name":"wp","href":"https:\/\/api.w.org\/{rel}","templated":true}]}}