{"id":268,"date":"2017-07-07T15:19:10","date_gmt":"2017-07-07T13:19:10","guid":{"rendered":"http:\/\/langlegal.be\/?page_id=268"},"modified":"2026-01-27T13:17:51","modified_gmt":"2026-01-27T12:17:51","slug":"contact-3","status":"publish","type":"page","link":"https:\/\/langlegal.be\/index.php\/nl\/contact-3\/","title":{"rendered":"Contact"},"content":{"rendered":"\n<p><span style=\"color: #78161a;\"><strong>LANG LEGAL<\/strong><\/span>&nbsp;| Eric-G\u00e9rald Lang | advocaat<br>Fiscale advocaatkantoor<\/p>\n\n\n\n<p>KBO | BTW BE 0816.373.972<\/p>\n\n\n\n<p>Waterloosesteenweg 1135 (Groene Jager)<br>1180 Brussel<br>Belgium<\/p>\n\n\n\n<p><strong><span style=\"color: #78161a;\">t. <\/span><\/strong><span style=\"color: #78161a;\"><span style=\"color: #000000;\"><a href=\"tel:+3222275107\">+32 (0) <span style=\"color: #78161a;\"><span style=\"color: #000000;\"><\/span><\/span>2 227 51 07<\/a><\/span><\/span> | <strong><span style=\"color: #78161a;\">m.<\/span><\/strong> <a href=\"tel:+32477569867\">+32 (0) 477 569 867<\/a><\/p>\n\n\n\n<p><a href=\"http:\/\/www.linkedin.com\/in\/eric-g\u00e9rald-lang\" target=\"_blank\" rel=\"noopener\"><img data-recalc-dims=\"1\" loading=\"lazy\" decoding=\"async\" data-attachment-id=\"652\" data-permalink=\"https:\/\/langlegal.be\/index.php\/nl\/over\/linkedin-3\/\" data-orig-file=\"https:\/\/i0.wp.com\/langlegal.be\/wp-content\/uploads\/2017\/06\/linkedin-2.gif?fit=20%2C20&amp;ssl=1\" data-orig-size=\"20,20\" data-comments-opened=\"1\" data-image-meta=\"{&quot;aperture&quot;:&quot;0&quot;,&quot;credit&quot;:&quot;&quot;,&quot;camera&quot;:&quot;&quot;,&quot;caption&quot;:&quot;&quot;,&quot;created_timestamp&quot;:&quot;0&quot;,&quot;copyright&quot;:&quot;&quot;,&quot;focal_length&quot;:&quot;0&quot;,&quot;iso&quot;:&quot;0&quot;,&quot;shutter_speed&quot;:&quot;0&quot;,&quot;title&quot;:&quot;&quot;,&quot;orientation&quot;:&quot;0&quot;}\" data-image-title=\"linkedin\" data-image-description=\"&lt;p&gt;Eric-G\u00e9rald Lang &amp;#8211; Lang Legal &amp;#8211; Fiscaal recht kantoor &amp;#8211; btw&lt;\/p&gt;\n\" data-image-caption=\"\" data-medium-file=\"https:\/\/i0.wp.com\/langlegal.be\/wp-content\/uploads\/2017\/06\/linkedin-2.gif?fit=20%2C20&amp;ssl=1\" data-large-file=\"https:\/\/i0.wp.com\/langlegal.be\/wp-content\/uploads\/2017\/06\/linkedin-2.gif?fit=20%2C20&amp;ssl=1\" class=\"alignnone wp-image-652 size-full\" src=\"https:\/\/i0.wp.com\/langlegal.be\/wp-content\/uploads\/2017\/06\/linkedin-2.gif?resize=20%2C20\" alt=\"Eric-G\u00e9rald Lang - Lang Legal - Fiscaal recht kantoor - btw\" width=\"20\" height=\"20\"><\/a> | <a href=\"mailto:info@langlegal.be\">info@langlegal.be<\/a> | <a href=\"mailto:eric-gerald.lang@langlegal.be\">eric-gerald.lang@langlegal.be<\/a><\/p>\n\n\n\n<hr class=\"wp-block-separator has-alpha-channel-opacity\"\/>\n\n\n\n<p><strong><span style=\"color: #78161a;\">FORMULIER:<\/span><\/strong><\/p>\n\n\n\n<p>U kunt ons ook bereiken via het onderstaand formulier:<\/p>\n\n\n<div class=\"wpforms-container wpforms-container-full\" id=\"wpforms-255\"><form id=\"wpforms-form-255\" class=\"wpforms-validate wpforms-form\" data-formid=\"255\" method=\"post\" enctype=\"multipart\/form-data\" action=\"\/index.php\/wp-json\/wp\/v2\/pages\/268\" data-token=\"109c30f17b7f99527a3a47895a85bafe\" data-token-time=\"1776304956\"><noscript class=\"wpforms-error-noscript\">Veuillez activer JavaScript dans votre navigateur pour remplir ce formulaire.<\/noscript><div class=\"wpforms-field-container\"><div id=\"wpforms-255-field_1-container\" class=\"wpforms-field wpforms-field-email\" data-field-id=\"1\"><label class=\"wpforms-field-label\" for=\"wpforms-255-field_1\">email:<\/label><input type=\"email\" id=\"wpforms-255-field_1\" class=\"wpforms-field-medium\" name=\"wpforms[fields][1]\" spellcheck=\"false\" ><\/div><div id=\"wpforms-255-field_3-container\" class=\"wpforms-field wpforms-field-textarea\" data-field-id=\"3\"><label class=\"wpforms-field-label\" for=\"wpforms-255-field_3\">Message:<\/label><textarea id=\"wpforms-255-field_3\" class=\"wpforms-field-medium\" name=\"wpforms[fields][3]\" ><\/textarea><\/div><\/div><!-- .wpforms-field-container --><div class=\"wpforms-field wpforms-field-hp\"><label for=\"wpforms-255-field-hp\" class=\"wpforms-field-label\">Email<\/label><input type=\"text\" name=\"wpforms[hp]\" id=\"wpforms-255-field-hp\" class=\"wpforms-field-medium\"><\/div><div class=\"wpforms-submit-container\" ><input type=\"hidden\" name=\"wpforms[id]\" value=\"255\"><input type=\"hidden\" name=\"page_title\" value=\"\"><input type=\"hidden\" name=\"page_url\" value=\"https:\/\/langlegal.be\/index.php\/wp-json\/wp\/v2\/pages\/268\"><input type=\"hidden\" name=\"url_referer\" value=\"\"><button type=\"submit\" name=\"wpforms[submit]\" id=\"wpforms-submit-255\" class=\"wpforms-submit\" data-alt-text=\"Sending...\" data-submit-text=\"Send\" aria-live=\"assertive\" value=\"wpforms-submit\">Send<\/button><\/div><\/form><\/div>  <!-- .wpforms-container -->\n\n\n\n<p>Op elke vraag, ook van fiscale aard, zullen wij zo spoedig als mogelijk gevolg proberen te geven <span style=\"color: #78161a;\"><strong>zonder kosten<\/strong><\/span> en <span style=\"color: #78161a;\"><strong>zonder wederzijdse <span style=\"color: #78161a;\">verplichtingen<\/span><\/strong><\/span>.<\/p>\n","protected":false},"excerpt":{"rendered":"<p>LANG LEGAL&nbsp;| Eric-G\u00e9rald Lang | advocaatFiscale advocaatkantoor KBO | BTW BE 0816.373.972 Waterloosesteenweg 1135 (Groene Jager)1180 BrusselBelgium t. +32 (0) 2 227 51 07 | m. +32 (0) 477 569 867 | info@langlegal.be | eric-gerald.lang@langlegal.be FORMULIER: U kunt ons ook bereiken via het onderstaand formulier: Op elke vraag, ook van fiscale aard, zullen wij zo [&hellip;]<\/p>\n","protected":false},"author":1,"featured_media":748,"parent":0,"menu_order":0,"comment_status":"closed","ping_status":"closed","template":"","meta":{"_acf_changed":false,"footnotes":""},"class_list":["post-268","page","type-page","status-publish","has-post-thumbnail","hentry"],"acf":[],"rise-blocks_excerpt":"LANG LEGAL&nbsp;| Eric-G\u00e9rald Lang | advocaatFiscale advocaatkantoor KBO | BTW BE 0816.373.972 Waterloosesteenweg 1135 (Groene Jager)1180 BrusselBelgium t. +32 (0) 2 227 51 07 | m. +32 (0) 477 569 867 | info@langlegal.be | eric-gerald.lang@langlegal.be FORMULIER: U kunt ons ook bereiken via het onderstaand formulier: Op elke vraag, ook van fiscale aard, zullen wij zo spoedig als mogelijk gevolg proberen..","yoast_head":"<!-- This site is optimized with the Yoast SEO plugin v26.1.1 - https:\/\/yoast.com\/wordpress\/plugins\/seo\/ -->\n<title>Contact | LANG LEGAL<\/title>\n<meta name=\"robots\" content=\"index, follow, max-snippet:-1, max-image-preview:large, max-video-preview:-1\" \/>\n<link rel=\"canonical\" href=\"https:\/\/langlegal.be\/index.php\/nl\/contact-3\/\" \/>\n<meta property=\"og:locale\" content=\"fr_FR\" \/>\n<meta property=\"og:type\" content=\"article\" \/>\n<meta property=\"og:title\" content=\"Contact | LANG LEGAL\" \/>\n<meta property=\"og:description\" content=\"LANG LEGAL&nbsp;| Eric-G\u00e9rald Lang | advocaatFiscale advocaatkantoor KBO | BTW BE 0816.373.972 Waterloosesteenweg 1135 (Groene Jager)1180 BrusselBelgium t. +32 (0) 2 227 51 07 | m. +32 (0) 477 569 867 | info@langlegal.be | eric-gerald.lang@langlegal.be FORMULIER: U kunt ons ook bereiken via het onderstaand formulier: Op elke vraag, ook van fiscale aard, zullen wij zo [&hellip;]\" \/>\n<meta property=\"og:url\" content=\"https:\/\/langlegal.be\/index.php\/nl\/contact-3\/\" \/>\n<meta property=\"og:site_name\" content=\"LANG LEGAL\" \/>\n<meta property=\"article:modified_time\" content=\"2026-01-27T12:17:51+00:00\" \/>\n<meta property=\"og:image\" content=\"https:\/\/langlegal.be\/wp-content\/uploads\/2017\/07\/smartphone-notebook-technology-calendar.jpg\" \/>\n\t<meta property=\"og:image:width\" content=\"800\" \/>\n\t<meta property=\"og:image:height\" content=\"533\" \/>\n\t<meta property=\"og:image:type\" content=\"image\/jpeg\" \/>\n<meta name=\"twitter:card\" content=\"summary_large_image\" \/>\n<meta name=\"twitter:label1\" content=\"Dur\u00e9e de lecture estim\u00e9e\" \/>\n\t<meta name=\"twitter:data1\" content=\"1 minute\" \/>\n<script type=\"application\/ld+json\" class=\"yoast-schema-graph\">{\"@context\":\"https:\/\/schema.org\",\"@graph\":[{\"@type\":\"WebPage\",\"@id\":\"https:\/\/langlegal.be\/index.php\/nl\/contact-3\/\",\"url\":\"https:\/\/langlegal.be\/index.php\/nl\/contact-3\/\",\"name\":\"Contact | LANG LEGAL\",\"isPartOf\":{\"@id\":\"https:\/\/langlegal.be\/#website\"},\"primaryImageOfPage\":{\"@id\":\"https:\/\/langlegal.be\/index.php\/nl\/contact-3\/#primaryimage\"},\"image\":{\"@id\":\"https:\/\/langlegal.be\/index.php\/nl\/contact-3\/#primaryimage\"},\"thumbnailUrl\":\"https:\/\/i0.wp.com\/langlegal.be\/wp-content\/uploads\/2017\/07\/smartphone-notebook-technology-calendar.jpg?fit=800%2C533&ssl=1\",\"datePublished\":\"2017-07-07T13:19:10+00:00\",\"dateModified\":\"2026-01-27T12:17:51+00:00\",\"breadcrumb\":{\"@id\":\"https:\/\/langlegal.be\/index.php\/nl\/contact-3\/#breadcrumb\"},\"inLanguage\":\"fr-FR\",\"potentialAction\":[{\"@type\":\"ReadAction\",\"target\":[\"https:\/\/langlegal.be\/index.php\/nl\/contact-3\/\"]}]},{\"@type\":\"ImageObject\",\"inLanguage\":\"fr-FR\",\"@id\":\"https:\/\/langlegal.be\/index.php\/nl\/contact-3\/#primaryimage\",\"url\":\"https:\/\/i0.wp.com\/langlegal.be\/wp-content\/uploads\/2017\/07\/smartphone-notebook-technology-calendar.jpg?fit=800%2C533&ssl=1\",\"contentUrl\":\"https:\/\/i0.wp.com\/langlegal.be\/wp-content\/uploads\/2017\/07\/smartphone-notebook-technology-calendar.jpg?fit=800%2C533&ssl=1\",\"width\":800,\"height\":533},{\"@type\":\"BreadcrumbList\",\"@id\":\"https:\/\/langlegal.be\/index.php\/nl\/contact-3\/#breadcrumb\",\"itemListElement\":[{\"@type\":\"ListItem\",\"position\":1,\"name\":\"Accueil\",\"item\":\"http:\/\/langlegal.be\/\"},{\"@type\":\"ListItem\",\"position\":2,\"name\":\"Contact\"}]},{\"@type\":\"WebSite\",\"@id\":\"https:\/\/langlegal.be\/#website\",\"url\":\"https:\/\/langlegal.be\/\",\"name\":\"LANG LEGAL | Cabinet de droit fiscal\",\"description\":\"Cabinet de droit fiscal\",\"potentialAction\":[{\"@type\":\"SearchAction\",\"target\":{\"@type\":\"EntryPoint\",\"urlTemplate\":\"https:\/\/langlegal.be\/?s={search_term_string}\"},\"query-input\":{\"@type\":\"PropertyValueSpecification\",\"valueRequired\":true,\"valueName\":\"search_term_string\"}}],\"inLanguage\":\"fr-FR\"}]}<\/script>\n<!-- \/ Yoast SEO plugin. -->","yoast_head_json":{"title":"Contact | LANG LEGAL","robots":{"index":"index","follow":"follow","max-snippet":"max-snippet:-1","max-image-preview":"max-image-preview:large","max-video-preview":"max-video-preview:-1"},"canonical":"https:\/\/langlegal.be\/index.php\/nl\/contact-3\/","og_locale":"fr_FR","og_type":"article","og_title":"Contact | LANG LEGAL","og_description":"LANG LEGAL&nbsp;| Eric-G\u00e9rald Lang | advocaatFiscale advocaatkantoor KBO | BTW BE 0816.373.972 Waterloosesteenweg 1135 (Groene Jager)1180 BrusselBelgium t. +32 (0) 2 227 51 07 | m. +32 (0) 477 569 867 | info@langlegal.be | eric-gerald.lang@langlegal.be FORMULIER: U kunt ons ook bereiken via het onderstaand formulier: Op elke vraag, ook van fiscale aard, zullen wij zo [&hellip;]","og_url":"https:\/\/langlegal.be\/index.php\/nl\/contact-3\/","og_site_name":"LANG LEGAL","article_modified_time":"2026-01-27T12:17:51+00:00","og_image":[{"width":800,"height":533,"url":"https:\/\/langlegal.be\/wp-content\/uploads\/2017\/07\/smartphone-notebook-technology-calendar.jpg","type":"image\/jpeg"}],"twitter_card":"summary_large_image","twitter_misc":{"Dur\u00e9e de lecture estim\u00e9e":"1 minute"},"schema":{"@context":"https:\/\/schema.org","@graph":[{"@type":"WebPage","@id":"https:\/\/langlegal.be\/index.php\/nl\/contact-3\/","url":"https:\/\/langlegal.be\/index.php\/nl\/contact-3\/","name":"Contact | LANG LEGAL","isPartOf":{"@id":"https:\/\/langlegal.be\/#website"},"primaryImageOfPage":{"@id":"https:\/\/langlegal.be\/index.php\/nl\/contact-3\/#primaryimage"},"image":{"@id":"https:\/\/langlegal.be\/index.php\/nl\/contact-3\/#primaryimage"},"thumbnailUrl":"https:\/\/i0.wp.com\/langlegal.be\/wp-content\/uploads\/2017\/07\/smartphone-notebook-technology-calendar.jpg?fit=800%2C533&ssl=1","datePublished":"2017-07-07T13:19:10+00:00","dateModified":"2026-01-27T12:17:51+00:00","breadcrumb":{"@id":"https:\/\/langlegal.be\/index.php\/nl\/contact-3\/#breadcrumb"},"inLanguage":"fr-FR","potentialAction":[{"@type":"ReadAction","target":["https:\/\/langlegal.be\/index.php\/nl\/contact-3\/"]}]},{"@type":"ImageObject","inLanguage":"fr-FR","@id":"https:\/\/langlegal.be\/index.php\/nl\/contact-3\/#primaryimage","url":"https:\/\/i0.wp.com\/langlegal.be\/wp-content\/uploads\/2017\/07\/smartphone-notebook-technology-calendar.jpg?fit=800%2C533&ssl=1","contentUrl":"https:\/\/i0.wp.com\/langlegal.be\/wp-content\/uploads\/2017\/07\/smartphone-notebook-technology-calendar.jpg?fit=800%2C533&ssl=1","width":800,"height":533},{"@type":"BreadcrumbList","@id":"https:\/\/langlegal.be\/index.php\/nl\/contact-3\/#breadcrumb","itemListElement":[{"@type":"ListItem","position":1,"name":"Accueil","item":"http:\/\/langlegal.be\/"},{"@type":"ListItem","position":2,"name":"Contact"}]},{"@type":"WebSite","@id":"https:\/\/langlegal.be\/#website","url":"https:\/\/langlegal.be\/","name":"LANG LEGAL | Cabinet de droit fiscal","description":"Cabinet de droit fiscal","potentialAction":[{"@type":"SearchAction","target":{"@type":"EntryPoint","urlTemplate":"https:\/\/langlegal.be\/?s={search_term_string}"},"query-input":{"@type":"PropertyValueSpecification","valueRequired":true,"valueName":"search_term_string"}}],"inLanguage":"fr-FR"}]}},"jetpack_sharing_enabled":true,"jetpack_shortlink":"https:\/\/wp.me\/P8S14n-4k","jetpack-related-posts":[{"id":218,"url":"https:\/\/langlegal.be\/index.php\/nl\/over\/","url_meta":{"origin":268,"position":0},"title":"Over","author":"Lang Legal","date":"27 juin 2017","format":false,"excerpt":"LANG LEGAL\u00a0| Eric-G\u00e9rald Lang | advocaatFiscale advocaatkantoor KBO | BTW BE 0816.373.972 Waterloosesteenweg 11351180 BrusselBelgium t. +32 (0) 2 227 51 07 | m. +32 (0) 477 569 867 info@langlegal.be | eric-gerald.lang@langlegal.be","rel":"","context":"Article similaire","block_context":{"text":"Article similaire","link":""},"img":{"alt_text":"Eric-G\u00e9rald Lang - avocat - lawyer - droit fiscal - tax law - tax shelter - tva - VAT - fiscaliste - contact","src":"https:\/\/i0.wp.com\/langlegal.be\/wp-content\/uploads\/2017\/06\/Eric-G%C3%A9rald-Lang-avocat-lawyer-droit-fiscal-tax-law-tax-shelter-tva-VAT-fiscaliste-contact.jpg?fit=1024%2C682&ssl=1&resize=350%2C200","width":350,"height":200,"srcset":"https:\/\/i0.wp.com\/langlegal.be\/wp-content\/uploads\/2017\/06\/Eric-G%C3%A9rald-Lang-avocat-lawyer-droit-fiscal-tax-law-tax-shelter-tva-VAT-fiscaliste-contact.jpg?fit=1024%2C682&ssl=1&resize=350%2C200 1x, https:\/\/i0.wp.com\/langlegal.be\/wp-content\/uploads\/2017\/06\/Eric-G%C3%A9rald-Lang-avocat-lawyer-droit-fiscal-tax-law-tax-shelter-tva-VAT-fiscaliste-contact.jpg?fit=1024%2C682&ssl=1&resize=525%2C300 1.5x, https:\/\/i0.wp.com\/langlegal.be\/wp-content\/uploads\/2017\/06\/Eric-G%C3%A9rald-Lang-avocat-lawyer-droit-fiscal-tax-law-tax-shelter-tva-VAT-fiscaliste-contact.jpg?fit=1024%2C682&ssl=1&resize=700%2C400 2x"},"classes":[]},{"id":221,"url":"https:\/\/langlegal.be\/index.php\/nl\/publicaties\/","url_meta":{"origin":268,"position":1},"title":"Publicaties","author":"Lang Legal","date":"27 juin 2017","format":false,"excerpt":"Publicaties : 2025\/12 - E.-G. Lang, \"La non-d\u00e9ductibilit\u00e9 des pertes fiscales en cas de redressement : ce dispositif qui devrait \u00eatre limit\u00e9 au seul calcul des accroissements ?\", R.G.F.C.P., 2025\/10, pp. 37-44. 2023\/01 - E.-G. Lang, \"L\u2019exon\u00e9ration du pr\u00e9compte immobilier pour improductivit\u00e9 en R\u00e9gion bruxelloise : retour sur sa lente\u2026","rel":"","context":"Article similaire","block_context":{"text":"Article similaire","link":""},"img":{"alt_text":"Eric-G\u00e9rald Lang - avocat - lawyer - droit fiscal - tax law - gratuit - free - publications","src":"https:\/\/i0.wp.com\/langlegal.be\/wp-content\/uploads\/2017\/06\/Eric-G%C3%A9rald-Lang-avocat-lawyer-droit-fiscal-tax-law-gratuit-free-publications.jpg?fit=1024%2C768&ssl=1&resize=350%2C200","width":350,"height":200,"srcset":"https:\/\/i0.wp.com\/langlegal.be\/wp-content\/uploads\/2017\/06\/Eric-G%C3%A9rald-Lang-avocat-lawyer-droit-fiscal-tax-law-gratuit-free-publications.jpg?fit=1024%2C768&ssl=1&resize=350%2C200 1x, https:\/\/i0.wp.com\/langlegal.be\/wp-content\/uploads\/2017\/06\/Eric-G%C3%A9rald-Lang-avocat-lawyer-droit-fiscal-tax-law-gratuit-free-publications.jpg?fit=1024%2C768&ssl=1&resize=525%2C300 1.5x, https:\/\/i0.wp.com\/langlegal.be\/wp-content\/uploads\/2017\/06\/Eric-G%C3%A9rald-Lang-avocat-lawyer-droit-fiscal-tax-law-gratuit-free-publications.jpg?fit=1024%2C768&ssl=1&resize=700%2C400 2x"},"classes":[]},{"id":188,"url":"https:\/\/langlegal.be\/index.php\/nl\/","url_meta":{"origin":268,"position":2},"title":"Lang Legal : fiscaal recht kantoor","author":"Lang Legal","date":"27 juin 2017","format":false,"excerpt":"Welkome bij LANG LEGAL, een zo pas opgericht advocatenkantoor in Brussel dat zich in het bijzonder toelegt op het fiscaal recht. Haar oprichting volgt uit de ambitie via een sobere, moderne en doeltreffende structuur een nauwgezette en gespecialiseerde bijstand te verlenen. Zowel de nieuwe technologie\u00ebn als het huidige landschap laten\u2026","rel":"","context":"Article similaire","block_context":{"text":"Article similaire","link":""},"img":{"alt_text":"","src":"","width":0,"height":0},"classes":[]},{"id":545,"url":"https:\/\/langlegal.be\/index.php\/nl\/onafhankelijkheid\/","url_meta":{"origin":268,"position":3},"title":"Onafhankelijkheid","author":"Lang Legal","date":"20 juillet 2017","format":false,"excerpt":"Het kantoor LANG LEGAL wil zich resoluut onafhankelijk opstellen, met behoud van een beperkte omvang, zodat zij van nabij haar cli\u00ebnteel flexibele oplossingen kan bieden. Deze vrijheid laat haar toe een dienst op maat van haar cli\u00ebnteel aan te bieden, eventueel in samenspraak met de eigen adviseurs of met de\u2026","rel":"","context":"Article similaire","block_context":{"text":"Article similaire","link":""},"img":{"alt_text":"Eric-G\u00e9rald Lang - avocat - lawyer - cabinet de droit fiscal belge - Belgian tax law firm","src":"https:\/\/i0.wp.com\/langlegal.be\/wp-content\/uploads\/2017\/07\/Eric-G%C3%A9rald-Lang-avocat-lawyer-cabinet-de-droit-fiscal-belge-Belgian-tax-law-firm-1.jpeg?fit=1200%2C800&ssl=1&resize=350%2C200","width":350,"height":200,"srcset":"https:\/\/i0.wp.com\/langlegal.be\/wp-content\/uploads\/2017\/07\/Eric-G%C3%A9rald-Lang-avocat-lawyer-cabinet-de-droit-fiscal-belge-Belgian-tax-law-firm-1.jpeg?fit=1200%2C800&ssl=1&resize=350%2C200 1x, https:\/\/i0.wp.com\/langlegal.be\/wp-content\/uploads\/2017\/07\/Eric-G%C3%A9rald-Lang-avocat-lawyer-cabinet-de-droit-fiscal-belge-Belgian-tax-law-firm-1.jpeg?fit=1200%2C800&ssl=1&resize=525%2C300 1.5x, https:\/\/i0.wp.com\/langlegal.be\/wp-content\/uploads\/2017\/07\/Eric-G%C3%A9rald-Lang-avocat-lawyer-cabinet-de-droit-fiscal-belge-Belgian-tax-law-firm-1.jpeg?fit=1200%2C800&ssl=1&resize=700%2C400 2x, https:\/\/i0.wp.com\/langlegal.be\/wp-content\/uploads\/2017\/07\/Eric-G%C3%A9rald-Lang-avocat-lawyer-cabinet-de-droit-fiscal-belge-Belgian-tax-law-firm-1.jpeg?fit=1200%2C800&ssl=1&resize=1050%2C600 3x"},"classes":[]},{"id":209,"url":"https:\/\/langlegal.be\/index.php\/nl\/advocaat\/","url_meta":{"origin":268,"position":4},"title":"Advocaat","author":"Lang Legal","date":"27 juin 2017","format":false,"excerpt":"Eric-G\u00e9rald Lang beoefent sinds meer dan 15 jaar het fiscaal recht. Gedurende deze periode heeft hij zowel particulieren, KMO\u2019s als grote ondernemingen van diverse sectoren bijgestaan over allerhande aspecten van de fiscaliteit. Zijn ervaring bestrijkt meer bepaald de ganse ondernemingsfiscaliteit, zoals de vennootschapsbelasting, de reorganisaties, kapitaalverrichtingen, optieplannen of nog het\u2026","rel":"","context":"Article similaire","block_context":{"text":"Article similaire","link":""},"img":{"alt_text":"","src":"https:\/\/i0.wp.com\/langlegal.be\/wp-content\/uploads\/2018\/03\/EGL1-d-rectif.-nb-1.jpg?resize=350%2C200&ssl=1","width":350,"height":200,"srcset":"https:\/\/i0.wp.com\/langlegal.be\/wp-content\/uploads\/2018\/03\/EGL1-d-rectif.-nb-1.jpg?resize=350%2C200&ssl=1 1x, https:\/\/i0.wp.com\/langlegal.be\/wp-content\/uploads\/2018\/03\/EGL1-d-rectif.-nb-1.jpg?resize=525%2C300&ssl=1 1.5x, https:\/\/i0.wp.com\/langlegal.be\/wp-content\/uploads\/2018\/03\/EGL1-d-rectif.-nb-1.jpg?resize=700%2C400&ssl=1 2x"},"classes":[]},{"id":738,"url":"https:\/\/langlegal.be\/index.php\/nl\/nieuws\/","url_meta":{"origin":268,"position":5},"title":"Nieuws","author":"Lang Legal","date":"17 octobre 2017","format":false,"excerpt":"","rel":"","context":"Article similaire","block_context":{"text":"Article similaire","link":""},"img":{"alt_text":"","src":"","width":0,"height":0},"classes":[]}],"_links":{"self":[{"href":"https:\/\/langlegal.be\/index.php\/wp-json\/wp\/v2\/pages\/268","targetHints":{"allow":["GET"]}}],"collection":[{"href":"https:\/\/langlegal.be\/index.php\/wp-json\/wp\/v2\/pages"}],"about":[{"href":"https:\/\/langlegal.be\/index.php\/wp-json\/wp\/v2\/types\/page"}],"author":[{"embeddable":true,"href":"https:\/\/langlegal.be\/index.php\/wp-json\/wp\/v2\/users\/1"}],"replies":[{"embeddable":true,"href":"https:\/\/langlegal.be\/index.php\/wp-json\/wp\/v2\/comments?post=268"}],"version-history":[{"count":19,"href":"https:\/\/langlegal.be\/index.php\/wp-json\/wp\/v2\/pages\/268\/revisions"}],"predecessor-version":[{"id":1595,"href":"https:\/\/langlegal.be\/index.php\/wp-json\/wp\/v2\/pages\/268\/revisions\/1595"}],"wp:featuredmedia":[{"embeddable":true,"href":"https:\/\/langlegal.be\/index.php\/wp-json\/wp\/v2\/media\/748"}],"wp:attachment":[{"href":"https:\/\/langlegal.be\/index.php\/wp-json\/wp\/v2\/media?parent=268"}],"curies":[{"name":"wp","href":"https:\/\/api.w.org\/{rel}","templated":true}]}}