{"id":429,"date":"2017-07-14T15:13:42","date_gmt":"2017-07-14T13:13:42","guid":{"rendered":"http:\/\/langlegal.be\/?page_id=429"},"modified":"2025-03-30T14:49:11","modified_gmt":"2025-03-30T12:49:11","slug":"expertise","status":"publish","type":"page","link":"https:\/\/langlegal.be\/index.php\/en\/expertise\/","title":{"rendered":"Expertise"},"content":{"rendered":"\n<p>With an expertise of more than <span style=\"color: #78161a;\"><strong>15 years<\/strong><\/span> in the field, LANG LEGAL is fully dedicated to <span style=\"color: #78161a;\"><strong>tax law<\/strong><\/span>, particularly <span style=\"color: #78161a;\"><strong>business-related tax<\/strong> <\/span>matters.<strong>\u00a0<\/strong><\/p>\n\n\n\n<p>Having a practice in <span style=\"color: #78161a;\"><strong>both direct and indirect tax laws<\/strong><\/span>, our goal is to analyse each transaction within the <span style=\"color: #78161a;\"><strong>totality<\/strong><\/span> of its current and upcoming tax consequences.<\/p>\n\n\n\n<p>Based on this solid combined practice, we have developed a <span style=\"color: #78161a;\"><strong>particular knowledge<\/strong><\/span> in the following tax fields:<\/p>\n\n\n\n<ul class=\"wp-block-list\">\n<li><span style=\"color: #78161a;\"><strong>Corporate income tax<\/strong>:<\/span> acquisition structures, tax due diligence, transfer pricing, restructuring, merger and demerger, R&amp;D incentives, tax shelter for start-ups, dividend flows, and so on;<\/li>\n\n\n\n<li><span style=\"color: #78161a;\"><strong>Real estate taxation: <\/strong><\/span>split sales, leasing structures, real estate transfer via share deal, both under Belgian corporate tax, VAT and registration duties;<\/li>\n\n\n\n<li><span style=\"color: #78161a;\"><strong>VAT<\/strong>:<\/span> VAT treatment of transactions, independent group of persons, VAT units, exemptions scope, VAT deduction right, VAT treatment of new building;<\/li>\n\n\n\n<li><span style=\"color: #78161a;\"><strong>Tax shelter<\/strong>:<\/span> overall tax regime, eligible expenses, subcontracting issues, negotiation of tax authorities;<\/li>\n\n\n\n<li><span style=\"color: #78161a;\"><strong>International taxation<\/strong>:<\/span> permanent establishment issues, allocation of the taxation power, cross-border structuring, european tax laws, salary splits;<\/li>\n\n\n\n<li><span style=\"color: #78161a;\"><strong>Ruling<\/strong>:<\/span> informal contacts, prefiling and ruling requests, notably in respect to the above fields.<\/li>\n<\/ul>\n\n\n\n<p>Lastly, our law firm may assist you in other adjacent tax fiels, such as the <span style=\"color: #78161a;\">personal income tax<\/span> and compensations of any kind, <span style=\"color: #78161a;\">estate planning<\/span> or <span style=\"color: #78161a;\">tax regularizations<\/span>.<\/p>\n\n\n\n<p>Our law firm will assist and represent you in the <span style=\"color: #78161a;\">structuring phase<\/span> as well as in contacts with the tax authorities, during the <span style=\"color: #78161a;\">administrative proceedings<\/span> and in litigation.<\/p>\n\n\n\n<p>Our core approach is to promote <span style=\"color: #78161a;\"><strong>mutual trust<\/strong><\/span> with the tax authorities and, in all possible ways, to seek <span style=\"color: #78161a;\"><strong>negotiated settlements<\/strong> <\/span>outside the courts and tribunals.<\/p>\n\n\n\n<p>Where appropriate, our approach is also to consolidate the <span style=\"color: #78161a;\">legal certainty<\/span> of contemplated solutions by the obtaining of an <span style=\"color: #78161a;\">advance tax ruling<\/span> with the tax ruling committee. To this end, we avail of a <strong><span style=\"color: #78161a;\">long-standing relationship<\/span><\/strong> with many of the tax ruling committee&rsquo;s officials.<\/p>\n","protected":false},"excerpt":{"rendered":"<p>With an expertise of more than 15 years in the field, LANG LEGAL is fully dedicated to tax law, particularly business-related tax matters.\u00a0 Having a practice in both direct and indirect tax laws, our goal is to analyse each transaction within the totality of its current and upcoming tax consequences. Based on this solid combined [&hellip;]<\/p>\n","protected":false},"author":1,"featured_media":286,"parent":0,"menu_order":0,"comment_status":"closed","ping_status":"closed","template":"","meta":{"_acf_changed":false,"footnotes":""},"class_list":["post-429","page","type-page","status-publish","has-post-thumbnail","hentry"],"acf":[],"rise-blocks_excerpt":"With an expertise of more than 15 years in the field, LANG LEGAL is fully dedicated to tax law, particularly business-related tax matters.\u00a0 Having a practice in both direct and indirect tax laws, our goal is to analyse each transaction within the totality of its current and upcoming tax consequences. Based on this solid combined practice, we have developed a..","yoast_head":"<!-- This site is optimized with the Yoast SEO plugin v26.1.1 - https:\/\/yoast.com\/wordpress\/plugins\/seo\/ -->\n<title>Expertise | LANG LEGAL<\/title>\n<meta name=\"robots\" content=\"index, follow, max-snippet:-1, max-image-preview:large, max-video-preview:-1\" \/>\n<link rel=\"canonical\" href=\"https:\/\/langlegal.be\/index.php\/en\/expertise\/\" \/>\n<meta property=\"og:locale\" content=\"fr_FR\" \/>\n<meta property=\"og:type\" content=\"article\" \/>\n<meta property=\"og:title\" content=\"Expertise | LANG LEGAL\" \/>\n<meta property=\"og:description\" content=\"With an expertise of more than 15 years in the field, LANG LEGAL is fully dedicated to tax law, particularly business-related tax matters.\u00a0 Having a practice in both direct and indirect tax laws, our goal is to analyse each transaction within the totality of its current and upcoming tax consequences. Based on this solid combined [&hellip;]\" \/>\n<meta property=\"og:url\" content=\"https:\/\/langlegal.be\/index.php\/en\/expertise\/\" \/>\n<meta property=\"og:site_name\" content=\"LANG LEGAL\" \/>\n<meta property=\"article:modified_time\" content=\"2025-03-30T12:49:11+00:00\" \/>\n<meta property=\"og:image\" content=\"https:\/\/i0.wp.com\/langlegal.be\/wp-content\/uploads\/2017\/07\/Eric-G%C3%A9rald-Lang-droit-fiscal-tva-vat-Belgian-tax-law.jpg?fit=4032%2C1831&ssl=1\" \/>\n\t<meta property=\"og:image:width\" content=\"4032\" \/>\n\t<meta property=\"og:image:height\" content=\"1831\" \/>\n\t<meta property=\"og:image:type\" content=\"image\/jpeg\" \/>\n<meta name=\"twitter:card\" content=\"summary_large_image\" \/>\n<meta name=\"twitter:label1\" content=\"Dur\u00e9e de lecture estim\u00e9e\" \/>\n\t<meta name=\"twitter:data1\" content=\"2 minutes\" \/>\n<script type=\"application\/ld+json\" class=\"yoast-schema-graph\">{\"@context\":\"https:\/\/schema.org\",\"@graph\":[{\"@type\":\"WebPage\",\"@id\":\"https:\/\/langlegal.be\/index.php\/en\/expertise\/\",\"url\":\"https:\/\/langlegal.be\/index.php\/en\/expertise\/\",\"name\":\"Expertise | LANG LEGAL\",\"isPartOf\":{\"@id\":\"https:\/\/langlegal.be\/#website\"},\"primaryImageOfPage\":{\"@id\":\"https:\/\/langlegal.be\/index.php\/en\/expertise\/#primaryimage\"},\"image\":{\"@id\":\"https:\/\/langlegal.be\/index.php\/en\/expertise\/#primaryimage\"},\"thumbnailUrl\":\"https:\/\/i0.wp.com\/langlegal.be\/wp-content\/uploads\/2017\/07\/Eric-G%C3%A9rald-Lang-droit-fiscal-tva-vat-Belgian-tax-law.jpg?fit=4032%2C1831&ssl=1\",\"datePublished\":\"2017-07-14T13:13:42+00:00\",\"dateModified\":\"2025-03-30T12:49:11+00:00\",\"breadcrumb\":{\"@id\":\"https:\/\/langlegal.be\/index.php\/en\/expertise\/#breadcrumb\"},\"inLanguage\":\"fr-FR\",\"potentialAction\":[{\"@type\":\"ReadAction\",\"target\":[\"https:\/\/langlegal.be\/index.php\/en\/expertise\/\"]}]},{\"@type\":\"ImageObject\",\"inLanguage\":\"fr-FR\",\"@id\":\"https:\/\/langlegal.be\/index.php\/en\/expertise\/#primaryimage\",\"url\":\"https:\/\/i0.wp.com\/langlegal.be\/wp-content\/uploads\/2017\/07\/Eric-G%C3%A9rald-Lang-droit-fiscal-tva-vat-Belgian-tax-law.jpg?fit=4032%2C1831&ssl=1\",\"contentUrl\":\"https:\/\/i0.wp.com\/langlegal.be\/wp-content\/uploads\/2017\/07\/Eric-G%C3%A9rald-Lang-droit-fiscal-tva-vat-Belgian-tax-law.jpg?fit=4032%2C1831&ssl=1\",\"width\":4032,\"height\":1831,\"caption\":\"Eric-G\u00e9rald Lang - droit fiscal - tva - vat - Belgian tax law\"},{\"@type\":\"BreadcrumbList\",\"@id\":\"https:\/\/langlegal.be\/index.php\/en\/expertise\/#breadcrumb\",\"itemListElement\":[{\"@type\":\"ListItem\",\"position\":1,\"name\":\"Accueil\",\"item\":\"http:\/\/langlegal.be\/\"},{\"@type\":\"ListItem\",\"position\":2,\"name\":\"Expertise\"}]},{\"@type\":\"WebSite\",\"@id\":\"https:\/\/langlegal.be\/#website\",\"url\":\"https:\/\/langlegal.be\/\",\"name\":\"LANG LEGAL | Cabinet de droit fiscal\",\"description\":\"Cabinet de droit fiscal\",\"potentialAction\":[{\"@type\":\"SearchAction\",\"target\":{\"@type\":\"EntryPoint\",\"urlTemplate\":\"https:\/\/langlegal.be\/?s={search_term_string}\"},\"query-input\":{\"@type\":\"PropertyValueSpecification\",\"valueRequired\":true,\"valueName\":\"search_term_string\"}}],\"inLanguage\":\"fr-FR\"}]}<\/script>\n<!-- \/ Yoast SEO plugin. -->","yoast_head_json":{"title":"Expertise | LANG LEGAL","robots":{"index":"index","follow":"follow","max-snippet":"max-snippet:-1","max-image-preview":"max-image-preview:large","max-video-preview":"max-video-preview:-1"},"canonical":"https:\/\/langlegal.be\/index.php\/en\/expertise\/","og_locale":"fr_FR","og_type":"article","og_title":"Expertise | LANG LEGAL","og_description":"With an expertise of more than 15 years in the field, LANG LEGAL is fully dedicated to tax law, particularly business-related tax matters.\u00a0 Having a practice in both direct and indirect tax laws, our goal is to analyse each transaction within the totality of its current and upcoming tax consequences. Based on this solid combined [&hellip;]","og_url":"https:\/\/langlegal.be\/index.php\/en\/expertise\/","og_site_name":"LANG LEGAL","article_modified_time":"2025-03-30T12:49:11+00:00","og_image":[{"width":4032,"height":1831,"url":"https:\/\/i0.wp.com\/langlegal.be\/wp-content\/uploads\/2017\/07\/Eric-G%C3%A9rald-Lang-droit-fiscal-tva-vat-Belgian-tax-law.jpg?fit=4032%2C1831&ssl=1","type":"image\/jpeg"}],"twitter_card":"summary_large_image","twitter_misc":{"Dur\u00e9e de lecture estim\u00e9e":"2 minutes"},"schema":{"@context":"https:\/\/schema.org","@graph":[{"@type":"WebPage","@id":"https:\/\/langlegal.be\/index.php\/en\/expertise\/","url":"https:\/\/langlegal.be\/index.php\/en\/expertise\/","name":"Expertise | LANG LEGAL","isPartOf":{"@id":"https:\/\/langlegal.be\/#website"},"primaryImageOfPage":{"@id":"https:\/\/langlegal.be\/index.php\/en\/expertise\/#primaryimage"},"image":{"@id":"https:\/\/langlegal.be\/index.php\/en\/expertise\/#primaryimage"},"thumbnailUrl":"https:\/\/i0.wp.com\/langlegal.be\/wp-content\/uploads\/2017\/07\/Eric-G%C3%A9rald-Lang-droit-fiscal-tva-vat-Belgian-tax-law.jpg?fit=4032%2C1831&ssl=1","datePublished":"2017-07-14T13:13:42+00:00","dateModified":"2025-03-30T12:49:11+00:00","breadcrumb":{"@id":"https:\/\/langlegal.be\/index.php\/en\/expertise\/#breadcrumb"},"inLanguage":"fr-FR","potentialAction":[{"@type":"ReadAction","target":["https:\/\/langlegal.be\/index.php\/en\/expertise\/"]}]},{"@type":"ImageObject","inLanguage":"fr-FR","@id":"https:\/\/langlegal.be\/index.php\/en\/expertise\/#primaryimage","url":"https:\/\/i0.wp.com\/langlegal.be\/wp-content\/uploads\/2017\/07\/Eric-G%C3%A9rald-Lang-droit-fiscal-tva-vat-Belgian-tax-law.jpg?fit=4032%2C1831&ssl=1","contentUrl":"https:\/\/i0.wp.com\/langlegal.be\/wp-content\/uploads\/2017\/07\/Eric-G%C3%A9rald-Lang-droit-fiscal-tva-vat-Belgian-tax-law.jpg?fit=4032%2C1831&ssl=1","width":4032,"height":1831,"caption":"Eric-G\u00e9rald Lang - droit fiscal - tva - vat - Belgian tax law"},{"@type":"BreadcrumbList","@id":"https:\/\/langlegal.be\/index.php\/en\/expertise\/#breadcrumb","itemListElement":[{"@type":"ListItem","position":1,"name":"Accueil","item":"http:\/\/langlegal.be\/"},{"@type":"ListItem","position":2,"name":"Expertise"}]},{"@type":"WebSite","@id":"https:\/\/langlegal.be\/#website","url":"https:\/\/langlegal.be\/","name":"LANG LEGAL | Cabinet de droit fiscal","description":"Cabinet de droit fiscal","potentialAction":[{"@type":"SearchAction","target":{"@type":"EntryPoint","urlTemplate":"https:\/\/langlegal.be\/?s={search_term_string}"},"query-input":{"@type":"PropertyValueSpecification","valueRequired":true,"valueName":"search_term_string"}}],"inLanguage":"fr-FR"}]}},"jetpack_sharing_enabled":true,"jetpack_shortlink":"https:\/\/wp.me\/P8S14n-6V","jetpack-related-posts":[{"id":184,"url":"https:\/\/langlegal.be\/index.php\/en\/lawyer\/","url_meta":{"origin":429,"position":0},"title":"Lawyer","author":"Lang Legal","date":"26 juin 2017","format":false,"excerpt":"Eric-G\u00e9rald Lang has been practicing tax law since more than 15 years. Over these years, he has been assisting both individuals as SMEs and large group companies in various sectors and on all kind of tax aspects. His expertise covers more specifically key tax matters pertaining to business, which notably\u2026","rel":"","context":"Article similaire","block_context":{"text":"Article similaire","link":""},"img":{"alt_text":"","src":"https:\/\/i0.wp.com\/langlegal.be\/wp-content\/uploads\/2018\/03\/EGL1-d-rectif.-nb-1.jpg?resize=350%2C200&ssl=1","width":350,"height":200,"srcset":"https:\/\/i0.wp.com\/langlegal.be\/wp-content\/uploads\/2018\/03\/EGL1-d-rectif.-nb-1.jpg?resize=350%2C200&ssl=1 1x, https:\/\/i0.wp.com\/langlegal.be\/wp-content\/uploads\/2018\/03\/EGL1-d-rectif.-nb-1.jpg?resize=525%2C300&ssl=1 1.5x, https:\/\/i0.wp.com\/langlegal.be\/wp-content\/uploads\/2018\/03\/EGL1-d-rectif.-nb-1.jpg?resize=700%2C400&ssl=1 2x"},"classes":[]},{"id":180,"url":"https:\/\/langlegal.be\/index.php\/en\/","url_meta":{"origin":429,"position":1},"title":"Lang Legal : Belgian tax law firm","author":"Lang Legal","date":"26 juin 2017","format":false,"excerpt":"Welcome to Lang Legal, a newly Belgian law firm in Brussels dedicated to tax. \u00a0Its launching originates with the will to deliver a strong and specialized assistance to its clients, through an easy, modern and efficient structure. \u00a0Both new technologies and Today's environment enable such an alternative.","rel":"","context":"Article similaire","block_context":{"text":"Article similaire","link":""},"img":{"alt_text":"Eric-G\u00e9rald Lang - avocat - lawyer - droit fiscal - tax law - Belgique - Belgium - Bruxelles - Brussels","src":"https:\/\/i0.wp.com\/langlegal.be\/wp-content\/uploads\/2017\/07\/Eric-G%C3%A9rald-Lang-avocat-lawyer-droit-fiscal-tax-law.jpg?fit=1200%2C800&ssl=1&resize=350%2C200","width":350,"height":200,"srcset":"https:\/\/i0.wp.com\/langlegal.be\/wp-content\/uploads\/2017\/07\/Eric-G%C3%A9rald-Lang-avocat-lawyer-droit-fiscal-tax-law.jpg?fit=1200%2C800&ssl=1&resize=350%2C200 1x, https:\/\/i0.wp.com\/langlegal.be\/wp-content\/uploads\/2017\/07\/Eric-G%C3%A9rald-Lang-avocat-lawyer-droit-fiscal-tax-law.jpg?fit=1200%2C800&ssl=1&resize=525%2C300 1.5x, https:\/\/i0.wp.com\/langlegal.be\/wp-content\/uploads\/2017\/07\/Eric-G%C3%A9rald-Lang-avocat-lawyer-droit-fiscal-tax-law.jpg?fit=1200%2C800&ssl=1&resize=700%2C400 2x, https:\/\/i0.wp.com\/langlegal.be\/wp-content\/uploads\/2017\/07\/Eric-G%C3%A9rald-Lang-avocat-lawyer-droit-fiscal-tax-law.jpg?fit=1200%2C800&ssl=1&resize=1050%2C600 3x"},"classes":[]},{"id":204,"url":"https:\/\/langlegal.be\/index.php\/en\/form\/","url_meta":{"origin":429,"position":2},"title":"Contact","author":"Lang Legal","date":"27 juin 2017","format":false,"excerpt":"LANG LEGAL\u00a0| Eric-G\u00e9rald Lang | lawyerTax Law Firm CBE | VAT BE 0816.373.972 chauss\u00e9e de Waterloo 1135 (rez) [Vert Chasseur]1180 BrusselsBelgium t. +32 (0) 2 227 51 07 | m. +32 (0) 477 569 867 | info@langlegal.be | eric-gerald.lang@langlegal.be FILL IN THE FORM: Please also feel free to contact us\u2026","rel":"","context":"Article similaire","block_context":{"text":"Article similaire","link":""},"img":{"alt_text":"","src":"https:\/\/i0.wp.com\/langlegal.be\/wp-content\/uploads\/2017\/06\/smartphone-notebook-technology-calendar.jpg?fit=800%2C533&ssl=1&resize=350%2C200","width":350,"height":200,"srcset":"https:\/\/i0.wp.com\/langlegal.be\/wp-content\/uploads\/2017\/06\/smartphone-notebook-technology-calendar.jpg?fit=800%2C533&ssl=1&resize=350%2C200 1x, https:\/\/i0.wp.com\/langlegal.be\/wp-content\/uploads\/2017\/06\/smartphone-notebook-technology-calendar.jpg?fit=800%2C533&ssl=1&resize=525%2C300 1.5x, https:\/\/i0.wp.com\/langlegal.be\/wp-content\/uploads\/2017\/06\/smartphone-notebook-technology-calendar.jpg?fit=800%2C533&ssl=1&resize=700%2C400 2x"},"classes":[]},{"id":492,"url":"https:\/\/langlegal.be\/index.php\/en\/fees\/","url_meta":{"origin":429,"position":3},"title":"Fees","author":"Lang Legal","date":"17 juillet 2017","format":false,"excerpt":"Our law firm aims at keeping small-sized to offer close and tailored solutions to its client; to this end, several methods may be contemplated: Hourly rate: this is the basic method, where the fees are charged based on an hourly fees determined with the client depending on the requested services,\u2026","rel":"","context":"Article similaire","block_context":{"text":"Article similaire","link":""},"img":{"alt_text":"Eric-G\u00e9rald Lang - avocat - lawyer - droit fiscal - tax law - gratuit - free - honoraires","src":"https:\/\/i0.wp.com\/langlegal.be\/wp-content\/uploads\/2017\/06\/Eric-G%C3%A9rald-Lang-avocat-lawyer-droit-fiscal-tax-law-gratuit-free-honoraires.jpg?fit=1200%2C410&ssl=1&resize=350%2C200","width":350,"height":200,"srcset":"https:\/\/i0.wp.com\/langlegal.be\/wp-content\/uploads\/2017\/06\/Eric-G%C3%A9rald-Lang-avocat-lawyer-droit-fiscal-tax-law-gratuit-free-honoraires.jpg?fit=1200%2C410&ssl=1&resize=350%2C200 1x, https:\/\/i0.wp.com\/langlegal.be\/wp-content\/uploads\/2017\/06\/Eric-G%C3%A9rald-Lang-avocat-lawyer-droit-fiscal-tax-law-gratuit-free-honoraires.jpg?fit=1200%2C410&ssl=1&resize=525%2C300 1.5x, https:\/\/i0.wp.com\/langlegal.be\/wp-content\/uploads\/2017\/06\/Eric-G%C3%A9rald-Lang-avocat-lawyer-droit-fiscal-tax-law-gratuit-free-honoraires.jpg?fit=1200%2C410&ssl=1&resize=700%2C400 2x, https:\/\/i0.wp.com\/langlegal.be\/wp-content\/uploads\/2017\/06\/Eric-G%C3%A9rald-Lang-avocat-lawyer-droit-fiscal-tax-law-gratuit-free-honoraires.jpg?fit=1200%2C410&ssl=1&resize=1050%2C600 3x"},"classes":[]},{"id":400,"url":"https:\/\/langlegal.be\/index.php\/en\/independency\/","url_meta":{"origin":429,"position":4},"title":"Independency","author":"Lang Legal","date":"14 juillet 2017","format":false,"excerpt":"LANG LEGAL aims at being resolutely independent, while keeping small-sized, to stay flexible and close to its clients. This total independence allows the firm to provide tailor-made solutions to its clients, eventually in partnership with their own advisers or advisers from its professional network.","rel":"","context":"Article similaire","block_context":{"text":"Article similaire","link":""},"img":{"alt_text":"Eric-G\u00e9rald Lang - avocat - lawyer - cabinet de droit fiscal belge - Belgian tax law firm","src":"https:\/\/i0.wp.com\/langlegal.be\/wp-content\/uploads\/2017\/07\/Eric-G%C3%A9rald-Lang-avocat-lawyer-cabinet-de-droit-fiscal-belge-Belgian-tax-law-firm-1.jpeg?fit=1200%2C800&ssl=1&resize=350%2C200","width":350,"height":200,"srcset":"https:\/\/i0.wp.com\/langlegal.be\/wp-content\/uploads\/2017\/07\/Eric-G%C3%A9rald-Lang-avocat-lawyer-cabinet-de-droit-fiscal-belge-Belgian-tax-law-firm-1.jpeg?fit=1200%2C800&ssl=1&resize=350%2C200 1x, https:\/\/i0.wp.com\/langlegal.be\/wp-content\/uploads\/2017\/07\/Eric-G%C3%A9rald-Lang-avocat-lawyer-cabinet-de-droit-fiscal-belge-Belgian-tax-law-firm-1.jpeg?fit=1200%2C800&ssl=1&resize=525%2C300 1.5x, https:\/\/i0.wp.com\/langlegal.be\/wp-content\/uploads\/2017\/07\/Eric-G%C3%A9rald-Lang-avocat-lawyer-cabinet-de-droit-fiscal-belge-Belgian-tax-law-firm-1.jpeg?fit=1200%2C800&ssl=1&resize=700%2C400 2x, https:\/\/i0.wp.com\/langlegal.be\/wp-content\/uploads\/2017\/07\/Eric-G%C3%A9rald-Lang-avocat-lawyer-cabinet-de-droit-fiscal-belge-Belgian-tax-law-firm-1.jpeg?fit=1200%2C800&ssl=1&resize=1050%2C600 3x"},"classes":[]},{"id":526,"url":"https:\/\/langlegal.be\/index.php\/en\/publications-2\/","url_meta":{"origin":429,"position":5},"title":"Publications","author":"Lang Legal","date":"19 juillet 2017","format":false,"excerpt":"Publications : 2025\/12 - E.-G. Lang, \"La non-d\u00e9ductibilit\u00e9 des pertes fiscales en cas de redressement : ce dispositif qui devrait \u00eatre limit\u00e9 au seul calcul des accroissements ?\", R.G.F.C.P., 2025\/10, pp. 37-44. 2023\/01 - E.-G. Lang, \"L\u2019exon\u00e9ration du pr\u00e9compte immobilier pour improductivit\u00e9 en R\u00e9gion bruxelloise : retour sur sa lente\u2026","rel":"","context":"Article similaire","block_context":{"text":"Article similaire","link":""},"img":{"alt_text":"Eric-G\u00e9rald Lang - avocat - lawyer - droit fiscal - tax law - gratuit - free - publications","src":"https:\/\/i0.wp.com\/langlegal.be\/wp-content\/uploads\/2017\/06\/Eric-G%C3%A9rald-Lang-avocat-lawyer-droit-fiscal-tax-law-gratuit-free-publications.jpg?fit=1024%2C768&ssl=1&resize=350%2C200","width":350,"height":200,"srcset":"https:\/\/i0.wp.com\/langlegal.be\/wp-content\/uploads\/2017\/06\/Eric-G%C3%A9rald-Lang-avocat-lawyer-droit-fiscal-tax-law-gratuit-free-publications.jpg?fit=1024%2C768&ssl=1&resize=350%2C200 1x, https:\/\/i0.wp.com\/langlegal.be\/wp-content\/uploads\/2017\/06\/Eric-G%C3%A9rald-Lang-avocat-lawyer-droit-fiscal-tax-law-gratuit-free-publications.jpg?fit=1024%2C768&ssl=1&resize=525%2C300 1.5x, https:\/\/i0.wp.com\/langlegal.be\/wp-content\/uploads\/2017\/06\/Eric-G%C3%A9rald-Lang-avocat-lawyer-droit-fiscal-tax-law-gratuit-free-publications.jpg?fit=1024%2C768&ssl=1&resize=700%2C400 2x"},"classes":[]}],"_links":{"self":[{"href":"https:\/\/langlegal.be\/index.php\/wp-json\/wp\/v2\/pages\/429","targetHints":{"allow":["GET"]}}],"collection":[{"href":"https:\/\/langlegal.be\/index.php\/wp-json\/wp\/v2\/pages"}],"about":[{"href":"https:\/\/langlegal.be\/index.php\/wp-json\/wp\/v2\/types\/page"}],"author":[{"embeddable":true,"href":"https:\/\/langlegal.be\/index.php\/wp-json\/wp\/v2\/users\/1"}],"replies":[{"embeddable":true,"href":"https:\/\/langlegal.be\/index.php\/wp-json\/wp\/v2\/comments?post=429"}],"version-history":[{"count":7,"href":"https:\/\/langlegal.be\/index.php\/wp-json\/wp\/v2\/pages\/429\/revisions"}],"predecessor-version":[{"id":1487,"href":"https:\/\/langlegal.be\/index.php\/wp-json\/wp\/v2\/pages\/429\/revisions\/1487"}],"wp:featuredmedia":[{"embeddable":true,"href":"https:\/\/langlegal.be\/index.php\/wp-json\/wp\/v2\/media\/286"}],"wp:attachment":[{"href":"https:\/\/langlegal.be\/index.php\/wp-json\/wp\/v2\/media?parent=429"}],"curies":[{"name":"wp","href":"https:\/\/api.w.org\/{rel}","templated":true}]}}