{"id":512,"date":"2017-07-18T23:05:15","date_gmt":"2017-07-18T21:05:15","guid":{"rendered":"http:\/\/langlegal.be\/?page_id=512"},"modified":"2018-11-14T16:02:08","modified_gmt":"2018-11-14T15:02:08","slug":"disclaimer-2","status":"publish","type":"page","link":"https:\/\/langlegal.be\/index.php\/disclaimer-2\/","title":{"rendered":"Disclaimer"},"content":{"rendered":"<a href=\"http:\/\/langlegal.be\/wp-content\/uploads\/2018\/11\/CONDITIONS-GENERALES-FR-v.-181101.pdf\">Conditions g\u00e9n\u00e9rales<\/a> | <a href=\"http:\/\/langlegal.be\/wp-content\/uploads\/2018\/11\/CONDITIONS-GENERALES-ENG-v.-181101.pdf\">General conditions<\/a> | Disclaimer (<a href=\"http:\/\/langlegal.be\/wp-content\/uploads\/2017\/07\/Termes-dutilisation-FR-v.-170719.pdf\">FR<\/a> \/ <a href=\"http:\/\/langlegal.be\/wp-content\/uploads\/2017\/07\/Termes-dutilisation-ENG-v.-170719.pdf\">ENG<\/a>)","protected":false},"excerpt":{"rendered":"<p>Conditions g\u00e9n\u00e9rales | General conditions | Disclaimer (FR \/ ENG)<\/p>\n","protected":false},"author":1,"featured_media":0,"parent":0,"menu_order":0,"comment_status":"closed","ping_status":"closed","template":"","meta":{"_acf_changed":false,"footnotes":""},"class_list":["post-512","page","type-page","status-publish","hentry"],"acf":[],"rise-blocks_excerpt":"Conditions g\u00e9n\u00e9rales | General conditions | Disclaimer (FR \/ ENG)","yoast_head":"<!-- This site is optimized with the Yoast SEO plugin v26.1.1 - https:\/\/yoast.com\/wordpress\/plugins\/seo\/ -->\n<title>Disclaimer | LANG LEGAL<\/title>\n<meta name=\"robots\" content=\"index, follow, max-snippet:-1, max-image-preview:large, max-video-preview:-1\" \/>\n<link rel=\"canonical\" href=\"https:\/\/langlegal.be\/index.php\/disclaimer-2\/\" \/>\n<meta property=\"og:locale\" content=\"fr_FR\" \/>\n<meta property=\"og:type\" content=\"article\" \/>\n<meta property=\"og:title\" content=\"Disclaimer | LANG LEGAL\" \/>\n<meta property=\"og:description\" content=\"Conditions g\u00e9n\u00e9rales | General conditions | Disclaimer (FR \/ ENG)\" \/>\n<meta property=\"og:url\" content=\"https:\/\/langlegal.be\/index.php\/disclaimer-2\/\" \/>\n<meta property=\"og:site_name\" content=\"LANG LEGAL\" \/>\n<meta property=\"article:modified_time\" content=\"2018-11-14T15:02:08+00:00\" \/>\n<meta name=\"twitter:card\" content=\"summary_large_image\" \/>\n<script type=\"application\/ld+json\" class=\"yoast-schema-graph\">{\"@context\":\"https:\/\/schema.org\",\"@graph\":[{\"@type\":\"WebPage\",\"@id\":\"https:\/\/langlegal.be\/index.php\/disclaimer-2\/\",\"url\":\"https:\/\/langlegal.be\/index.php\/disclaimer-2\/\",\"name\":\"Disclaimer | LANG LEGAL\",\"isPartOf\":{\"@id\":\"https:\/\/langlegal.be\/#website\"},\"datePublished\":\"2017-07-18T21:05:15+00:00\",\"dateModified\":\"2018-11-14T15:02:08+00:00\",\"breadcrumb\":{\"@id\":\"https:\/\/langlegal.be\/index.php\/disclaimer-2\/#breadcrumb\"},\"inLanguage\":\"fr-FR\",\"potentialAction\":[{\"@type\":\"ReadAction\",\"target\":[\"https:\/\/langlegal.be\/index.php\/disclaimer-2\/\"]}]},{\"@type\":\"BreadcrumbList\",\"@id\":\"https:\/\/langlegal.be\/index.php\/disclaimer-2\/#breadcrumb\",\"itemListElement\":[{\"@type\":\"ListItem\",\"position\":1,\"name\":\"Accueil\",\"item\":\"http:\/\/langlegal.be\/\"},{\"@type\":\"ListItem\",\"position\":2,\"name\":\"Disclaimer\"}]},{\"@type\":\"WebSite\",\"@id\":\"https:\/\/langlegal.be\/#website\",\"url\":\"https:\/\/langlegal.be\/\",\"name\":\"LANG LEGAL | Cabinet de droit fiscal\",\"description\":\"Cabinet de droit fiscal\",\"potentialAction\":[{\"@type\":\"SearchAction\",\"target\":{\"@type\":\"EntryPoint\",\"urlTemplate\":\"https:\/\/langlegal.be\/?s={search_term_string}\"},\"query-input\":{\"@type\":\"PropertyValueSpecification\",\"valueRequired\":true,\"valueName\":\"search_term_string\"}}],\"inLanguage\":\"fr-FR\"}]}<\/script>\n<!-- \/ Yoast SEO plugin. -->","yoast_head_json":{"title":"Disclaimer | LANG LEGAL","robots":{"index":"index","follow":"follow","max-snippet":"max-snippet:-1","max-image-preview":"max-image-preview:large","max-video-preview":"max-video-preview:-1"},"canonical":"https:\/\/langlegal.be\/index.php\/disclaimer-2\/","og_locale":"fr_FR","og_type":"article","og_title":"Disclaimer | LANG LEGAL","og_description":"Conditions g\u00e9n\u00e9rales | General conditions | Disclaimer (FR \/ ENG)","og_url":"https:\/\/langlegal.be\/index.php\/disclaimer-2\/","og_site_name":"LANG LEGAL","article_modified_time":"2018-11-14T15:02:08+00:00","twitter_card":"summary_large_image","schema":{"@context":"https:\/\/schema.org","@graph":[{"@type":"WebPage","@id":"https:\/\/langlegal.be\/index.php\/disclaimer-2\/","url":"https:\/\/langlegal.be\/index.php\/disclaimer-2\/","name":"Disclaimer | LANG LEGAL","isPartOf":{"@id":"https:\/\/langlegal.be\/#website"},"datePublished":"2017-07-18T21:05:15+00:00","dateModified":"2018-11-14T15:02:08+00:00","breadcrumb":{"@id":"https:\/\/langlegal.be\/index.php\/disclaimer-2\/#breadcrumb"},"inLanguage":"fr-FR","potentialAction":[{"@type":"ReadAction","target":["https:\/\/langlegal.be\/index.php\/disclaimer-2\/"]}]},{"@type":"BreadcrumbList","@id":"https:\/\/langlegal.be\/index.php\/disclaimer-2\/#breadcrumb","itemListElement":[{"@type":"ListItem","position":1,"name":"Accueil","item":"http:\/\/langlegal.be\/"},{"@type":"ListItem","position":2,"name":"Disclaimer"}]},{"@type":"WebSite","@id":"https:\/\/langlegal.be\/#website","url":"https:\/\/langlegal.be\/","name":"LANG LEGAL | Cabinet de droit fiscal","description":"Cabinet de droit fiscal","potentialAction":[{"@type":"SearchAction","target":{"@type":"EntryPoint","urlTemplate":"https:\/\/langlegal.be\/?s={search_term_string}"},"query-input":{"@type":"PropertyValueSpecification","valueRequired":true,"valueName":"search_term_string"}}],"inLanguage":"fr-FR"}]}},"jetpack_sharing_enabled":true,"jetpack_shortlink":"https:\/\/wp.me\/P8S14n-8g","jetpack-related-posts":[{"id":448,"url":"https:\/\/langlegal.be\/index.php\/disclaimer\/","url_meta":{"origin":512,"position":0},"title":"Disclaimer","author":"Lang Legal","date":"17 juillet 2017","format":false,"excerpt":"","rel":"","context":"Article similaire","block_context":{"text":"Article similaire","link":""},"img":{"alt_text":"","src":"","width":0,"height":0},"classes":[]},{"id":127,"url":"https:\/\/langlegal.be\/index.php\/honoraires\/","url_meta":{"origin":512,"position":1},"title":"Honoraires","author":"Lang Legal","date":"24 juin 2017","format":false,"excerpt":"Notre cabinet entend conserver une taille limit\u00e9e afin d'offrir des solutions flexibles et selon les besoins du client ; \u00e0 cette fin, diff\u00e9rentes formules sont envisageables : Taux horaire : il s'agit de la formule tarifaire de base, o\u00f9 les honoraires sont factur\u00e9s \u00e0 un taux horaire \u00e0 convenir en\u2026","rel":"","context":"Article similaire","block_context":{"text":"Article similaire","link":""},"img":{"alt_text":"Eric-G\u00e9rald Lang - avocat - lawyer - droit fiscal - tax law - gratuit - free - honoraires","src":"https:\/\/i0.wp.com\/langlegal.be\/wp-content\/uploads\/2017\/06\/Eric-G%C3%A9rald-Lang-avocat-lawyer-droit-fiscal-tax-law-gratuit-free-honoraires.jpg?fit=1200%2C410&ssl=1&resize=350%2C200","width":350,"height":200,"srcset":"https:\/\/i0.wp.com\/langlegal.be\/wp-content\/uploads\/2017\/06\/Eric-G%C3%A9rald-Lang-avocat-lawyer-droit-fiscal-tax-law-gratuit-free-honoraires.jpg?fit=1200%2C410&ssl=1&resize=350%2C200 1x, https:\/\/i0.wp.com\/langlegal.be\/wp-content\/uploads\/2017\/06\/Eric-G%C3%A9rald-Lang-avocat-lawyer-droit-fiscal-tax-law-gratuit-free-honoraires.jpg?fit=1200%2C410&ssl=1&resize=525%2C300 1.5x, https:\/\/i0.wp.com\/langlegal.be\/wp-content\/uploads\/2017\/06\/Eric-G%C3%A9rald-Lang-avocat-lawyer-droit-fiscal-tax-law-gratuit-free-honoraires.jpg?fit=1200%2C410&ssl=1&resize=700%2C400 2x, https:\/\/i0.wp.com\/langlegal.be\/wp-content\/uploads\/2017\/06\/Eric-G%C3%A9rald-Lang-avocat-lawyer-droit-fiscal-tax-law-gratuit-free-honoraires.jpg?fit=1200%2C410&ssl=1&resize=1050%2C600 3x"},"classes":[]},{"id":12,"url":"https:\/\/langlegal.be\/index.php\/matieres\/","url_meta":{"origin":512,"position":2},"title":"Expertise","author":"Lang Legal","date":"23 juin 2017","format":false,"excerpt":"Fort d'une expertise de plus de 15 ans dans le domaine, LANG LEGAL est exclusivement centr\u00e9 sur la pratique du droit fiscal, particuli\u00e8rement la fiscalit\u00e9 des affaires. Ayant pratiqu\u00e9 tant les imp\u00f4ts directs qu'indirects, notre objectif est d'appr\u00e9hender chaque transaction dans la globalit\u00e9 de ses cons\u00e9quences fiscales actuelles et futures.\u2026","rel":"","context":"Article similaire","block_context":{"text":"Article similaire","link":""},"img":{"alt_text":"Eric-G\u00e9rald Lang - droit fiscal - tva - vat - Belgian tax law","src":"https:\/\/i0.wp.com\/langlegal.be\/wp-content\/uploads\/2017\/07\/Eric-G%C3%A9rald-Lang-droit-fiscal-tva-vat-Belgian-tax-law.jpg?fit=1200%2C545&ssl=1&resize=350%2C200","width":350,"height":200,"srcset":"https:\/\/i0.wp.com\/langlegal.be\/wp-content\/uploads\/2017\/07\/Eric-G%C3%A9rald-Lang-droit-fiscal-tva-vat-Belgian-tax-law.jpg?fit=1200%2C545&ssl=1&resize=350%2C200 1x, https:\/\/i0.wp.com\/langlegal.be\/wp-content\/uploads\/2017\/07\/Eric-G%C3%A9rald-Lang-droit-fiscal-tva-vat-Belgian-tax-law.jpg?fit=1200%2C545&ssl=1&resize=525%2C300 1.5x, https:\/\/i0.wp.com\/langlegal.be\/wp-content\/uploads\/2017\/07\/Eric-G%C3%A9rald-Lang-droit-fiscal-tva-vat-Belgian-tax-law.jpg?fit=1200%2C545&ssl=1&resize=700%2C400 2x, https:\/\/i0.wp.com\/langlegal.be\/wp-content\/uploads\/2017\/07\/Eric-G%C3%A9rald-Lang-droit-fiscal-tva-vat-Belgian-tax-law.jpg?fit=1200%2C545&ssl=1&resize=1050%2C600 3x"},"classes":[]},{"id":10,"url":"https:\/\/langlegal.be\/index.php\/apropos\/","url_meta":{"origin":512,"position":3},"title":"\u00c0 propos","author":"Lang Legal","date":"23 juin 2017","format":false,"excerpt":"LANG LEGAL\u00a0| Eric-G\u00e9rald Lang | avocatCabinet de droit fiscal BCE | TVA BE 0816.373.972 chauss\u00e9e de Waterloo 1135 (rez) 1180 BruxellesBelgique t. +32 (0) 227 51 07 | m. +32 (0) 2 477 569 867 info@langlegal.be | eric-gerald.lang@langlegal.be","rel":"","context":"Article similaire","block_context":{"text":"Article similaire","link":""},"img":{"alt_text":"Eric-G\u00e9rald Lang - avocat - lawyer - droit fiscal - tax law - tax shelter - tva - VAT - fiscaliste - contact","src":"https:\/\/i0.wp.com\/langlegal.be\/wp-content\/uploads\/2017\/06\/Eric-G%C3%A9rald-Lang-avocat-lawyer-droit-fiscal-tax-law-tax-shelter-tva-VAT-fiscaliste-contact.jpg?fit=1024%2C682&ssl=1&resize=350%2C200","width":350,"height":200,"srcset":"https:\/\/i0.wp.com\/langlegal.be\/wp-content\/uploads\/2017\/06\/Eric-G%C3%A9rald-Lang-avocat-lawyer-droit-fiscal-tax-law-tax-shelter-tva-VAT-fiscaliste-contact.jpg?fit=1024%2C682&ssl=1&resize=350%2C200 1x, https:\/\/i0.wp.com\/langlegal.be\/wp-content\/uploads\/2017\/06\/Eric-G%C3%A9rald-Lang-avocat-lawyer-droit-fiscal-tax-law-tax-shelter-tva-VAT-fiscaliste-contact.jpg?fit=1024%2C682&ssl=1&resize=525%2C300 1.5x, https:\/\/i0.wp.com\/langlegal.be\/wp-content\/uploads\/2017\/06\/Eric-G%C3%A9rald-Lang-avocat-lawyer-droit-fiscal-tax-law-tax-shelter-tva-VAT-fiscaliste-contact.jpg?fit=1024%2C682&ssl=1&resize=700%2C400 2x"},"classes":[]},{"id":1158,"url":"https:\/\/langlegal.be\/index.php\/none\/","url_meta":{"origin":512,"position":4},"title":"none","author":"Lang Legal","date":"17 d\u00e9cembre 2019","format":false,"excerpt":"","rel":"","context":"Article similaire","block_context":{"text":"Article similaire","link":""},"img":{"alt_text":"","src":"","width":0,"height":0},"classes":[]},{"id":475,"url":"https:\/\/langlegal.be\/index.php\/articles\/","url_meta":{"origin":512,"position":5},"title":"Actualit\u00e9s","author":"Lang Legal","date":"17 juillet 2017","format":false,"excerpt":"","rel":"","context":"Article similaire","block_context":{"text":"Article similaire","link":""},"img":{"alt_text":"","src":"","width":0,"height":0},"classes":[]}],"_links":{"self":[{"href":"https:\/\/langlegal.be\/index.php\/wp-json\/wp\/v2\/pages\/512","targetHints":{"allow":["GET"]}}],"collection":[{"href":"https:\/\/langlegal.be\/index.php\/wp-json\/wp\/v2\/pages"}],"about":[{"href":"https:\/\/langlegal.be\/index.php\/wp-json\/wp\/v2\/types\/page"}],"author":[{"embeddable":true,"href":"https:\/\/langlegal.be\/index.php\/wp-json\/wp\/v2\/users\/1"}],"replies":[{"embeddable":true,"href":"https:\/\/langlegal.be\/index.php\/wp-json\/wp\/v2\/comments?post=512"}],"version-history":[{"count":3,"href":"https:\/\/langlegal.be\/index.php\/wp-json\/wp\/v2\/pages\/512\/revisions"}],"predecessor-version":[{"id":1081,"href":"https:\/\/langlegal.be\/index.php\/wp-json\/wp\/v2\/pages\/512\/revisions\/1081"}],"wp:attachment":[{"href":"https:\/\/langlegal.be\/index.php\/wp-json\/wp\/v2\/media?parent=512"}],"curies":[{"name":"wp","href":"https:\/\/api.w.org\/{rel}","templated":true}]}}