{"id":90,"date":"2017-06-23T19:23:00","date_gmt":"2017-06-23T18:23:00","guid":{"rendered":"http:\/\/langlegal.be\/?page_id=90"},"modified":"2025-03-30T14:32:17","modified_gmt":"2025-03-30T12:32:17","slug":"avocat","status":"publish","type":"page","link":"https:\/\/langlegal.be\/index.php\/avocat\/","title":{"rendered":"Avocat"},"content":{"rendered":"<div class=\"wp-block-image\">\n<figure class=\"alignleft\"><img data-recalc-dims=\"1\" loading=\"lazy\" decoding=\"async\" width=\"212\" height=\"300\" data-attachment-id=\"842\" data-permalink=\"https:\/\/langlegal.be\/index.php\/en\/lawyer\/egl1-d-rectif-nb-2\/\" data-orig-file=\"https:\/\/i0.wp.com\/langlegal.be\/wp-content\/uploads\/2018\/03\/EGL1-d-rectif.-nb-1.jpg?fit=800%2C1131&amp;ssl=1\" data-orig-size=\"800,1131\" data-comments-opened=\"0\" data-image-meta=\"{&quot;aperture&quot;:&quot;3.5&quot;,&quot;credit&quot;:&quot;&quot;,&quot;camera&quot;:&quot;NIKON D810&quot;,&quot;caption&quot;:&quot;&quot;,&quot;created_timestamp&quot;:&quot;1520965062&quot;,&quot;copyright&quot;:&quot;&quot;,&quot;focal_length&quot;:&quot;200&quot;,&quot;iso&quot;:&quot;64&quot;,&quot;shutter_speed&quot;:&quot;0.00625&quot;,&quot;title&quot;:&quot;&quot;,&quot;orientation&quot;:&quot;1&quot;}\" data-image-title=\"EGL1 &amp;#8211; d &amp;#8211; rectif. &amp;#8211; nb\" data-image-description=\"&lt;p&gt;Lawyer &amp;#8211; Belgian tax law &amp;#8211; Brussels&lt;\/p&gt;\n\" data-image-caption=\"\" data-medium-file=\"https:\/\/i0.wp.com\/langlegal.be\/wp-content\/uploads\/2018\/03\/EGL1-d-rectif.-nb-1.jpg?fit=212%2C300&amp;ssl=1\" data-large-file=\"https:\/\/i0.wp.com\/langlegal.be\/wp-content\/uploads\/2018\/03\/EGL1-d-rectif.-nb-1.jpg?fit=640%2C905&amp;ssl=1\" src=\"https:\/\/i0.wp.com\/langlegal.be\/wp-content\/uploads\/2018\/03\/EGL1-d-rectif.-nb-1.jpg?resize=212%2C300\" alt=\"\" class=\"wp-image-842\" srcset=\"https:\/\/i0.wp.com\/langlegal.be\/wp-content\/uploads\/2018\/03\/EGL1-d-rectif.-nb-1.jpg?resize=212%2C300&amp;ssl=1 212w, https:\/\/i0.wp.com\/langlegal.be\/wp-content\/uploads\/2018\/03\/EGL1-d-rectif.-nb-1.jpg?resize=768%2C1086&amp;ssl=1 768w, https:\/\/i0.wp.com\/langlegal.be\/wp-content\/uploads\/2018\/03\/EGL1-d-rectif.-nb-1.jpg?resize=700%2C990&amp;ssl=1 700w, https:\/\/i0.wp.com\/langlegal.be\/wp-content\/uploads\/2018\/03\/EGL1-d-rectif.-nb-1.jpg?w=800&amp;ssl=1 800w\" sizes=\"auto, (max-width: 212px) 100vw, 212px\" \/><\/figure>\n<\/div>\n\n\n<p><span style=\"color: #78161a;\"><\/span><span style=\"color: #78161a;\">Eric-G\u00e9rald Lang<\/span> pratique le droit fiscal depuis plus de <span style=\"color: #000000;\"><span style=\"color: #78161a;\">15 ans<\/span><\/span><span style=\"color: #000000;\">.<\/span> Depuis ces ann\u00e9es, il assiste tant des particuliers que des PME ou des grandes entreprises de divers secteurs et sur des questions fiscales de toute nature.<\/p>\n\n\n\n<p>Son expertise couvre plus particuli\u00e8rement l&rsquo;ensemble de la fiscalit\u00e9 touchant au domaine des <span style=\"color: #78161a;\"><strong><a href=\"http:\/\/langlegal.be\/index.php\/matieres\">affaires<\/a><\/strong><\/span>, ce qui concerne notamment l&rsquo;<span style=\"color: #78161a;\"><strong><a href=\"http:\/\/langlegal.be\/index.php\/matieres\">imp\u00f4t des soci\u00e9t\u00e9s<\/a><\/strong><\/span>, les r\u00e9organisations, op\u00e9rations sur le capital, les plans d&rsquo;options, la <span style=\"color: #78161a;\"><a href=\"http:\/\/langlegal.be\/index.php\/matieres\">fiscalit\u00e9 internationale<\/a><\/span>, ainsi que la <span style=\"color: #78161a;\"><strong><a href=\"http:\/\/langlegal.be\/index.php\/matieres\">fiscalit\u00e9 immobili\u00e8re<\/a><\/strong><\/span>&nbsp;et la <span style=\"color: #78161a;\"><strong><a href=\"http:\/\/langlegal.be\/index.php\/matieres\">TVA<\/a><\/strong><\/span>. Il dispose en outre d&rsquo;une expertise particuli\u00e8re en mati\u00e8re de <span style=\"color: #78161a;\"><strong><a href=\"http:\/\/langlegal.be\/index.php\/matieres\">valorisation de l&rsquo;usufruit<\/a><\/strong><\/span>, de <strong><a href=\"http:\/\/langlegal.be\/index.php\/matieres\">d\u00e9cisions anticip\u00e9es<\/a><\/strong> et de<span style=\"color: #78161a;\"><strong><a href=\"http:\/\/langlegal.be\/index.php\/matieres\">tax shelter<\/a><\/strong><\/span> (pour les start-ups et pour l&rsquo;audiovisuel et arts de la sc\u00e8ne).<\/p>\n\n\n\n<p>Il est \u00e9galement l&rsquo;auteur de <span style=\"color: #78161a;\"><strong><a href=\"http:\/\/langlegal.be\/index.php\/publications\">publications<\/a><\/strong><\/span> r\u00e9guli\u00e8res ainsi qu&rsquo;un orateur dans ces domaines.<\/p>\n\n\n\n<p>Eric-G\u00e9rald Lang est admis au Barreau de Bruxelles depuis 2007.&nbsp; &nbsp;Avant de lancer son cabinet sous la d\u00e9nomination \u00ab\u00a0LANG LEGAL\u00a0\u00bb (2017), il a exerc\u00e9 comme avocat dans le d\u00e9partement fiscal du cabinet NautaDutilh (2007-2012) et contribu\u00e9 \u00e0 la cr\u00e9ation de celui de Strelia (2013-2017), deux cabinets d&rsquo;affaires reconnus.<\/p>\n\n\n\n<p>Il a \u00e9t\u00e9 coop\u00e9rateur de Scale Up SCRL (2018-2022) et aid\u00e9 en tant qu&rsquo;administrateur au lancement de Good Food Fund SCRL (2021 &#8211; 2023), deux fonds actifs dans l&rsquo;alimentation en circuit-court et\/ou durable.<\/p>\n\n\n\n<p>Eric-G\u00e9rald Lang est dipl\u00f4m\u00e9 en droit aupr\u00e8s de l\u2019Universit\u00e9 Libre de Bruxelles (2005 | distinction) et dispose d&rsquo;un Dipl\u00f4me d&rsquo;Etudes Sp\u00e9cialis\u00e9es (DES) en Droit fiscal aupr\u00e8s de cette m\u00eame universit\u00e9 (2006 | grande distinction).<\/p>\n","protected":false},"excerpt":{"rendered":"<p>Eric-G\u00e9rald Lang pratique le droit fiscal depuis plus de 15 ans. Depuis ces ann\u00e9es, il assiste tant des particuliers que des PME ou des grandes entreprises de divers secteurs et sur des questions fiscales de toute nature. Son expertise couvre plus particuli\u00e8rement l&rsquo;ensemble de la fiscalit\u00e9 touchant au domaine des affaires, ce qui concerne notamment [&hellip;]<\/p>\n","protected":false},"author":1,"featured_media":0,"parent":0,"menu_order":0,"comment_status":"closed","ping_status":"closed","template":"","meta":{"_acf_changed":false,"footnotes":""},"class_list":["post-90","page","type-page","status-publish","hentry"],"acf":[],"rise-blocks_excerpt":"Eric-G\u00e9rald Lang pratique le droit fiscal depuis plus de 15 ans. Depuis ces ann\u00e9es, il assiste tant des particuliers que des PME ou des grandes entreprises de divers secteurs et sur des questions fiscales de toute nature. Son expertise couvre plus particuli\u00e8rement l&rsquo;ensemble de la fiscalit\u00e9 touchant au domaine des affaires, ce qui concerne notamment l&rsquo;imp\u00f4t des soci\u00e9t\u00e9s, les r\u00e9organisations,..","yoast_head":"<!-- This site is optimized with the Yoast SEO plugin v26.1.1 - https:\/\/yoast.com\/wordpress\/plugins\/seo\/ -->\n<title>LANG LEGAL | Eric-G\u00e9rald Lang - Avocat<\/title>\n<meta name=\"robots\" content=\"index, follow, max-snippet:-1, max-image-preview:large, max-video-preview:-1\" \/>\n<link rel=\"canonical\" href=\"https:\/\/langlegal.be\/index.php\/avocat\/\" \/>\n<meta property=\"og:locale\" content=\"fr_FR\" \/>\n<meta property=\"og:type\" content=\"article\" \/>\n<meta property=\"og:title\" content=\"LANG LEGAL | Eric-G\u00e9rald Lang - Avocat\" \/>\n<meta property=\"og:description\" content=\"Eric-G\u00e9rald Lang pratique le droit fiscal depuis plus de 15 ans. Depuis ces ann\u00e9es, il assiste tant des particuliers que des PME ou des grandes entreprises de divers secteurs et sur des questions fiscales de toute nature. Son expertise couvre plus particuli\u00e8rement l&rsquo;ensemble de la fiscalit\u00e9 touchant au domaine des affaires, ce qui concerne notamment [&hellip;]\" \/>\n<meta property=\"og:url\" content=\"https:\/\/langlegal.be\/index.php\/avocat\/\" \/>\n<meta property=\"og:site_name\" content=\"LANG LEGAL\" \/>\n<meta property=\"article:modified_time\" content=\"2025-03-30T12:32:17+00:00\" \/>\n<meta property=\"og:image\" content=\"http:\/\/langlegal.be\/wp-content\/uploads\/2018\/03\/EGL1-d-rectif.-nb-1-212x300.jpg\" \/>\n<meta name=\"twitter:card\" content=\"summary_large_image\" \/>\n<meta name=\"twitter:label1\" content=\"Dur\u00e9e de lecture estim\u00e9e\" \/>\n\t<meta name=\"twitter:data1\" content=\"2 minutes\" \/>\n<script type=\"application\/ld+json\" class=\"yoast-schema-graph\">{\"@context\":\"https:\/\/schema.org\",\"@graph\":[{\"@type\":\"WebPage\",\"@id\":\"https:\/\/langlegal.be\/index.php\/avocat\/\",\"url\":\"https:\/\/langlegal.be\/index.php\/avocat\/\",\"name\":\"LANG LEGAL | Eric-G\u00e9rald Lang - Avocat\",\"isPartOf\":{\"@id\":\"https:\/\/langlegal.be\/#website\"},\"primaryImageOfPage\":{\"@id\":\"https:\/\/langlegal.be\/index.php\/avocat\/#primaryimage\"},\"image\":{\"@id\":\"https:\/\/langlegal.be\/index.php\/avocat\/#primaryimage\"},\"thumbnailUrl\":\"http:\/\/langlegal.be\/wp-content\/uploads\/2018\/03\/EGL1-d-rectif.-nb-1-212x300.jpg\",\"datePublished\":\"2017-06-23T18:23:00+00:00\",\"dateModified\":\"2025-03-30T12:32:17+00:00\",\"breadcrumb\":{\"@id\":\"https:\/\/langlegal.be\/index.php\/avocat\/#breadcrumb\"},\"inLanguage\":\"fr-FR\",\"potentialAction\":[{\"@type\":\"ReadAction\",\"target\":[\"https:\/\/langlegal.be\/index.php\/avocat\/\"]}]},{\"@type\":\"ImageObject\",\"inLanguage\":\"fr-FR\",\"@id\":\"https:\/\/langlegal.be\/index.php\/avocat\/#primaryimage\",\"url\":\"https:\/\/i0.wp.com\/langlegal.be\/wp-content\/uploads\/2018\/03\/EGL1-d-rectif.-nb-1.jpg?fit=800%2C1131&ssl=1\",\"contentUrl\":\"https:\/\/i0.wp.com\/langlegal.be\/wp-content\/uploads\/2018\/03\/EGL1-d-rectif.-nb-1.jpg?fit=800%2C1131&ssl=1\",\"width\":800,\"height\":1131},{\"@type\":\"BreadcrumbList\",\"@id\":\"https:\/\/langlegal.be\/index.php\/avocat\/#breadcrumb\",\"itemListElement\":[{\"@type\":\"ListItem\",\"position\":1,\"name\":\"Accueil\",\"item\":\"http:\/\/langlegal.be\/\"},{\"@type\":\"ListItem\",\"position\":2,\"name\":\"Avocat\"}]},{\"@type\":\"WebSite\",\"@id\":\"https:\/\/langlegal.be\/#website\",\"url\":\"https:\/\/langlegal.be\/\",\"name\":\"LANG LEGAL | Cabinet de droit fiscal\",\"description\":\"Cabinet de droit fiscal\",\"potentialAction\":[{\"@type\":\"SearchAction\",\"target\":{\"@type\":\"EntryPoint\",\"urlTemplate\":\"https:\/\/langlegal.be\/?s={search_term_string}\"},\"query-input\":{\"@type\":\"PropertyValueSpecification\",\"valueRequired\":true,\"valueName\":\"search_term_string\"}}],\"inLanguage\":\"fr-FR\"}]}<\/script>\n<!-- \/ Yoast SEO plugin. -->","yoast_head_json":{"title":"LANG LEGAL | Eric-G\u00e9rald Lang - Avocat","robots":{"index":"index","follow":"follow","max-snippet":"max-snippet:-1","max-image-preview":"max-image-preview:large","max-video-preview":"max-video-preview:-1"},"canonical":"https:\/\/langlegal.be\/index.php\/avocat\/","og_locale":"fr_FR","og_type":"article","og_title":"LANG LEGAL | Eric-G\u00e9rald Lang - Avocat","og_description":"Eric-G\u00e9rald Lang pratique le droit fiscal depuis plus de 15 ans. Depuis ces ann\u00e9es, il assiste tant des particuliers que des PME ou des grandes entreprises de divers secteurs et sur des questions fiscales de toute nature. Son expertise couvre plus particuli\u00e8rement l&rsquo;ensemble de la fiscalit\u00e9 touchant au domaine des affaires, ce qui concerne notamment [&hellip;]","og_url":"https:\/\/langlegal.be\/index.php\/avocat\/","og_site_name":"LANG LEGAL","article_modified_time":"2025-03-30T12:32:17+00:00","og_image":[{"url":"http:\/\/langlegal.be\/wp-content\/uploads\/2018\/03\/EGL1-d-rectif.-nb-1-212x300.jpg","type":"","width":"","height":""}],"twitter_card":"summary_large_image","twitter_misc":{"Dur\u00e9e de lecture estim\u00e9e":"2 minutes"},"schema":{"@context":"https:\/\/schema.org","@graph":[{"@type":"WebPage","@id":"https:\/\/langlegal.be\/index.php\/avocat\/","url":"https:\/\/langlegal.be\/index.php\/avocat\/","name":"LANG LEGAL | Eric-G\u00e9rald Lang - Avocat","isPartOf":{"@id":"https:\/\/langlegal.be\/#website"},"primaryImageOfPage":{"@id":"https:\/\/langlegal.be\/index.php\/avocat\/#primaryimage"},"image":{"@id":"https:\/\/langlegal.be\/index.php\/avocat\/#primaryimage"},"thumbnailUrl":"http:\/\/langlegal.be\/wp-content\/uploads\/2018\/03\/EGL1-d-rectif.-nb-1-212x300.jpg","datePublished":"2017-06-23T18:23:00+00:00","dateModified":"2025-03-30T12:32:17+00:00","breadcrumb":{"@id":"https:\/\/langlegal.be\/index.php\/avocat\/#breadcrumb"},"inLanguage":"fr-FR","potentialAction":[{"@type":"ReadAction","target":["https:\/\/langlegal.be\/index.php\/avocat\/"]}]},{"@type":"ImageObject","inLanguage":"fr-FR","@id":"https:\/\/langlegal.be\/index.php\/avocat\/#primaryimage","url":"https:\/\/i0.wp.com\/langlegal.be\/wp-content\/uploads\/2018\/03\/EGL1-d-rectif.-nb-1.jpg?fit=800%2C1131&ssl=1","contentUrl":"https:\/\/i0.wp.com\/langlegal.be\/wp-content\/uploads\/2018\/03\/EGL1-d-rectif.-nb-1.jpg?fit=800%2C1131&ssl=1","width":800,"height":1131},{"@type":"BreadcrumbList","@id":"https:\/\/langlegal.be\/index.php\/avocat\/#breadcrumb","itemListElement":[{"@type":"ListItem","position":1,"name":"Accueil","item":"http:\/\/langlegal.be\/"},{"@type":"ListItem","position":2,"name":"Avocat"}]},{"@type":"WebSite","@id":"https:\/\/langlegal.be\/#website","url":"https:\/\/langlegal.be\/","name":"LANG LEGAL | Cabinet de droit fiscal","description":"Cabinet de droit fiscal","potentialAction":[{"@type":"SearchAction","target":{"@type":"EntryPoint","urlTemplate":"https:\/\/langlegal.be\/?s={search_term_string}"},"query-input":{"@type":"PropertyValueSpecification","valueRequired":true,"valueName":"search_term_string"}}],"inLanguage":"fr-FR"}]}},"jetpack_sharing_enabled":true,"jetpack_shortlink":"https:\/\/wp.me\/P8S14n-1s","jetpack-related-posts":[{"id":12,"url":"https:\/\/langlegal.be\/index.php\/matieres\/","url_meta":{"origin":90,"position":0},"title":"Expertise","author":"Lang Legal","date":"23 juin 2017","format":false,"excerpt":"Fort d'une expertise de plus de 15 ans dans le domaine, LANG LEGAL est exclusivement centr\u00e9 sur la pratique du droit fiscal, particuli\u00e8rement la fiscalit\u00e9 des affaires. Ayant pratiqu\u00e9 tant les imp\u00f4ts directs qu'indirects, notre objectif est d'appr\u00e9hender chaque transaction dans la globalit\u00e9 de ses cons\u00e9quences fiscales actuelles et futures.\u2026","rel":"","context":"Article similaire","block_context":{"text":"Article similaire","link":""},"img":{"alt_text":"Eric-G\u00e9rald Lang - droit fiscal - tva - vat - Belgian tax law","src":"https:\/\/i0.wp.com\/langlegal.be\/wp-content\/uploads\/2017\/07\/Eric-G%C3%A9rald-Lang-droit-fiscal-tva-vat-Belgian-tax-law.jpg?fit=1200%2C545&ssl=1&resize=350%2C200","width":350,"height":200,"srcset":"https:\/\/i0.wp.com\/langlegal.be\/wp-content\/uploads\/2017\/07\/Eric-G%C3%A9rald-Lang-droit-fiscal-tva-vat-Belgian-tax-law.jpg?fit=1200%2C545&ssl=1&resize=350%2C200 1x, https:\/\/i0.wp.com\/langlegal.be\/wp-content\/uploads\/2017\/07\/Eric-G%C3%A9rald-Lang-droit-fiscal-tva-vat-Belgian-tax-law.jpg?fit=1200%2C545&ssl=1&resize=525%2C300 1.5x, https:\/\/i0.wp.com\/langlegal.be\/wp-content\/uploads\/2017\/07\/Eric-G%C3%A9rald-Lang-droit-fiscal-tva-vat-Belgian-tax-law.jpg?fit=1200%2C545&ssl=1&resize=700%2C400 2x, https:\/\/i0.wp.com\/langlegal.be\/wp-content\/uploads\/2017\/07\/Eric-G%C3%A9rald-Lang-droit-fiscal-tva-vat-Belgian-tax-law.jpg?fit=1200%2C545&ssl=1&resize=1050%2C600 3x"},"classes":[]},{"id":151,"url":"https:\/\/langlegal.be\/index.php\/formulaire\/","url_meta":{"origin":90,"position":1},"title":"Contact","author":"Lang Legal","date":"24 juin 2017","format":false,"excerpt":"LANG LEGAL\u00a0| Eric-G\u00e9rald Lang | avocatCabinet de droit fiscal BCE | TVA BE 0816.373.972 chauss\u00e9e de Waterloo 1135 (rez) [Vert Chasseur]1180 BruxellesBelgique t. +32 (0) ) 2 227 51 07 | m. +32 (0) 477 569 867 | info@langlegal.be | eric-gerald.lang@langlegal.be FORMULAIRE : Vous pouvez \u00e9galement prendre contact\u00a0via le formulaire\u2026","rel":"","context":"Article similaire","block_context":{"text":"Article similaire","link":""},"img":{"alt_text":"Eric-G\u00e9rald Lang - avocat - lawyer - droit fiscal - tax law - tax shelter - tva - VAT - fiscaliste - contact","src":"https:\/\/i0.wp.com\/langlegal.be\/wp-content\/uploads\/2017\/06\/Eric-G%C3%A9rald-Lang-avocat-lawyer-droit-fiscal-tax-law-tax-shelter-tva-VAT-fiscaliste-contact.jpg?fit=1024%2C682&ssl=1&resize=350%2C200","width":350,"height":200,"srcset":"https:\/\/i0.wp.com\/langlegal.be\/wp-content\/uploads\/2017\/06\/Eric-G%C3%A9rald-Lang-avocat-lawyer-droit-fiscal-tax-law-tax-shelter-tva-VAT-fiscaliste-contact.jpg?fit=1024%2C682&ssl=1&resize=350%2C200 1x, https:\/\/i0.wp.com\/langlegal.be\/wp-content\/uploads\/2017\/06\/Eric-G%C3%A9rald-Lang-avocat-lawyer-droit-fiscal-tax-law-tax-shelter-tva-VAT-fiscaliste-contact.jpg?fit=1024%2C682&ssl=1&resize=525%2C300 1.5x, https:\/\/i0.wp.com\/langlegal.be\/wp-content\/uploads\/2017\/06\/Eric-G%C3%A9rald-Lang-avocat-lawyer-droit-fiscal-tax-law-tax-shelter-tva-VAT-fiscaliste-contact.jpg?fit=1024%2C682&ssl=1&resize=700%2C400 2x"},"classes":[]},{"id":10,"url":"https:\/\/langlegal.be\/index.php\/apropos\/","url_meta":{"origin":90,"position":2},"title":"\u00c0 propos","author":"Lang Legal","date":"23 juin 2017","format":false,"excerpt":"LANG LEGAL\u00a0| Eric-G\u00e9rald Lang | avocatCabinet de droit fiscal BCE | TVA BE 0816.373.972 chauss\u00e9e de Waterloo 1135 (rez) 1180 BruxellesBelgique t. +32 (0) 227 51 07 | m. +32 (0) 2 477 569 867 info@langlegal.be | eric-gerald.lang@langlegal.be","rel":"","context":"Article similaire","block_context":{"text":"Article similaire","link":""},"img":{"alt_text":"Eric-G\u00e9rald Lang - avocat - lawyer - droit fiscal - tax law - tax shelter - tva - VAT - fiscaliste - contact","src":"https:\/\/i0.wp.com\/langlegal.be\/wp-content\/uploads\/2017\/06\/Eric-G%C3%A9rald-Lang-avocat-lawyer-droit-fiscal-tax-law-tax-shelter-tva-VAT-fiscaliste-contact.jpg?fit=1024%2C682&ssl=1&resize=350%2C200","width":350,"height":200,"srcset":"https:\/\/i0.wp.com\/langlegal.be\/wp-content\/uploads\/2017\/06\/Eric-G%C3%A9rald-Lang-avocat-lawyer-droit-fiscal-tax-law-tax-shelter-tva-VAT-fiscaliste-contact.jpg?fit=1024%2C682&ssl=1&resize=350%2C200 1x, https:\/\/i0.wp.com\/langlegal.be\/wp-content\/uploads\/2017\/06\/Eric-G%C3%A9rald-Lang-avocat-lawyer-droit-fiscal-tax-law-tax-shelter-tva-VAT-fiscaliste-contact.jpg?fit=1024%2C682&ssl=1&resize=525%2C300 1.5x, https:\/\/i0.wp.com\/langlegal.be\/wp-content\/uploads\/2017\/06\/Eric-G%C3%A9rald-Lang-avocat-lawyer-droit-fiscal-tax-law-tax-shelter-tva-VAT-fiscaliste-contact.jpg?fit=1024%2C682&ssl=1&resize=700%2C400 2x"},"classes":[]},{"id":13,"url":"https:\/\/langlegal.be\/","url_meta":{"origin":90,"position":3},"title":"Bienvenue chez Lang Legal","author":"Lang Legal","date":"23 juin 2017","format":false,"excerpt":"LANG LEGAL est un cabinet d'avocat fond\u00e9 en 2017 \u00e0 Bruxelles, et d\u00e9di\u00e9 \u00e0 la pratique du droit fiscal. Son objectif est de fournir une assistance personnelle et rigoureuse \u00e0 chaque client, dans un cadre moderne, sobre et efficace.","rel":"","context":"Article similaire","block_context":{"text":"Article similaire","link":""},"img":{"alt_text":"Eric-G\u00e9rald Lang - avocat - lawyer - droit fiscal - tax law","src":"https:\/\/i0.wp.com\/langlegal.be\/wp-content\/uploads\/2017\/06\/Eric-G%C3%A9rald-Lang-avocat-lawyer-droit-fiscal-tax-law.jpg?fit=1200%2C800&ssl=1&resize=350%2C200","width":350,"height":200,"srcset":"https:\/\/i0.wp.com\/langlegal.be\/wp-content\/uploads\/2017\/06\/Eric-G%C3%A9rald-Lang-avocat-lawyer-droit-fiscal-tax-law.jpg?fit=1200%2C800&ssl=1&resize=350%2C200 1x, https:\/\/i0.wp.com\/langlegal.be\/wp-content\/uploads\/2017\/06\/Eric-G%C3%A9rald-Lang-avocat-lawyer-droit-fiscal-tax-law.jpg?fit=1200%2C800&ssl=1&resize=525%2C300 1.5x, https:\/\/i0.wp.com\/langlegal.be\/wp-content\/uploads\/2017\/06\/Eric-G%C3%A9rald-Lang-avocat-lawyer-droit-fiscal-tax-law.jpg?fit=1200%2C800&ssl=1&resize=700%2C400 2x, https:\/\/i0.wp.com\/langlegal.be\/wp-content\/uploads\/2017\/06\/Eric-G%C3%A9rald-Lang-avocat-lawyer-droit-fiscal-tax-law.jpg?fit=1200%2C800&ssl=1&resize=1050%2C600 3x"},"classes":[]},{"id":9,"url":"https:\/\/langlegal.be\/index.php\/publications\/","url_meta":{"origin":90,"position":4},"title":"Publications","author":"Lang Legal","date":"23 juin 2017","format":false,"excerpt":"Publications : 2025\/12 - E.-G. Lang, \"La non-d\u00e9ductibilit\u00e9 des pertes fiscales en cas de redressement : ce dispositif qui devrait \u00eatre limit\u00e9 au seul calcul des accroissements ?\", R.G.F.C.P., 2025\/10, pp. 37-44. 2023\/01 - E.-G. Lang, \"L\u2019exon\u00e9ration du pr\u00e9compte immobilier pour improductivit\u00e9 en R\u00e9gion bruxelloise : retour sur sa lente\u2026","rel":"","context":"Article similaire","block_context":{"text":"Article similaire","link":""},"img":{"alt_text":"Eric-G\u00e9rald Lang - avocat - lawyer - droit fiscal - tax law - gratuit - free - publications","src":"https:\/\/i0.wp.com\/langlegal.be\/wp-content\/uploads\/2017\/06\/Eric-G%C3%A9rald-Lang-avocat-lawyer-droit-fiscal-tax-law-gratuit-free-publications.jpg?fit=1024%2C768&ssl=1&resize=350%2C200","width":350,"height":200,"srcset":"https:\/\/i0.wp.com\/langlegal.be\/wp-content\/uploads\/2017\/06\/Eric-G%C3%A9rald-Lang-avocat-lawyer-droit-fiscal-tax-law-gratuit-free-publications.jpg?fit=1024%2C768&ssl=1&resize=350%2C200 1x, https:\/\/i0.wp.com\/langlegal.be\/wp-content\/uploads\/2017\/06\/Eric-G%C3%A9rald-Lang-avocat-lawyer-droit-fiscal-tax-law-gratuit-free-publications.jpg?fit=1024%2C768&ssl=1&resize=525%2C300 1.5x, https:\/\/i0.wp.com\/langlegal.be\/wp-content\/uploads\/2017\/06\/Eric-G%C3%A9rald-Lang-avocat-lawyer-droit-fiscal-tax-law-gratuit-free-publications.jpg?fit=1024%2C768&ssl=1&resize=700%2C400 2x"},"classes":[]},{"id":371,"url":"https:\/\/langlegal.be\/index.php\/expertise-2\/","url_meta":{"origin":90,"position":5},"title":"Ind\u00e9pendance","author":"Lang Legal","date":"12 juillet 2017","format":false,"excerpt":"Le cabinet LANG LEGAL traduit une volont\u00e9 d' ind\u00e9pendance, avec une taille et des frais limit\u00e9s, pour demeurer proche de ses clients. Cette libert\u00e9 lui permet de leur fournir un service direct et sur mesure en fiscalit\u00e9, avec leurs sp\u00e9cialistes habituels ou ceux de son r\u00e9seau pour d'autres mati\u00e8res.","rel":"","context":"Article similaire","block_context":{"text":"Article similaire","link":""},"img":{"alt_text":"Eric-G\u00e9rald Lang - avocat - lawyer - cabinet de droit fiscal belge - Belgian tax law firm","src":"https:\/\/i0.wp.com\/langlegal.be\/wp-content\/uploads\/2017\/07\/Eric-G%C3%A9rald-Lang-avocat-lawyer-cabinet-de-droit-fiscal-belge-Belgian-tax-law-firm-1.jpeg?fit=1200%2C800&ssl=1&resize=350%2C200","width":350,"height":200,"srcset":"https:\/\/i0.wp.com\/langlegal.be\/wp-content\/uploads\/2017\/07\/Eric-G%C3%A9rald-Lang-avocat-lawyer-cabinet-de-droit-fiscal-belge-Belgian-tax-law-firm-1.jpeg?fit=1200%2C800&ssl=1&resize=350%2C200 1x, https:\/\/i0.wp.com\/langlegal.be\/wp-content\/uploads\/2017\/07\/Eric-G%C3%A9rald-Lang-avocat-lawyer-cabinet-de-droit-fiscal-belge-Belgian-tax-law-firm-1.jpeg?fit=1200%2C800&ssl=1&resize=525%2C300 1.5x, https:\/\/i0.wp.com\/langlegal.be\/wp-content\/uploads\/2017\/07\/Eric-G%C3%A9rald-Lang-avocat-lawyer-cabinet-de-droit-fiscal-belge-Belgian-tax-law-firm-1.jpeg?fit=1200%2C800&ssl=1&resize=700%2C400 2x, https:\/\/i0.wp.com\/langlegal.be\/wp-content\/uploads\/2017\/07\/Eric-G%C3%A9rald-Lang-avocat-lawyer-cabinet-de-droit-fiscal-belge-Belgian-tax-law-firm-1.jpeg?fit=1200%2C800&ssl=1&resize=1050%2C600 3x"},"classes":[]}],"_links":{"self":[{"href":"https:\/\/langlegal.be\/index.php\/wp-json\/wp\/v2\/pages\/90","targetHints":{"allow":["GET"]}}],"collection":[{"href":"https:\/\/langlegal.be\/index.php\/wp-json\/wp\/v2\/pages"}],"about":[{"href":"https:\/\/langlegal.be\/index.php\/wp-json\/wp\/v2\/types\/page"}],"author":[{"embeddable":true,"href":"https:\/\/langlegal.be\/index.php\/wp-json\/wp\/v2\/users\/1"}],"replies":[{"embeddable":true,"href":"https:\/\/langlegal.be\/index.php\/wp-json\/wp\/v2\/comments?post=90"}],"version-history":[{"count":34,"href":"https:\/\/langlegal.be\/index.php\/wp-json\/wp\/v2\/pages\/90\/revisions"}],"predecessor-version":[{"id":1468,"href":"https:\/\/langlegal.be\/index.php\/wp-json\/wp\/v2\/pages\/90\/revisions\/1468"}],"wp:attachment":[{"href":"https:\/\/langlegal.be\/index.php\/wp-json\/wp\/v2\/media?parent=90"}],"curies":[{"name":"wp","href":"https:\/\/api.w.org\/{rel}","templated":true}]}}